{"id":9937,"date":"2022-12-14T11:11:10","date_gmt":"2022-12-14T10:11:10","guid":{"rendered":"https:\/\/fh-staging.vengo.cloud\/?product=rebstock-geschnitten-pro-stuck"},"modified":"2025-11-10T10:23:08","modified_gmt":"2025-11-10T09:23:08","slug":"baton-de-riz-coupe-par-piece","status":"publish","type":"product","link":"https:\/\/fh-staging.vengo.cloud\/fr-ch\/p\/rebstock-geschnitten-pro-stuck","title":{"rendered":"Cep de vigne coup\u00e9 1 pi\u00e8ce"},"content":{"rendered":"<p><strong>Morceaux de vigne s\u00e9ch\u00e9s<br \/>\n<\/strong><br \/>\nLes morceaux de vigne s\u00e9ch\u00e9e attirent l'attention et apportent un peu de nature directement dans ta maison. Chaque pi\u00e8ce est unique et raconte l'histoire de la viticulture dans sa forme la plus authentique. Les formes artistiquement enchev\u00eatr\u00e9es et sinueuses des vignes en font un objet de d\u00e9coration fascinant.<\/p>\n<p>Que ce soit en tant qu'\u00e9l\u00e9ment central sur ta table \u00e0 manger, \u00e9parpill\u00e9 sur un buffet ou en tant que compl\u00e9ment cr\u00e9atif \u00e0 des compositions florales, ces morceaux de vigne ajoutent une touche rustique et terreuse \u00e0 n'importe quelle pi\u00e8ce. Gr\u00e2ce aux nuances et aux textures naturelles, ils s'harmonisent \u00e0 merveille avec diff\u00e9rents styles d'int\u00e9rieur, du moderne au classique.<\/p>\n<p>De plus, la nature robuste des sarments les rend durables et polyvalents. Tu peux aussi utiliser les morceaux en combinaison avec des bougies, des r\u00e9cipients en verre ou d'autres mat\u00e9riaux naturels pour cr\u00e9er des d\u00e9corations personnalis\u00e9es.<\/p>","protected":false},"excerpt":{"rendered":"<p>Les morceaux de vigne s\u00e9ch\u00e9e attirent l'attention.<\/p>","protected":false},"featured_media":48964,"template":"","meta":[],"product_brand":[],"product_cat":[29,23,1178,1196,909,914,911],"product_tag":[289],"woo-feed-brand":[],"class_list":{"0":"post-9937","1":"product","2":"type-product","3":"status-publish","4":"has-post-thumbnail","6":"product_cat-do-it-yourself","7":"product_cat-home-living","8":"product_cat-diy","9":"product_cat-natur-deko","10":"product_cat-weihnachten","11":"product_cat-wintergruen","12":"product_cat-accessoires","13":"product_tag-blumengarten-kung-ag","15":"first","16":"instock","17":"taxable","18":"shipping-taxable","19":"purchasable","20":"product-type-simple"},"_links":{"self":[{"href":"https:\/\/fh-staging.vengo.cloud\/fr-ch\/wp-json\/wp\/v2\/product\/9937","targetHints":{"allow":["GET"]}}],"collection":[{"href":"https:\/\/fh-staging.vengo.cloud\/fr-ch\/wp-json\/wp\/v2\/product"}],"about":[{"href":"https:\/\/fh-staging.vengo.cloud\/fr-ch\/wp-json\/wp\/v2\/types\/product"}],"wp:featuredmedia":[{"embeddable":true,"href":"https:\/\/fh-staging.vengo.cloud\/fr-ch\/wp-json\/wp\/v2\/media\/48964"}],"wp:attachment":[{"href":"https:\/\/fh-staging.vengo.cloud\/fr-ch\/wp-json\/wp\/v2\/media?parent=9937"}],"wp:term":[{"taxonomy":"product_brand","embeddable":true,"href":"https:\/\/fh-staging.vengo.cloud\/fr-ch\/wp-json\/wp\/v2\/product_brand?post=9937"},{"taxonomy":"product_cat","embeddable":true,"href":"https:\/\/fh-staging.vengo.cloud\/fr-ch\/wp-json\/wp\/v2\/product_cat?post=9937"},{"taxonomy":"product_tag","embeddable":true,"href":"https:\/\/fh-staging.vengo.cloud\/fr-ch\/wp-json\/wp\/v2\/product_tag?post=9937"},{"taxonomy":"woo-feed-brand","embeddable":true,"href":"https:\/\/fh-staging.vengo.cloud\/fr-ch\/wp-json\/wp\/v2\/woo-feed-brand?post=9937"}],"curies":[{"name":"wp","href":"https:\/\/api.w.org\/{rel}","templated":true}]}}