{"id":9862,"date":"2022-12-10T15:24:30","date_gmt":"2022-12-10T15:24:30","guid":{"rendered":"https:\/\/fh-staging.vengo.cloud\/?product=romantisches-rosenherz-mit-diamant"},"modified":"2025-04-01T06:14:28","modified_gmt":"2025-04-01T04:14:28","slug":"coeur-de-rose-romantique-avec-diamant","status":"publish","type":"product","link":"https:\/\/fh-staging.vengo.cloud\/fr-ch\/p\/romantisches-rosenherz-mit-diamant","title":{"rendered":"C\u0153ur de rose romantique avec \"diamant"},"content":{"rendered":"<p style=\"text-align: left\">Ce magnifique, \u00e9l\u00e9gant et romantique c\u0153ur de rose (fleurs textiles) en rouge est d\u00e9cor\u00e9 d'un ruban et d'un \"diamant\" en verre. Il convient comme cadeau d'amour en toute occasion, que ce soit pour un mariage, la Saint-Valentin, la f\u00eate des m\u00e8res, un anniversaire ou \"juste comme \u00e7a\".<\/p>\n<p style=\"text-align: left\"><strong>Veuillez consulter nos conseils d'entretien :\u00a0<\/strong><\/p>\n<p style=\"text-align: left\">Ces roses, comme toutes les fleurs artificielles, n'ont besoin ni de soins ni d'eau. Elles fleurissent pendant des ann\u00e9es, tout simplement. C'est \u00e0 temp\u00e9rature ambiante et dans des endroits ombrag\u00e9s que nos fleurs artificielles durent le plus longtemps.<\/p>\n<p style=\"text-align: left\"><strong>Les fleurs artificielles peuvent perdre leur forme et leur couleur si tu les laisses :\u00a0<\/strong><\/p>\n<p style=\"text-align: left\">arrose (n'arrose surtout pas), manipule souvent ou grossi\u00e8rement (enl\u00e8ve la poussi\u00e8re avec un pinceau doux), expose \u00e0 une humidit\u00e9 trop \u00e9lev\u00e9e ou \u00e0 la lumi\u00e8re directe du soleil.<\/p>\n<p style=\"text-align: left\">- Les c\u0153urs de roses en fleurs textiles &amp; mat\u00e9riaux artificiels sont compos\u00e9s individuellement par nos soins et peuvent varier dans leur disposition et leur couleur.<\/p>\n<p style=\"text-align: left\">- Pour la conception, on utilise parfois des mat\u00e9riaux de d\u00e9coration mont\u00e9s, ainsi que du bois, du fil de fer, de la colle, du raphia et d'autres aides techniques similaires, qui peuvent \u00e9galement \u00eatre visibles. Les bijoux en ruban peuvent varier. La pierre d\u00e9corative en diamant est artificielle et n'est pas un vrai diamant. Apr\u00e8s le d\u00e9ballage, arrange le ruban d\u00e9coratif pour qu'il corresponde \u00e0 la forme du c\u0153ur.<\/p>\n<p><strong>Important \u00e0 savoir<\/strong> Les p\u00e9tales de rose dispers\u00e9s sur la photo ne font pas partie du produit. Mais tu peux les commander en compl\u00e9ment. Voir la rubrique \"A assortir<strong>&#187; &#8211;<\/strong>De v\u00e9ritables p\u00e9tales de roses rouges stabilis\u00e9es - des p\u00e9tales de roses \u00e0 saupoudrer.<\/p>\n<p style=\"text-align: left\"><strong>Attention !\u00a0<\/strong><\/p>\n<p style=\"text-align: left\">Il peut y avoir des diff\u00e9rences entre la couleur illustr\u00e9e sur le site web et la couleur r\u00e9elle. Cela en raison de l'incidence de la lumi\u00e8re, de la luminosit\u00e9 du moniteur, du r\u00e9glage du contraste, etc. De m\u00eame, la disposition des mat\u00e9riaux et des articles de d\u00e9coration peut varier.<\/p>","protected":false},"excerpt":{"rendered":"<p>Magnifique c\u0153ur de rose romantique d\u00e9cor\u00e9 d'un ruban assorti ainsi que d'un \"diamant\" en verre. \u00d8 environ 20 cm<\/p>","protected":false},"featured_media":9863,"template":"","meta":[],"product_brand":[],"product_cat":[107,23,1003,999,26],"product_tag":[290],"woo-feed-brand":[],"class_list":{"0":"post-9862","1":"product","2":"type-product","3":"status-publish","4":"has-post-thumbnail","6":"product_cat-kunstblumen","7":"product_cat-home-living","8":"product_cat-fuer-sie","9":"product_cat-valentinstag","10":"product_cat-blumen-pflanzen","11":"product_tag-atelier-leutwyler","13":"first","14":"instock","15":"taxable","16":"shipping-taxable","17":"purchasable","18":"product-type-simple"},"_links":{"self":[{"href":"https:\/\/fh-staging.vengo.cloud\/fr-ch\/wp-json\/wp\/v2\/product\/9862","targetHints":{"allow":["GET"]}}],"collection":[{"href":"https:\/\/fh-staging.vengo.cloud\/fr-ch\/wp-json\/wp\/v2\/product"}],"about":[{"href":"https:\/\/fh-staging.vengo.cloud\/fr-ch\/wp-json\/wp\/v2\/types\/product"}],"wp:featuredmedia":[{"embeddable":true,"href":"https:\/\/fh-staging.vengo.cloud\/fr-ch\/wp-json\/wp\/v2\/media\/9863"}],"wp:attachment":[{"href":"https:\/\/fh-staging.vengo.cloud\/fr-ch\/wp-json\/wp\/v2\/media?parent=9862"}],"wp:term":[{"taxonomy":"product_brand","embeddable":true,"href":"https:\/\/fh-staging.vengo.cloud\/fr-ch\/wp-json\/wp\/v2\/product_brand?post=9862"},{"taxonomy":"product_cat","embeddable":true,"href":"https:\/\/fh-staging.vengo.cloud\/fr-ch\/wp-json\/wp\/v2\/product_cat?post=9862"},{"taxonomy":"product_tag","embeddable":true,"href":"https:\/\/fh-staging.vengo.cloud\/fr-ch\/wp-json\/wp\/v2\/product_tag?post=9862"},{"taxonomy":"woo-feed-brand","embeddable":true,"href":"https:\/\/fh-staging.vengo.cloud\/fr-ch\/wp-json\/wp\/v2\/woo-feed-brand?post=9862"}],"curies":[{"name":"wp","href":"https:\/\/api.w.org\/{rel}","templated":true}]}}