{"id":9764,"date":"2022-11-08T15:10:10","date_gmt":"2022-11-08T14:10:10","guid":{"rendered":"https:\/\/fh-staging.vengo.cloud\/?product=laternen-kerze-santa-claus-mit-deco-set-im-vintage-stil"},"modified":"2025-10-27T13:37:29","modified_gmt":"2025-10-27T12:37:29","slug":"bougie-lanterne-saint-claus-avec-set-deco-style-vintage","status":"publish","type":"product","link":"https:\/\/fh-staging.vengo.cloud\/fr-ch\/p\/laternen-kerze-santa-claus-mit-deco-set-im-vintage-stil","title":{"rendered":"Bougie-lanterne P\u00e8re No\u00ebl avec kit d\u00e9co de style vintage"},"content":{"rendered":"<p style=\"text-align: left\"><strong>Bougie-lanterne P\u00e8re No\u00ebl avec kit d\u00e9co de style vintage<\/strong><\/p>\n<p style=\"text-align: left\"><strong>Le kit d\u00e9co comprend<\/strong><br \/>\n1 bougie-lanterne Santa Claus avec d\u00e9co de style vintage<br \/>\n1 guirlande de lutins avec des \u00e9toiles et des clochettes<br \/>\n1 boule de No\u00ebl avec motif (le motif de No\u00ebl peut varier)<\/p>\n<p><strong>Informations importantes sur le produit :<\/strong><br \/>\n- En partie, les mod\u00e8les sont fabriqu\u00e9s individuellement. C'est pourquoi, pour une m\u00eame figure et une m\u00eame bougie, le d\u00e9grad\u00e9 de couleurs, les mat\u00e9riaux de d\u00e9coration et le \u00abVintage Use Look\u00bb peuvent \u00eatre l\u00e9g\u00e8rement diff\u00e9rents (mais similaires \u00e0 l'illustration).<br \/>\n- L'exposition directe au soleil peut entra\u00eener une d\u00e9coloration de la surface<\/p>\n<p style=\"text-align: left\"><strong>Note bien<br \/>\n<\/strong>Il pourrait y avoir des diff\u00e9rences entre la couleur illustr\u00e9e sur le site web et la couleur r\u00e9elle, ceci en raison de l'incidence de la lumi\u00e8re, de la luminosit\u00e9 du moniteur, du r\u00e9glage du contraste, etc. De m\u00eame que la disposition des mat\u00e9riaux et des articles de d\u00e9coration.<\/p>\n<p style=\"text-align: left\"><strong>Attention !<br \/>\n<\/strong>Ne laisse jamais les bougies allum\u00e9es sans surveillance et tiens-les \u00e9loign\u00e9es des enfants et des animaux domestiques. Ceux-ci pourraient se br\u00fbler et renverser les bougies par inadvertance ou entrer en contact avec des substances inflammables d'une autre mani\u00e8re.<\/p>","protected":false},"excerpt":{"rendered":"<p>Bougie-lanterne Santa Claus avec d\u00e9co de style vintage \/ bougie H env. 12cm \u00d8 env. 10cm \/ guirlande de lutins avec \u00e9toiles et clochettes L env. 80cm \/ boule de No\u00ebl avec motif \u00d8 env. 8cm<\/p>","protected":false},"featured_media":9765,"template":"","meta":[],"product_brand":[],"product_cat":[30,23,909,1179,911],"product_tag":[290],"woo-feed-brand":[],"class_list":{"0":"post-9764","1":"product","2":"type-product","3":"status-publish","4":"has-post-thumbnail","6":"product_cat-deko-accessoires","7":"product_cat-home-living","8":"product_cat-weihnachten","9":"product_cat-weihnachtsdeko","10":"product_cat-accessoires","11":"product_tag-atelier-leutwyler","13":"first","14":"instock","15":"taxable","16":"shipping-taxable","17":"purchasable","18":"product-type-simple"},"_links":{"self":[{"href":"https:\/\/fh-staging.vengo.cloud\/fr-ch\/wp-json\/wp\/v2\/product\/9764","targetHints":{"allow":["GET"]}}],"collection":[{"href":"https:\/\/fh-staging.vengo.cloud\/fr-ch\/wp-json\/wp\/v2\/product"}],"about":[{"href":"https:\/\/fh-staging.vengo.cloud\/fr-ch\/wp-json\/wp\/v2\/types\/product"}],"wp:featuredmedia":[{"embeddable":true,"href":"https:\/\/fh-staging.vengo.cloud\/fr-ch\/wp-json\/wp\/v2\/media\/9765"}],"wp:attachment":[{"href":"https:\/\/fh-staging.vengo.cloud\/fr-ch\/wp-json\/wp\/v2\/media?parent=9764"}],"wp:term":[{"taxonomy":"product_brand","embeddable":true,"href":"https:\/\/fh-staging.vengo.cloud\/fr-ch\/wp-json\/wp\/v2\/product_brand?post=9764"},{"taxonomy":"product_cat","embeddable":true,"href":"https:\/\/fh-staging.vengo.cloud\/fr-ch\/wp-json\/wp\/v2\/product_cat?post=9764"},{"taxonomy":"product_tag","embeddable":true,"href":"https:\/\/fh-staging.vengo.cloud\/fr-ch\/wp-json\/wp\/v2\/product_tag?post=9764"},{"taxonomy":"woo-feed-brand","embeddable":true,"href":"https:\/\/fh-staging.vengo.cloud\/fr-ch\/wp-json\/wp\/v2\/woo-feed-brand?post=9764"}],"curies":[{"name":"wp","href":"https:\/\/api.w.org\/{rel}","templated":true}]}}