{"id":9600,"date":"2022-10-07T14:58:49","date_gmt":"2022-10-07T12:58:49","guid":{"rendered":"https:\/\/fh-staging.vengo.cloud\/?product=euphorbia-spinosa-bund-ca-800gr"},"modified":"2025-10-22T11:21:04","modified_gmt":"2025-10-22T09:21:04","slug":"euphorbia-spinosa-botte-environ-800gr","status":"publish","type":"product","link":"https:\/\/fh-staging.vengo.cloud\/fr-ch\/p\/euphorbia-spinosa-bund-ca-800gr","title":{"rendered":"Euphorbia &#8217;spinosa&#8216; Bund ca. 800gr"},"content":{"rendered":"<p><strong>Euphorbia wild - Frais d'Italie<br \/>\n<\/strong><br \/>\nL'Euphorbia spinosa, \u00e9galement connue sous le nom d'\"euphorbe sauvage\", est un produit naturel polyvalent pour les travaux floraux et les d\u00e9corations. Avec sa structure unique et son aspect frais, elle donne \u00e0 chaque arrangement un charme particulier et naturel.<\/p>\n<p><strong>D\u00e9tails du produit :<\/strong><br \/>\n- Nom botanique : Euphorbia spinosa<br \/>\n- Origine : directement frais d'Italie<br \/>\n- Utilisation : Id\u00e9al pour les couronnes, les bouquets et les d\u00e9corations cr\u00e9atives<\/p>\n<p><strong>Des indices :<\/strong><br \/>\n- Stockage : conserver dans un endroit frais et ombrag\u00e9 pour pr\u00e9server la fra\u00eecheur.<br \/>\n- Particularit\u00e9 : plante naturelle - des variations de forme et de couleur sont possibles.<\/p>\n<p><strong>Conseil<\/strong> Combine l'euphorbe sauvage avec d'autres plantes s\u00e8ches ou fra\u00eeches pour cr\u00e9er des designs harmonieux et uniques.<\/p>","protected":false},"excerpt":{"rendered":"<p>Euphorbia wild - Frais d'Italie<\/p>","protected":false},"featured_media":48957,"template":"","meta":[],"product_brand":[],"product_cat":[29,23,1178,1196,909,914,911],"product_tag":[289],"woo-feed-brand":[],"class_list":{"0":"post-9600","1":"product","2":"type-product","3":"status-publish","4":"has-post-thumbnail","6":"product_cat-do-it-yourself","7":"product_cat-home-living","8":"product_cat-diy","9":"product_cat-natur-deko","10":"product_cat-weihnachten","11":"product_cat-wintergruen","12":"product_cat-accessoires","13":"product_tag-blumengarten-kung-ag","15":"first","16":"instock","17":"taxable","18":"shipping-taxable","19":"purchasable","20":"product-type-simple"},"_links":{"self":[{"href":"https:\/\/fh-staging.vengo.cloud\/fr-ch\/wp-json\/wp\/v2\/product\/9600","targetHints":{"allow":["GET"]}}],"collection":[{"href":"https:\/\/fh-staging.vengo.cloud\/fr-ch\/wp-json\/wp\/v2\/product"}],"about":[{"href":"https:\/\/fh-staging.vengo.cloud\/fr-ch\/wp-json\/wp\/v2\/types\/product"}],"wp:featuredmedia":[{"embeddable":true,"href":"https:\/\/fh-staging.vengo.cloud\/fr-ch\/wp-json\/wp\/v2\/media\/48957"}],"wp:attachment":[{"href":"https:\/\/fh-staging.vengo.cloud\/fr-ch\/wp-json\/wp\/v2\/media?parent=9600"}],"wp:term":[{"taxonomy":"product_brand","embeddable":true,"href":"https:\/\/fh-staging.vengo.cloud\/fr-ch\/wp-json\/wp\/v2\/product_brand?post=9600"},{"taxonomy":"product_cat","embeddable":true,"href":"https:\/\/fh-staging.vengo.cloud\/fr-ch\/wp-json\/wp\/v2\/product_cat?post=9600"},{"taxonomy":"product_tag","embeddable":true,"href":"https:\/\/fh-staging.vengo.cloud\/fr-ch\/wp-json\/wp\/v2\/product_tag?post=9600"},{"taxonomy":"woo-feed-brand","embeddable":true,"href":"https:\/\/fh-staging.vengo.cloud\/fr-ch\/wp-json\/wp\/v2\/woo-feed-brand?post=9600"}],"curies":[{"name":"wp","href":"https:\/\/api.w.org\/{rel}","templated":true}]}}