{"id":9501,"date":"2022-10-04T12:45:08","date_gmt":"2022-10-04T12:45:08","guid":{"rendered":"https:\/\/fh-staging.vengo.cloud\/?product=metalldose-herz-seife-100g"},"modified":"2025-04-01T06:22:34","modified_gmt":"2025-04-01T04:22:34","slug":"boite-en-metal-savon-coeur-100g","status":"publish","type":"product","link":"https:\/\/fh-staging.vengo.cloud\/fr-ch\/p\/metalldose-herz-seife-100g","title":{"rendered":"Bo\u00eete m\u00e9tallique \"c\u0153ur\" &amp; savon 100g"},"content":{"rendered":"<p><strong>DESCRIPTION<\/strong><\/p>\n<p>Cette bo\u00eete en m\u00e9tal et le savon (100 g) en forme de c\u0153ur sont LE cadeau id\u00e9al pour ton amoureux ou ta bien-aim\u00e9e. Offre un savon d\u00e9licat au parfum de rose et une bo\u00eete joliment d\u00e9cor\u00e9e.<\/p>\n<p>Ce savon est enrichi en beurre de karit\u00e9 BIO, qui poss\u00e8de des propri\u00e9t\u00e9s adoucissantes et protectrices, et en huile d'olive de Nyons, qui prot\u00e8ge et nourrit la peau.<\/p>\n<p><strong>Conseils d'utilisation<\/strong><\/p>\n<p>Appliquer sur la peau humide. Fais mousser le savon et rince-le avec beaucoup d'eau. \u00c9vite le contact avec les yeux. En cas de contact, rince soigneusement les yeux \u00e0 l'eau claire.<\/p>\n<p>Taille : 8,2 x 7,5 x 4cm<\/p>","protected":false},"excerpt":{"rendered":"<p>Bo\u00eete m\u00e9tallique en forme de c\u0153ur et son savon parfum\u00e9 \u00e0 la rose. Un cadeau id\u00e9al pour les personnes qui te sont ch\u00e8res.<\/p>","protected":false},"featured_media":9502,"template":"","meta":[],"product_brand":[],"product_cat":[49,48],"product_tag":[905],"woo-feed-brand":[],"class_list":{"0":"post-9501","1":"product","2":"type-product","3":"status-publish","4":"has-post-thumbnail","6":"product_cat-seifen","7":"product_cat-bad-wellness","8":"product_tag-la-rose-dor","10":"first","11":"instock","12":"taxable","13":"shipping-taxable","14":"purchasable","15":"product-type-simple"},"_links":{"self":[{"href":"https:\/\/fh-staging.vengo.cloud\/fr-ch\/wp-json\/wp\/v2\/product\/9501","targetHints":{"allow":["GET"]}}],"collection":[{"href":"https:\/\/fh-staging.vengo.cloud\/fr-ch\/wp-json\/wp\/v2\/product"}],"about":[{"href":"https:\/\/fh-staging.vengo.cloud\/fr-ch\/wp-json\/wp\/v2\/types\/product"}],"wp:featuredmedia":[{"embeddable":true,"href":"https:\/\/fh-staging.vengo.cloud\/fr-ch\/wp-json\/wp\/v2\/media\/9502"}],"wp:attachment":[{"href":"https:\/\/fh-staging.vengo.cloud\/fr-ch\/wp-json\/wp\/v2\/media?parent=9501"}],"wp:term":[{"taxonomy":"product_brand","embeddable":true,"href":"https:\/\/fh-staging.vengo.cloud\/fr-ch\/wp-json\/wp\/v2\/product_brand?post=9501"},{"taxonomy":"product_cat","embeddable":true,"href":"https:\/\/fh-staging.vengo.cloud\/fr-ch\/wp-json\/wp\/v2\/product_cat?post=9501"},{"taxonomy":"product_tag","embeddable":true,"href":"https:\/\/fh-staging.vengo.cloud\/fr-ch\/wp-json\/wp\/v2\/product_tag?post=9501"},{"taxonomy":"woo-feed-brand","embeddable":true,"href":"https:\/\/fh-staging.vengo.cloud\/fr-ch\/wp-json\/wp\/v2\/woo-feed-brand?post=9501"}],"curies":[{"name":"wp","href":"https:\/\/api.w.org\/{rel}","templated":true}]}}