{"id":9439,"date":"2022-09-06T14:42:57","date_gmt":"2022-09-06T14:42:57","guid":{"rendered":"https:\/\/fh-staging.vengo.cloud\/?product=edler-rosenbar-teddy-mit-diamant-schmuckstein"},"modified":"2025-10-20T16:11:34","modified_gmt":"2025-10-20T14:11:34","slug":"noble-rosebar-teddy-avec-pierre-precieuse-en-diamant","status":"publish","type":"product","link":"https:\/\/fh-staging.vengo.cloud\/fr-ch\/p\/edler-rosenbar-teddy-mit-diamant-schmuckstein","title":{"rendered":"Noble ourson rose - Teddy avec pierre pr\u00e9cieuse \"diamant"},"content":{"rendered":"<p>L'\u00e9l\u00e9gant ourson rose (en fleurs textiles) en rouge est d\u00e9cor\u00e9 d'un ruban et d'une pierre de verre en diamant et convient comme cadeau d'amour en toute occasion, que ce soit pour un mariage, la Saint-Valentin, la f\u00eate des m\u00e8res ou \"juste comme \u00e7a\".<\/p>\n<p><strong>Merci de suivre nos conseils d'entretien :<\/strong><\/p>\n<p>Comme toutes les fleurs artificielles, les roses n'ont besoin ni de soins ni d'eau. Elles fleurissent pendant des ann\u00e9es, tout simplement. C'est \u00e0 temp\u00e9rature ambiante et dans des endroits ombrag\u00e9s que nos fleurs artificielles durent le plus longtemps.<\/p>\n<p><em>Les fleurs artificielles peuvent perdre leur forme et leur couleur si tu les laisses : <\/em><\/p>\n<ul>\n<li>arrose (n'arrose surtout pas !), manipule souvent ou grossi\u00e8rement (enl\u00e8ve la poussi\u00e8re avec un pinceau doux), expose \u00e0 une humidit\u00e9 trop \u00e9lev\u00e9e ou \u00e0 la lumi\u00e8re directe du soleil. Le transport ou l'emballage peuvent cr\u00e9er des points de pression ou les roses peuvent se d\u00e9tacher. Nous recommandons d'utiliser de l'air l\u00e9g\u00e8rement chaud provenant d'un s\u00e8che-cheveux (pas chaud !) pour redonner forme aux roses et les fixer facilement dans le support en polystyr\u00e8ne \u00e0 l'aide d'un peu de colle ou d'une \u00e9pingle.<\/li>\n<li>Les oursons roses en fleurs textiles &amp; mat\u00e9riaux artificiels sont compos\u00e9s individuellement par nos soins et peuvent varier dans leur disposition et leur couleur.<\/li>\n<\/ul>\n<p><strong>Important \u00e0 savoir<\/strong> Les p\u00e9tales de rose dispers\u00e9s sur la photo ne font pas partie du produit. Ils peuvent cependant \u00eatre command\u00e9s en compl\u00e9ment.<\/p>\n<ul>\n<li>Pour la d\u00e9coration, on utilise en partie des mat\u00e9riaux de d\u00e9coration mont\u00e9s ainsi que des aides techniques comme le bois, le fil de fer, la colle, le raphia et autres, qui peuvent \u00e9galement \u00eatre visibles. Les d\u00e9corations en ruban peuvent varier. La pierre de verre diamant\u00e9e comme d\u00e9coration est artificielle - ce n'est pas un vrai diamant.<\/li>\n<\/ul>\n<p><strong>Note bien <\/strong>Il pourrait y avoir des diff\u00e9rences entre la couleur illustr\u00e9e sur le site web et la couleur r\u00e9elle, ceci en raison de l'incidence de la lumi\u00e8re, de la luminosit\u00e9 du moniteur, du r\u00e9glage du contraste, etc. De m\u00eame que la disposition des mat\u00e9riaux et des articles de d\u00e9coration.<\/p>","protected":false},"excerpt":{"rendered":"<p>Magnifique ourson en forme de rose, d\u00e9cor\u00e9 d'un ruban assorti et d'une pierre de verre en forme de diamant. \u00d8 environ 15 cm \/ hauteur environ 20cm<\/p>","protected":false},"featured_media":36638,"template":"","meta":[],"product_brand":[],"product_cat":[107,23,1003,999,26,52,55],"product_tag":[290],"woo-feed-brand":[],"class_list":{"0":"post-9439","1":"product","2":"type-product","3":"status-publish","4":"has-post-thumbnail","6":"product_cat-kunstblumen","7":"product_cat-home-living","8":"product_cat-fuer-sie","9":"product_cat-valentinstag","10":"product_cat-blumen-pflanzen","11":"product_cat-geschenke","12":"product_cat-blumige-geschenke","13":"product_tag-atelier-leutwyler","15":"first","16":"instock","17":"featured","18":"taxable","19":"shipping-taxable","20":"purchasable","21":"product-type-simple"},"_links":{"self":[{"href":"https:\/\/fh-staging.vengo.cloud\/fr-ch\/wp-json\/wp\/v2\/product\/9439","targetHints":{"allow":["GET"]}}],"collection":[{"href":"https:\/\/fh-staging.vengo.cloud\/fr-ch\/wp-json\/wp\/v2\/product"}],"about":[{"href":"https:\/\/fh-staging.vengo.cloud\/fr-ch\/wp-json\/wp\/v2\/types\/product"}],"wp:featuredmedia":[{"embeddable":true,"href":"https:\/\/fh-staging.vengo.cloud\/fr-ch\/wp-json\/wp\/v2\/media\/36638"}],"wp:attachment":[{"href":"https:\/\/fh-staging.vengo.cloud\/fr-ch\/wp-json\/wp\/v2\/media?parent=9439"}],"wp:term":[{"taxonomy":"product_brand","embeddable":true,"href":"https:\/\/fh-staging.vengo.cloud\/fr-ch\/wp-json\/wp\/v2\/product_brand?post=9439"},{"taxonomy":"product_cat","embeddable":true,"href":"https:\/\/fh-staging.vengo.cloud\/fr-ch\/wp-json\/wp\/v2\/product_cat?post=9439"},{"taxonomy":"product_tag","embeddable":true,"href":"https:\/\/fh-staging.vengo.cloud\/fr-ch\/wp-json\/wp\/v2\/product_tag?post=9439"},{"taxonomy":"woo-feed-brand","embeddable":true,"href":"https:\/\/fh-staging.vengo.cloud\/fr-ch\/wp-json\/wp\/v2\/woo-feed-brand?post=9439"}],"curies":[{"name":"wp","href":"https:\/\/api.w.org\/{rel}","templated":true}]}}