{"id":9382,"date":"2022-08-12T11:32:01","date_gmt":"2022-08-12T11:32:01","guid":{"rendered":"https:\/\/fh-staging.vengo.cloud\/?product=trockenblumenkranz-lagurus-natur"},"modified":"2025-04-01T06:23:38","modified_gmt":"2025-04-01T04:23:38","slug":"couronne-de-fleurs-seches-lagurus-nature","status":"publish","type":"product","link":"https:\/\/fh-staging.vengo.cloud\/fr-ch\/p\/trockenblumenkranz-lagurus-natur","title":{"rendered":"Couronne de fleurs s\u00e9ch\u00e9es Lagurus nature"},"content":{"rendered":"<h3>Fleurs s\u00e9ch\u00e9es<br \/>\nLa nouvelle tendance en mati\u00e8re d'int\u00e9rieur<\/h3>\n<p>Cette ann\u00e9e, on voit plus souvent que jamais des branches et des fleurs s\u00e9ch\u00e9es. Elles ne sont pas seulement une d\u00e9coration d'automne, mais d\u00e9gagent aussi toute leur magie en \u00e9t\u00e9 : les fleurs en version s\u00e9ch\u00e9e sont tr\u00e8s \u00e0 la mode. Qu'elles soient plac\u00e9es comme porte ou comme d\u00e9coration murale \u2500 Les fleurs s\u00e9ch\u00e9es sont tout simplement magnifiques, seules ou en bouquet multicolore. L'\u00e9norme avantage par rapport aux fleurs fra\u00eeches : la d\u00e9coration de fleurs s\u00e9ch\u00e9es dure et dure et dure.<\/p>\n<p><strong>Note bien<\/strong><\/p>\n<p>- Retire soigneusement les fleurs s\u00e9ch\u00e9es du papier. Les branches s\u00e9ch\u00e9es sont plus fragiles que celles qui sont encore vertes.<\/p>\n<p>- Les fleurs s\u00e9ch\u00e9es sont un produit naturel et les couronnes sont compos\u00e9es individuellement selon la saison et peuvent donc varier dans leur disposition et leur couleur.<\/p>\n<p>- Nos fleurs s\u00e9ch\u00e9es sont en partie blanchies ou color\u00e9es. La couleur utilis\u00e9e dans la couronne mod\u00e8le (photo) peut donc varier d'une couronne \u00e0 l'autre.<\/p>\n<p>- Pour la cr\u00e9ation, on utilise en partie du fil de fer, du bambou fendu, de la colle et d'autres moyens techniques similaires qui peuvent \u00e9galement \u00eatre visibles. La couronne est li\u00e9e \u00e0 la main et peut pr\u00e9senter des irr\u00e9gularit\u00e9s dues aux diff\u00e9rentes tailles et structures naturelles des lagurus. Il est \u00e9galement possible que des pointes de graines et des \"fleurs s\u00e9ch\u00e9es\", etc. apparaissent sur la surface de la couronne (comme on peut le voir sur l'image 4).<\/p>\n<p>- Les Lagurus ont des tiges tr\u00e8s fines. M\u00eame si tu les attaches avec pr\u00e9caution, tu ne peux pas emp\u00eacher les Lagurus de glisser\/se casser de l'endroit o\u00f9 ils sont attach\u00e9s. Mais avec une fine goutte de colle, tu peux les remettre au m\u00eame endroit.<\/p>\n<p>- Il pourrait y avoir des diff\u00e9rences entre la couleur illustr\u00e9e sur le site web et la couleur r\u00e9elle, ceci en raison de l'incidence de la lumi\u00e8re, de la luminosit\u00e9 du moniteur, du r\u00e9glage du contraste, etc.<\/p>","protected":false},"excerpt":{"rendered":"<p>Fleurs s\u00e9ch\u00e9es - la nouvelle tendance en mati\u00e8re d'int\u00e9rieur ; couronne de fleurs s\u00e9ch\u00e9es avec lagurus \u00d8 env.30 cm<\/p>","protected":false},"featured_media":9383,"template":"","meta":[],"product_brand":[],"product_cat":[117,23,26],"product_tag":[290],"woo-feed-brand":[],"class_list":{"0":"post-9382","1":"product","2":"type-product","3":"status-publish","4":"has-post-thumbnail","6":"product_cat-trockenblumen","7":"product_cat-home-living","8":"product_cat-blumen-pflanzen","9":"product_tag-atelier-leutwyler","11":"first","12":"instock","13":"taxable","14":"shipping-taxable","15":"purchasable","16":"product-type-simple"},"_links":{"self":[{"href":"https:\/\/fh-staging.vengo.cloud\/fr-ch\/wp-json\/wp\/v2\/product\/9382","targetHints":{"allow":["GET"]}}],"collection":[{"href":"https:\/\/fh-staging.vengo.cloud\/fr-ch\/wp-json\/wp\/v2\/product"}],"about":[{"href":"https:\/\/fh-staging.vengo.cloud\/fr-ch\/wp-json\/wp\/v2\/types\/product"}],"wp:featuredmedia":[{"embeddable":true,"href":"https:\/\/fh-staging.vengo.cloud\/fr-ch\/wp-json\/wp\/v2\/media\/9383"}],"wp:attachment":[{"href":"https:\/\/fh-staging.vengo.cloud\/fr-ch\/wp-json\/wp\/v2\/media?parent=9382"}],"wp:term":[{"taxonomy":"product_brand","embeddable":true,"href":"https:\/\/fh-staging.vengo.cloud\/fr-ch\/wp-json\/wp\/v2\/product_brand?post=9382"},{"taxonomy":"product_cat","embeddable":true,"href":"https:\/\/fh-staging.vengo.cloud\/fr-ch\/wp-json\/wp\/v2\/product_cat?post=9382"},{"taxonomy":"product_tag","embeddable":true,"href":"https:\/\/fh-staging.vengo.cloud\/fr-ch\/wp-json\/wp\/v2\/product_tag?post=9382"},{"taxonomy":"woo-feed-brand","embeddable":true,"href":"https:\/\/fh-staging.vengo.cloud\/fr-ch\/wp-json\/wp\/v2\/woo-feed-brand?post=9382"}],"curies":[{"name":"wp","href":"https:\/\/api.w.org\/{rel}","templated":true}]}}