{"id":9187,"date":"2022-08-06T12:01:19","date_gmt":"2022-08-06T10:01:19","guid":{"rendered":"https:\/\/fh-staging.vengo.cloud\/?product=duftkerze-choose-happy"},"modified":"2025-04-01T06:25:42","modified_gmt":"2025-04-01T04:25:42","slug":"choose-happy","status":"publish","type":"product","link":"https:\/\/fh-staging.vengo.cloud\/fr-ch\/p\/choose-happy","title":{"rendered":"Choisis Happy"},"content":{"rendered":"<p>Le cadeau parfait et personnalis\u00e9 !<\/p>\n<p>Une bougie durable et v\u00e9g\u00e9talienne fabriqu\u00e9e en Suisse. Des slogans individuels pour chaque occasion. Nous utilisons de la cire de colza pure pour les bougies. Pas de paraffine, pas de plastique, pas de soja. Sans tests sur les animaux. La m\u00e8che et le couvercle sont fabriqu\u00e9s dans le m\u00eame village \u00e0 partir de bois suisse. La m\u00e8che en bois cr\u00e9e une superbe ambiance de feu de camp.<\/p>\n<p>Noble bougie parfum\u00e9e 100% naturelle (cire de colza) avec m\u00e8che en bois et couvercle en bois.<br \/>\nParfums :<br \/>\nM\u00e9lange de parfums Cosy Home (clou de girofle, cannelle, cassis, mandarine, etc.),<br \/>\nCitron embrass\u00e9 par le soleil (citron \/ lemongrass),<br \/>\nAir de la for\u00eat (feuilles d'\u00e9l\u00e9mi, clou de girofle, pin cembro, g\u00e9ranium, bois de santal, bois de c\u00e8dre)<\/p>\n<p>280 ml<\/p>\n<p>Dur\u00e9e de combustion : environ 40-50 h<\/p>","protected":false},"excerpt":{"rendered":"<p>Bougie parfum\u00e9e \u00e0 base d'ingr\u00e9dients naturels 100% avec m\u00e8che en bois suisse et couvercle en bois suisse de la menuiserie du village<\/p>","protected":false},"featured_media":37767,"template":"","meta":[],"product_brand":[],"product_cat":[116,23,28],"product_tag":[313],"woo-feed-brand":[],"class_list":{"0":"post-9187","1":"product","2":"type-product","3":"status-publish","4":"has-post-thumbnail","6":"product_cat-spruchkerzen","7":"product_cat-home-living","8":"product_cat-kerzen-lichter","9":"product_tag-chruterei-klg","11":"first","12":"instock","13":"taxable","14":"shipping-taxable","15":"purchasable","16":"product-type-variable"},"_links":{"self":[{"href":"https:\/\/fh-staging.vengo.cloud\/fr-ch\/wp-json\/wp\/v2\/product\/9187","targetHints":{"allow":["GET"]}}],"collection":[{"href":"https:\/\/fh-staging.vengo.cloud\/fr-ch\/wp-json\/wp\/v2\/product"}],"about":[{"href":"https:\/\/fh-staging.vengo.cloud\/fr-ch\/wp-json\/wp\/v2\/types\/product"}],"wp:featuredmedia":[{"embeddable":true,"href":"https:\/\/fh-staging.vengo.cloud\/fr-ch\/wp-json\/wp\/v2\/media\/37767"}],"wp:attachment":[{"href":"https:\/\/fh-staging.vengo.cloud\/fr-ch\/wp-json\/wp\/v2\/media?parent=9187"}],"wp:term":[{"taxonomy":"product_brand","embeddable":true,"href":"https:\/\/fh-staging.vengo.cloud\/fr-ch\/wp-json\/wp\/v2\/product_brand?post=9187"},{"taxonomy":"product_cat","embeddable":true,"href":"https:\/\/fh-staging.vengo.cloud\/fr-ch\/wp-json\/wp\/v2\/product_cat?post=9187"},{"taxonomy":"product_tag","embeddable":true,"href":"https:\/\/fh-staging.vengo.cloud\/fr-ch\/wp-json\/wp\/v2\/product_tag?post=9187"},{"taxonomy":"woo-feed-brand","embeddable":true,"href":"https:\/\/fh-staging.vengo.cloud\/fr-ch\/wp-json\/wp\/v2\/woo-feed-brand?post=9187"}],"curies":[{"name":"wp","href":"https:\/\/api.w.org\/{rel}","templated":true}]}}