{"id":9177,"date":"2022-07-20T16:11:36","date_gmt":"2022-07-20T16:11:36","guid":{"rendered":"https:\/\/fh-staging.vengo.cloud\/?product=tischschmuck-in-creme-weiss-und-nude"},"modified":"2025-04-01T06:25:49","modified_gmt":"2025-04-01T04:25:49","slug":"decorations-de-table-en-blanc-creme-et-nude","status":"publish","type":"product","link":"https:\/\/fh-staging.vengo.cloud\/fr-ch\/p\/tischschmuck-in-creme-weiss-und-nude","title":{"rendered":"D\u00e9coration de table en cr\u00e8me, blanc et nude"},"content":{"rendered":"<p><strong>Les d\u00e9corations de table dans ces tons sont les tendances d\u00e9coratives de la saison.<\/strong><\/p>\n<p>Avec ce cadeau tendance, la surprise sera inoubliable. Notre d\u00e9coration de table est orn\u00e9e de fleurs s\u00e9ch\u00e9es tr\u00e8s tendance.<\/p>\n<p>Le r\u00e9cipient en c\u00e9ramique peut \u00eatre utilis\u00e9 comme cadeau, accessoire d'int\u00e9rieur ou comme d\u00e9coration de table. Les fleurs s\u00e9ch\u00e9es se conservent longtemps, et la d\u00e9coration de table peut donc \u00eatre r\u00e9utilis\u00e9e toute l'ann\u00e9e pour d\u00e9corer.<\/p>\n<p>- Nous composons les r\u00e9cipients en c\u00e9ramique avec des fleurs s\u00e9ch\u00e9es individuellement et peuvent donc varier dans leur disposition et leur couleur.<\/p>\n<p>- Pour la conception, on utilise aussi en partie des mat\u00e9riaux de d\u00e9coration mont\u00e9s ainsi que, comme aides techniques, du bois, du fil de fer, de la colle, du raphia et d'autres mat\u00e9riaux similaires, qui peuvent aussi \u00eatre visibles. Le motif du r\u00e9cipient en c\u00e9ramique peut varier.<\/p>\n<p><strong>Note bien<\/strong><br \/>\nIl peut y avoir des diff\u00e9rences entre la couleur illustr\u00e9e sur le site web et la couleur r\u00e9elle. Cela en raison de l'incidence de la lumi\u00e8re, de la luminosit\u00e9 du moniteur, du r\u00e9glage du contraste, etc. De m\u00eame que la disposition \/ composition des mat\u00e9riaux et des articles de d\u00e9coration.<\/p>","protected":false},"excerpt":{"rendered":"<p>Les d\u00e9corations de table dans les tons cr\u00e8me, blanc et nude sont les tendances d\u00e9coratives de la saison. R\u00e9cipient en c\u00e9ramique avec des fleurs s\u00e9ch\u00e9es, diam\u00e8tre environ 10cm, hauteur environ 20cm<\/p>","protected":false},"featured_media":9178,"template":"","meta":[],"product_brand":[],"product_cat":[23,26],"product_tag":[290],"woo-feed-brand":[],"class_list":{"0":"post-9177","1":"product","2":"type-product","3":"status-publish","4":"has-post-thumbnail","6":"product_cat-home-living","7":"product_cat-blumen-pflanzen","8":"product_tag-atelier-leutwyler","10":"first","11":"instock","12":"taxable","13":"shipping-taxable","14":"purchasable","15":"product-type-simple"},"_links":{"self":[{"href":"https:\/\/fh-staging.vengo.cloud\/fr-ch\/wp-json\/wp\/v2\/product\/9177","targetHints":{"allow":["GET"]}}],"collection":[{"href":"https:\/\/fh-staging.vengo.cloud\/fr-ch\/wp-json\/wp\/v2\/product"}],"about":[{"href":"https:\/\/fh-staging.vengo.cloud\/fr-ch\/wp-json\/wp\/v2\/types\/product"}],"wp:featuredmedia":[{"embeddable":true,"href":"https:\/\/fh-staging.vengo.cloud\/fr-ch\/wp-json\/wp\/v2\/media\/9178"}],"wp:attachment":[{"href":"https:\/\/fh-staging.vengo.cloud\/fr-ch\/wp-json\/wp\/v2\/media?parent=9177"}],"wp:term":[{"taxonomy":"product_brand","embeddable":true,"href":"https:\/\/fh-staging.vengo.cloud\/fr-ch\/wp-json\/wp\/v2\/product_brand?post=9177"},{"taxonomy":"product_cat","embeddable":true,"href":"https:\/\/fh-staging.vengo.cloud\/fr-ch\/wp-json\/wp\/v2\/product_cat?post=9177"},{"taxonomy":"product_tag","embeddable":true,"href":"https:\/\/fh-staging.vengo.cloud\/fr-ch\/wp-json\/wp\/v2\/product_tag?post=9177"},{"taxonomy":"woo-feed-brand","embeddable":true,"href":"https:\/\/fh-staging.vengo.cloud\/fr-ch\/wp-json\/wp\/v2\/woo-feed-brand?post=9177"}],"curies":[{"name":"wp","href":"https:\/\/api.w.org\/{rel}","templated":true}]}}