{"id":9043,"date":"2022-06-14T13:58:38","date_gmt":"2022-06-14T13:58:38","guid":{"rendered":"https:\/\/fh-staging.vengo.cloud\/?product=edle-rote-stabilisierte-rose-35-cm-mit-eukalyptus-und-vase"},"modified":"2025-04-01T06:33:17","modified_gmt":"2025-04-01T04:33:17","slug":"noble-rose-rouge-stabilisee-35-cm-avec-eucalyptus-et-vase","status":"publish","type":"product","link":"https:\/\/fh-staging.vengo.cloud\/fr-ch\/p\/edle-rote-stabilisierte-rose-35-cm-mit-eukalyptus-und-vase","title":{"rendered":"Noble rose rouge stabilis\u00e9e 35 cm avec eucalyptus et vase"},"content":{"rendered":"<p>Magnifique rose unique rouge noble stabilis\u00e9e, orn\u00e9e d'une branche d'eucalyptus. La rose a \u00e9t\u00e9 stabilis\u00e9e avec une m\u00e9thode sp\u00e9ciale. (rendue durable)<\/p>\n<p>\u00c9l\u00e9gante et magnifique, cette rose individuelle rouge, authentique et noble, stabilis\u00e9e, est id\u00e9ale comme cadeau d'amour en toute occasion, que ce soit pour un mariage, la Saint-Valentin ou \"juste comme \u00e7a\". Elle convient \u00e9galement comme bijou durable et accessoire d'int\u00e9rieur.<\/p>\n<p>D\u00e9tails : t\u00eate de rose, \u00d8 environ 7 cm, longueur de la tige environ 35 cm, dur\u00e9e de vie environ 2 -3 ans.<\/p>\n<p>Vase en verre H environ 15 cm (le vase et le motif peuvent varier)<\/p>\n<p>Tu re\u00e7ois les fleurs individuellement\/ouvertes et tu peux les fa\u00e7onner dans le vase selon tes souhaits.<\/p>\n<p>Le prix se r\u00e9f\u00e8re \u00e0 une rose d\u00e9cor\u00e9e d'eucalyptus, vase inclus.<\/p>\n<p><strong>Merci de suivre nos conseils d'entretien :<\/strong><br \/>\nNos roses stabilis\u00e9es n'ont besoin ni de soins ni d'eau. Elles fleurissent pendant des ann\u00e9es, tout simplement. C'est \u00e0 temp\u00e9rature ambiante et dans des endroits ombrag\u00e9s que nos bouquets de roses stabilis\u00e9es durent le plus longtemps.<\/p>\n<p><em>Les roses peuvent perdre leur forme et leur couleur si tu les laisses :<\/em><br \/>\narrose (n'arrose surtout pas), manipule souvent ou grossi\u00e8rement (enl\u00e8ve la poussi\u00e8re avec un pinceau doux), expose \u00e0 une humidit\u00e9 trop \u00e9lev\u00e9e ou \u00e0 la lumi\u00e8re directe du soleil.<\/p>\n<p><strong>Note bien<\/strong><br \/>\nIl pourrait y avoir des diff\u00e9rences entre la couleur illustr\u00e9e sur le site web et la couleur r\u00e9elle, ceci en raison de l'incidence de la lumi\u00e8re, de la luminosit\u00e9 du moniteur, du r\u00e9glage du contraste, etc. De m\u00eame que la disposition des mat\u00e9riaux et des articles de d\u00e9coration.<\/p>","protected":false},"excerpt":{"rendered":"<p>Magnifique rose unique rouge noble stabilis\u00e9e 35 cm orn\u00e9e d'eucalyptus, vase inclus<\/p>","protected":false},"featured_media":9044,"template":"","meta":[],"product_brand":[],"product_cat":[102,23,26],"product_tag":[290],"woo-feed-brand":[],"class_list":{"0":"post-9043","1":"product","2":"type-product","3":"status-publish","4":"has-post-thumbnail","6":"product_cat-infinity-rosen","7":"product_cat-home-living","8":"product_cat-blumen-pflanzen","9":"product_tag-atelier-leutwyler","11":"first","12":"instock","13":"taxable","14":"shipping-taxable","15":"purchasable","16":"product-type-simple"},"_links":{"self":[{"href":"https:\/\/fh-staging.vengo.cloud\/fr-ch\/wp-json\/wp\/v2\/product\/9043","targetHints":{"allow":["GET"]}}],"collection":[{"href":"https:\/\/fh-staging.vengo.cloud\/fr-ch\/wp-json\/wp\/v2\/product"}],"about":[{"href":"https:\/\/fh-staging.vengo.cloud\/fr-ch\/wp-json\/wp\/v2\/types\/product"}],"wp:featuredmedia":[{"embeddable":true,"href":"https:\/\/fh-staging.vengo.cloud\/fr-ch\/wp-json\/wp\/v2\/media\/9044"}],"wp:attachment":[{"href":"https:\/\/fh-staging.vengo.cloud\/fr-ch\/wp-json\/wp\/v2\/media?parent=9043"}],"wp:term":[{"taxonomy":"product_brand","embeddable":true,"href":"https:\/\/fh-staging.vengo.cloud\/fr-ch\/wp-json\/wp\/v2\/product_brand?post=9043"},{"taxonomy":"product_cat","embeddable":true,"href":"https:\/\/fh-staging.vengo.cloud\/fr-ch\/wp-json\/wp\/v2\/product_cat?post=9043"},{"taxonomy":"product_tag","embeddable":true,"href":"https:\/\/fh-staging.vengo.cloud\/fr-ch\/wp-json\/wp\/v2\/product_tag?post=9043"},{"taxonomy":"woo-feed-brand","embeddable":true,"href":"https:\/\/fh-staging.vengo.cloud\/fr-ch\/wp-json\/wp\/v2\/woo-feed-brand?post=9043"}],"curies":[{"name":"wp","href":"https:\/\/api.w.org\/{rel}","templated":true}]}}