{"id":9030,"date":"2022-06-09T14:42:57","date_gmt":"2022-06-09T14:42:57","guid":{"rendered":"https:\/\/fh-staging.vengo.cloud\/?product=edle-rosenbox-sunset-mit-7-stabilisierten-orangen-rosen"},"modified":"2025-04-01T06:33:24","modified_gmt":"2025-04-01T04:33:24","slug":"boite-a-roses-noble-sunset-avec-7-roses-oranges-stabilisees","status":"publish","type":"product","link":"https:\/\/fh-staging.vengo.cloud\/fr-ch\/p\/edle-rosenbox-sunset-mit-7-stabilisierten-orangen-rosen","title":{"rendered":"Noble bo\u00eete \u00e0 roses \"Sunset\" avec 7 roses orange stabilis\u00e9es"},"content":{"rendered":"<p>Magnifique bo\u00eete de roses, avec de v\u00e9ritables roses orange stabilis\u00e9es (conserv\u00e9es) par une m\u00e9thode sp\u00e9ciale.<\/p>\n<p>L'\u00e9l\u00e9gante bo\u00eete Flower est un cadeau d'amour id\u00e9al en toute occasion, que ce soit pour un mariage, la Saint-Valentin, la f\u00eate des m\u00e8res ou \"juste comme \u00e7a\". La bo\u00eete a \u00e9t\u00e9 con\u00e7ue \u00e0 la main et avec beaucoup d'amour. Elle convient \u00e9galement comme bijou durable et accessoire d'int\u00e9rieur.<\/p>\n<p>D\u00e9tails : 7 roses, \u00d8 environ 15 cm, H environ 15 cm, dur\u00e9e de vie d'environ 2 \u00e0 3 ans.<\/p>\n<p>- Pour la conception, on utilise en partie des mat\u00e9riaux de d\u00e9coration mont\u00e9s ainsi que du bois, du fil de fer, de la colle, du raphia et d'autres aides techniques similaires, qui peuvent \u00e9galement \u00eatre visibles. S'il y a du ruban comme d\u00e9coration, cela peut varier. La bo\u00eete est con\u00e7ue en carton\/papier et peut pr\u00e9senter des ombres\/restes de colle et des bords en raison du processus de collage. Si la bo\u00eete est recouverte de tissu, il peut y avoir des changements de couleur\/d\u00e9coloration \u00e0 l'int\u00e9rieur du tissu.<\/p>\n<p><strong>Merci de suivre nos conseils d'entretien :<\/strong><\/p>\n<p>Nos roses stabilis\u00e9es n'ont besoin ni de soins ni d'eau. Elles fleurissent pendant des ann\u00e9es, tout simplement. C'est \u00e0 temp\u00e9rature ambiante et dans des endroits ombrag\u00e9s que nos bouquets de roses stabilis\u00e9es durent le plus longtemps.<\/p>\n<p><em>Les roses peuvent perdre leur forme et leur couleur si tu les laisses : <\/em><\/p>\n<p>arrose (n'arrose surtout pas), manipule souvent ou grossi\u00e8rement (enl\u00e8ve la poussi\u00e8re avec un pinceau doux), expose \u00e0 une humidit\u00e9 trop \u00e9lev\u00e9e ou \u00e0 la lumi\u00e8re directe du soleil.<\/p>\n<p>Chaque bo\u00eete de roses est con\u00e7ue individuellement \u00e0 la main et peut aussi diff\u00e9rer de l'image en nature.<\/p>","protected":false},"excerpt":{"rendered":"<p>Magnifique bo\u00eete de roses \u00e9l\u00e9gantes d'environ 15 cm de diam\u00e8tre avec 7 roses oranges stabilis\u00e9es, d\u00e9cor\u00e9es avec un ruban et une pierre pr\u00e9cieuse.<\/p>","protected":false},"featured_media":9031,"template":"","meta":[],"product_brand":[],"product_cat":[102,23,26],"product_tag":[290],"woo-feed-brand":[],"class_list":{"0":"post-9030","1":"product","2":"type-product","3":"status-publish","4":"has-post-thumbnail","6":"product_cat-infinity-rosen","7":"product_cat-home-living","8":"product_cat-blumen-pflanzen","9":"product_tag-atelier-leutwyler","11":"first","12":"instock","13":"taxable","14":"shipping-taxable","15":"purchasable","16":"product-type-simple"},"_links":{"self":[{"href":"https:\/\/fh-staging.vengo.cloud\/fr-ch\/wp-json\/wp\/v2\/product\/9030","targetHints":{"allow":["GET"]}}],"collection":[{"href":"https:\/\/fh-staging.vengo.cloud\/fr-ch\/wp-json\/wp\/v2\/product"}],"about":[{"href":"https:\/\/fh-staging.vengo.cloud\/fr-ch\/wp-json\/wp\/v2\/types\/product"}],"wp:featuredmedia":[{"embeddable":true,"href":"https:\/\/fh-staging.vengo.cloud\/fr-ch\/wp-json\/wp\/v2\/media\/9031"}],"wp:attachment":[{"href":"https:\/\/fh-staging.vengo.cloud\/fr-ch\/wp-json\/wp\/v2\/media?parent=9030"}],"wp:term":[{"taxonomy":"product_brand","embeddable":true,"href":"https:\/\/fh-staging.vengo.cloud\/fr-ch\/wp-json\/wp\/v2\/product_brand?post=9030"},{"taxonomy":"product_cat","embeddable":true,"href":"https:\/\/fh-staging.vengo.cloud\/fr-ch\/wp-json\/wp\/v2\/product_cat?post=9030"},{"taxonomy":"product_tag","embeddable":true,"href":"https:\/\/fh-staging.vengo.cloud\/fr-ch\/wp-json\/wp\/v2\/product_tag?post=9030"},{"taxonomy":"woo-feed-brand","embeddable":true,"href":"https:\/\/fh-staging.vengo.cloud\/fr-ch\/wp-json\/wp\/v2\/woo-feed-brand?post=9030"}],"curies":[{"name":"wp","href":"https:\/\/api.w.org\/{rel}","templated":true}]}}