{"id":8997,"date":"2022-06-02T14:20:04","date_gmt":"2022-06-02T14:20:04","guid":{"rendered":"https:\/\/fh-staging.vengo.cloud\/?product=herzbox-mit-rose-poesie-in-rot"},"modified":"2025-04-01T06:33:39","modified_gmt":"2025-04-01T04:33:39","slug":"boite-a-coeur-avec-rose-poesie-en-rouge","status":"publish","type":"product","link":"https:\/\/fh-staging.vengo.cloud\/fr-ch\/p\/herzbox-mit-rose-poesie-in-rot","title":{"rendered":"Bo\u00eete \u00e0 coeur avec rose \"Po\u00e9sie en rouge"},"content":{"rendered":"<h3 style=\"text-align: left\">Bo\u00eete \u00e0 c\u0153ur avec rose \"Po\u00e9sie en rouge\" \u00d8 env. 20cm H env. 16cm<\/h3>\n<p>Avec ce cadeau tendance, la surprise sera inoubliable. Que ce soit simplement pour la Saint-Valentin, la f\u00eate des m\u00e8res ou un anniversaire. Notre bo\u00eete est d\u00e9cor\u00e9e d'une v\u00e9ritable rose stabilis\u00e9e, de fleurs textiles et d'accessoires. Le couvercle de cette \u00e9l\u00e9gante bo\u00eete peut \u00e9galement \u00eatre r\u00e9utilis\u00e9 pour ranger de belles choses.<\/p>\n<p style=\"text-align: left\">La bo\u00eete \u00e0 fleurs peut \u00eatre utilis\u00e9e comme cadeau, accessoire d'int\u00e9rieur ou comme d\u00e9coration de table. Les branches de fleurs &amp; de verdure sont artificielles. C'est pourquoi la bo\u00eete \u00e0 fleurs peut \u00eatre r\u00e9utilis\u00e9e toute l'ann\u00e9e pour la d\u00e9coration.<\/p>\n<p>- Les bo\u00eetes \u00e0 fleurs compos\u00e9es d'une v\u00e9ritable rose stabilis\u00e9e, de fleurs textiles &amp; de mat\u00e9riaux artificiels sont compos\u00e9es individuellement par nos soins et peuvent varier en termes de disposition et de couleur.<\/p>\n<p>- Pour la conception, on utilise en partie des mat\u00e9riaux de d\u00e9coration mont\u00e9s ainsi que du bois, du fil de fer, de la colle, du raphia et d'autres aides techniques similaires, qui peuvent \u00e9galement \u00eatre visibles. La bo\u00eete est con\u00e7ue en carton\/papier et peut pr\u00e9senter des ombres\/restes de colle et des bords en raison du processus de collage. Si la bo\u00eete est recouverte de tissu, il peut y avoir des changements de couleur\/d\u00e9coloration \u00e0 l'int\u00e9rieur du tissu.<\/p>\n<p style=\"text-align: left\"><strong>Note bien<\/strong><br \/>\nIl pourrait y avoir des diff\u00e9rences entre la couleur illustr\u00e9e sur le site web et la couleur r\u00e9elle, ceci en raison de l'incidence de la lumi\u00e8re, de la luminosit\u00e9 du moniteur, du r\u00e9glage du contraste, etc. De m\u00eame que la disposition des mat\u00e9riaux et des articles de d\u00e9coration.<\/p>","protected":false},"excerpt":{"rendered":"<p>Bo\u00eete en forme de c\u0153ur avec rose \"Po\u00e9sie en rouge\" d\u00e9cor\u00e9e avec un ruban et une pierre pr\u00e9cieuse. \u00d8 env. 20cm H env. 16cm<\/p>","protected":false},"featured_media":40115,"template":"","meta":[],"product_brand":[],"product_cat":[102,23,26],"product_tag":[290],"woo-feed-brand":[],"class_list":{"0":"post-8997","1":"product","2":"type-product","3":"status-publish","4":"has-post-thumbnail","6":"product_cat-infinity-rosen","7":"product_cat-home-living","8":"product_cat-blumen-pflanzen","9":"product_tag-atelier-leutwyler","11":"first","12":"instock","13":"taxable","14":"shipping-taxable","15":"purchasable","16":"product-type-simple"},"_links":{"self":[{"href":"https:\/\/fh-staging.vengo.cloud\/fr-ch\/wp-json\/wp\/v2\/product\/8997","targetHints":{"allow":["GET"]}}],"collection":[{"href":"https:\/\/fh-staging.vengo.cloud\/fr-ch\/wp-json\/wp\/v2\/product"}],"about":[{"href":"https:\/\/fh-staging.vengo.cloud\/fr-ch\/wp-json\/wp\/v2\/types\/product"}],"wp:featuredmedia":[{"embeddable":true,"href":"https:\/\/fh-staging.vengo.cloud\/fr-ch\/wp-json\/wp\/v2\/media\/40115"}],"wp:attachment":[{"href":"https:\/\/fh-staging.vengo.cloud\/fr-ch\/wp-json\/wp\/v2\/media?parent=8997"}],"wp:term":[{"taxonomy":"product_brand","embeddable":true,"href":"https:\/\/fh-staging.vengo.cloud\/fr-ch\/wp-json\/wp\/v2\/product_brand?post=8997"},{"taxonomy":"product_cat","embeddable":true,"href":"https:\/\/fh-staging.vengo.cloud\/fr-ch\/wp-json\/wp\/v2\/product_cat?post=8997"},{"taxonomy":"product_tag","embeddable":true,"href":"https:\/\/fh-staging.vengo.cloud\/fr-ch\/wp-json\/wp\/v2\/product_tag?post=8997"},{"taxonomy":"woo-feed-brand","embeddable":true,"href":"https:\/\/fh-staging.vengo.cloud\/fr-ch\/wp-json\/wp\/v2\/woo-feed-brand?post=8997"}],"curies":[{"name":"wp","href":"https:\/\/api.w.org\/{rel}","templated":true}]}}