{"id":8964,"date":"2022-05-25T14:19:52","date_gmt":"2022-05-25T14:19:52","guid":{"rendered":"https:\/\/fh-staging.vengo.cloud\/?product=sonnenblumen-korbli-rund-o-ca-20-cm-h-ca-22-cm"},"modified":"2025-04-01T06:33:52","modified_gmt":"2025-04-01T04:33:52","slug":"corbeille-de-tournesols-ronde-o-ca-20-cm-h-ca-22-cm","status":"publish","type":"product","link":"https:\/\/fh-staging.vengo.cloud\/fr-ch\/p\/sonnenblumen-korbli-rund-o-ca-20-cm-h-ca-22-cm","title":{"rendered":"Panier de tournesols rond \u00d8 env. 20 cm H env. 22 cm"},"content":{"rendered":"<p><strong>Les corbeilles de fleurs dans ces teintes ensoleill\u00e9es sont les tendances d\u00e9coratives de la saison.<\/strong><\/p>\n<p>Avec ce cadeau tendance, la surprise sera inoubliable. Notre corbeille est con\u00e7ue avec des fleurs s\u00e9ch\u00e9es et des fleurs textiles tr\u00e8s tendance.<\/p>\n<p>La corbeille de fleurs peut \u00eatre utilis\u00e9e comme cadeau, accessoire d'int\u00e9rieur ou comme d\u00e9coration de table. Les fleurs s\u00e9ch\u00e9es et les fleurs textiles se conservent longtemps, et la corbeille de fleurs peut donc \u00eatre r\u00e9utilis\u00e9e toute l'ann\u00e9e pour la d\u00e9coration.<\/p>\n<p>- Les corbeilles de fleurs en fleurs s\u00e9ch\u00e9es, fleurs textiles &amp; mat\u00e9riaux artificiels sont compos\u00e9es individuellement par nos soins et peuvent donc varier dans leur disposition et leur couleur.<\/p>\n<p>- Pour la conception, on utilise aussi en partie des mat\u00e9riaux de d\u00e9coration mont\u00e9s ainsi que, comme aides techniques, du bois, du fil de fer, de la colle, du raphia et d'autres mat\u00e9riaux similaires qui peuvent aussi \u00eatre visibles. Le panier peut avoir des changements de couleur\/d\u00e9coloration. Le prix est par panier.<\/p>\n<p><strong>Note bien<\/strong><br \/>\nIl peut y avoir des diff\u00e9rences entre la couleur illustr\u00e9e sur le site web et la couleur r\u00e9elle. Cela en raison de l'incidence de la lumi\u00e8re, de la luminosit\u00e9 du moniteur, du r\u00e9glage du contraste, etc. De m\u00eame que la disposition \/ composition des mat\u00e9riaux et des articles de d\u00e9coration.<\/p>","protected":false},"excerpt":{"rendered":"<p>Les paniers de tournesols dans les tons jaunes avec un soup\u00e7on de lavande bleue, comme en Provence, sont les tendances d\u00e9coratives et ensoleill\u00e9es de la saison. Diam\u00e8tre du panier : 20 cm, hauteur : 22 cm.<\/p>","protected":false},"featured_media":8965,"template":"","meta":[],"product_brand":[],"product_cat":[107,23,26],"product_tag":[290],"woo-feed-brand":[],"class_list":{"0":"post-8964","1":"product","2":"type-product","3":"status-publish","4":"has-post-thumbnail","6":"product_cat-kunstblumen","7":"product_cat-home-living","8":"product_cat-blumen-pflanzen","9":"product_tag-atelier-leutwyler","11":"first","12":"instock","13":"taxable","14":"shipping-taxable","15":"purchasable","16":"product-type-simple"},"_links":{"self":[{"href":"https:\/\/fh-staging.vengo.cloud\/fr-ch\/wp-json\/wp\/v2\/product\/8964","targetHints":{"allow":["GET"]}}],"collection":[{"href":"https:\/\/fh-staging.vengo.cloud\/fr-ch\/wp-json\/wp\/v2\/product"}],"about":[{"href":"https:\/\/fh-staging.vengo.cloud\/fr-ch\/wp-json\/wp\/v2\/types\/product"}],"wp:featuredmedia":[{"embeddable":true,"href":"https:\/\/fh-staging.vengo.cloud\/fr-ch\/wp-json\/wp\/v2\/media\/8965"}],"wp:attachment":[{"href":"https:\/\/fh-staging.vengo.cloud\/fr-ch\/wp-json\/wp\/v2\/media?parent=8964"}],"wp:term":[{"taxonomy":"product_brand","embeddable":true,"href":"https:\/\/fh-staging.vengo.cloud\/fr-ch\/wp-json\/wp\/v2\/product_brand?post=8964"},{"taxonomy":"product_cat","embeddable":true,"href":"https:\/\/fh-staging.vengo.cloud\/fr-ch\/wp-json\/wp\/v2\/product_cat?post=8964"},{"taxonomy":"product_tag","embeddable":true,"href":"https:\/\/fh-staging.vengo.cloud\/fr-ch\/wp-json\/wp\/v2\/product_tag?post=8964"},{"taxonomy":"woo-feed-brand","embeddable":true,"href":"https:\/\/fh-staging.vengo.cloud\/fr-ch\/wp-json\/wp\/v2\/woo-feed-brand?post=8964"}],"curies":[{"name":"wp","href":"https:\/\/api.w.org\/{rel}","templated":true}]}}