{"id":8897,"date":"2022-04-28T16:56:28","date_gmt":"2022-04-28T14:56:28","guid":{"rendered":"https:\/\/fh-staging.vengo.cloud\/?product=geschenkset-royal"},"modified":"2025-12-02T11:31:05","modified_gmt":"2025-12-02T10:31:05","slug":"gottlieber-set-cadeau-edition-royale","status":"publish","type":"product","link":"https:\/\/fh-staging.vengo.cloud\/fr-ch\/p\/gottlieber-geschenkset-royal-edition","title":{"rendered":"Caisse en bois Gottlieber \"Royal Edition"},"content":{"rendered":"<div class=\"description\">\n<p>Une \"bo\u00eete en bois\" Gottlieber de qualit\u00e9 sup\u00e9rieure remplie de 30 bouchons de chacune des trois vari\u00e9t\u00e9s s\u00e9duisantes Amaretto, Cappuccino, Irish Cream ainsi que de 150g de mini bouchons de l'exquise garniture Black Special Grand Cru. Le cadeau parfait pour les gourmands absolus !<\/p>\n<p>Notre fourrage \u00e0 l'amaretto est compos\u00e9 d'amandes fines et de couverture fonc\u00e9e bio et \u00e9quitable, associ\u00e9es \u00e0 l'ar\u00f4me naturel d'amaretto. Cette triade cr\u00e9e un go\u00fbt d\u00e9licat d'amandes am\u00e8res, souvent associ\u00e9 \u00e0 la p\u00e2te d'amande.<\/p>\n<p>Le caf\u00e9 arabica torr\u00e9fi\u00e9 du commerce \u00e9quitable et la poudre de cacao la plus fine conf\u00e8rent \u00e0 la d\u00e9licate garniture du cappuccino le go\u00fbt du chocolat et du caf\u00e9 fra\u00eechement brass\u00e9. L'in\u00e9vitable mousse de lait pour cappuccino est ajout\u00e9e sous forme de lait en poudre bio et donne une belle couleur claire \u00e0 cette garniture de bricelets.<\/p>\n<p>Nous n'obtenons le go\u00fbt s\u00e9duisant de la liqueur de whisky cr\u00e9meuse Irish Cream qu'avec les meilleurs ingr\u00e9dients soigneusement s\u00e9lectionn\u00e9s. Pour ce remplissage premium clair, il s'agit de caf\u00e9 arabica du commerce \u00e9quitable, de cacao et de lait en poudre bio et d'un doux ar\u00f4me d'Irish Cream.<\/p>\n<p>Le cacao Nacional pousse en \u00c9quateur et compte parmi les cacaos aromatiques les plus nobles du monde. L'\"or noir\" d'Am\u00e9rique du Sud conf\u00e8re \u00e0 notre fourrage premium Black Special Grand Cru avec une teneur en cacao de 60% le go\u00fbt intense du chocolat noir le plus noble.<\/p>\n<\/div>\n<dl class=\"product-attributes\">\n<dt class=\"label\"><strong>Contenu :<\/strong><\/dt>\n<dt class=\"label\">30 bouchons d'amaretto, de cappuccino, de cr\u00e8me irlandaise<\/dt>\n<dt class=\"label\">250 g de mini bouch\u00e9es Black Special Grand Cru<\/dt>\n<dt class=\"label\"><\/dt>\n<dt class=\"label\"><\/dt>\n<dt class=\"label\"><strong>La masse : <\/strong><\/dt>\n<dt class=\"label\">220 x 300 x 110 mm<\/dt>\n<dt class=\"label\"><\/dt>\n<dt class=\"label\"><\/dt>\n<dt class=\"label\"><a href=\"https:\/\/www.gottlieber.ch\/de\/online-shop\/naehrwertinformationen\" target=\"_blank\" rel=\"noopener\">Informations nutritionnelles et conseils pour les personnes allergiques<\/a><\/dt>\n<\/dl>","protected":false},"excerpt":{"rendered":"<p>Coffret en bois\" Gottlieber rempli des quatre s\u00e9duisantes vari\u00e9t\u00e9s Royal.<\/p>","protected":false},"featured_media":8898,"template":"","meta":[],"product_brand":[],"product_cat":[114,995,984,42,885,52,54],"product_tag":[286],"woo-feed-brand":[],"class_list":{"0":"post-8897","1":"product","2":"type-product","3":"status-publish","4":"has-post-thumbnail","6":"product_cat-schokolade-sweets","7":"product_cat-essen-trinken","8":"product_cat-silvester","9":"product_cat-kueche","10":"product_cat-koestlichkeiten","11":"product_cat-geschenke","12":"product_cat-feinkost","13":"product_tag-gottlieber-spezialitaten-ag","15":"first","16":"instock","17":"taxable","18":"shipping-taxable","19":"purchasable","20":"product-type-simple"},"_links":{"self":[{"href":"https:\/\/fh-staging.vengo.cloud\/fr-ch\/wp-json\/wp\/v2\/product\/8897","targetHints":{"allow":["GET"]}}],"collection":[{"href":"https:\/\/fh-staging.vengo.cloud\/fr-ch\/wp-json\/wp\/v2\/product"}],"about":[{"href":"https:\/\/fh-staging.vengo.cloud\/fr-ch\/wp-json\/wp\/v2\/types\/product"}],"wp:featuredmedia":[{"embeddable":true,"href":"https:\/\/fh-staging.vengo.cloud\/fr-ch\/wp-json\/wp\/v2\/media\/8898"}],"wp:attachment":[{"href":"https:\/\/fh-staging.vengo.cloud\/fr-ch\/wp-json\/wp\/v2\/media?parent=8897"}],"wp:term":[{"taxonomy":"product_brand","embeddable":true,"href":"https:\/\/fh-staging.vengo.cloud\/fr-ch\/wp-json\/wp\/v2\/product_brand?post=8897"},{"taxonomy":"product_cat","embeddable":true,"href":"https:\/\/fh-staging.vengo.cloud\/fr-ch\/wp-json\/wp\/v2\/product_cat?post=8897"},{"taxonomy":"product_tag","embeddable":true,"href":"https:\/\/fh-staging.vengo.cloud\/fr-ch\/wp-json\/wp\/v2\/product_tag?post=8897"},{"taxonomy":"woo-feed-brand","embeddable":true,"href":"https:\/\/fh-staging.vengo.cloud\/fr-ch\/wp-json\/wp\/v2\/woo-feed-brand?post=8897"}],"curies":[{"name":"wp","href":"https:\/\/api.w.org\/{rel}","templated":true}]}}