{"id":8722,"date":"2022-03-23T07:57:24","date_gmt":"2022-03-23T07:57:24","guid":{"rendered":"https:\/\/fh-staging.vengo.cloud\/?product=honigkalender-seed-honey-edition"},"modified":"2025-05-12T13:54:56","modified_gmt":"2025-05-12T11:54:56","slug":"calendrier-au-miel-seed-honey-edition","status":"publish","type":"product","link":"https:\/\/fh-staging.vengo.cloud\/fr-ch\/p\/honigkalender-seed-honey-edition","title":{"rendered":"Calendrier du miel \"Seed &amp; Honey Edition"},"content":{"rendered":"<p style=\"text-align: left\">Surprends ceux qui te sont chers avec notre calendrier du miel \"Seed &amp; Honey Edition\" contenant 6 miels de qualit\u00e9 sup\u00e9rieure s\u00e9lectionn\u00e9s et 18 boules de graines \"D\u00e9lice des abeilles\".<\/p>\n<p>Dans cet ensemble, nous combinons la protection des abeilles et le plaisir du miel d'une mani\u00e8re unique. Notre doux tr\u00e9sor dans notre bo\u00eete en bois v\u00e9ritable Bee-Family n'enthousiasme pas seulement par la \"nourriture pour abeilles\" qu'il contient (boules de graines), mais aussi par un beau m\u00e9lange de vari\u00e9t\u00e9s de miel les plus fines. Les boules de graines sont de petites boules de terre, d'argile et de graines. Tu peux soit planter les boules de graines, soit les lancer, les rouler ou les poser tout simplement sur la terre. La prochaine pluie ramollit la boule et active les graines qui commencent alors \u00e0 germer et permettent de nouvelles sources de nourriture pour les abeilles. D\u00e9couvre un extrait de la fascinante vari\u00e9t\u00e9 de saveurs de notre gamme de miel et offre de la nourriture \u00e0 nos abeilles.<\/p>\n<p><strong>Factbox<\/strong><br \/>\nEmballage : bo\u00eete en bois de bouleau (L x l x h : 33 cm x 24.5 cm x 7 cm)<br \/>\nTaille du bocal : 6 x 140g<br \/>\nVari\u00e9t\u00e9s de miel : miel de verge d'or, miel de lavande, miel de fleurs suisses, miel de fleurs de montagne suisse, miel de tournesol, miel de soie sauvage<br \/>\nBoules de graines : 6 x 3 pi\u00e8ces<\/p>\n<p style=\"text-align: left\"><strong>Informations nutritionnelles :<\/strong><strong><br \/>\n<\/strong><a href=\"https:\/\/bee-family.com\/wp-content\/uploads\/2022\/09\/Naehrwertangaben.pdf\" target=\"_blank\" rel=\"noopener\">Informations nutritionnelles Bee-Family<\/a><\/p>\n<p style=\"text-align: left\"><strong>Conseils pour les personnes allergiques :<br \/>\n<\/strong>Le miel n'est pas adapt\u00e9 \u00e0 la consommation par les enfants de moins de 12 mois !<\/p>","protected":false},"excerpt":{"rendered":"<p>Calendrier du miel \"Seed &amp; Honey Edition<\/p>","protected":false},"featured_media":8723,"template":"","meta":[],"product_brand":[],"product_cat":[101,910,1091,1088,909,916,42,885,52,54,53],"product_tag":[291],"woo-feed-brand":[],"class_list":{"0":"post-8722","1":"product","2":"type-product","3":"status-publish","4":"has-post-thumbnail","6":"product_cat-honig","7":"product_cat-geschenkideen","8":"product_cat-hobbykoch","9":"product_cat-vatertag","10":"product_cat-weihnachten","11":"product_cat-praesente","12":"product_cat-kueche","13":"product_cat-koestlichkeiten","14":"product_cat-geschenke","15":"product_cat-feinkost","16":"product_cat-geschenksets","17":"product_tag-bee-family-ag","19":"first","20":"instock","21":"taxable","22":"shipping-taxable","23":"purchasable","24":"product-type-simple"},"_links":{"self":[{"href":"https:\/\/fh-staging.vengo.cloud\/fr-ch\/wp-json\/wp\/v2\/product\/8722","targetHints":{"allow":["GET"]}}],"collection":[{"href":"https:\/\/fh-staging.vengo.cloud\/fr-ch\/wp-json\/wp\/v2\/product"}],"about":[{"href":"https:\/\/fh-staging.vengo.cloud\/fr-ch\/wp-json\/wp\/v2\/types\/product"}],"wp:featuredmedia":[{"embeddable":true,"href":"https:\/\/fh-staging.vengo.cloud\/fr-ch\/wp-json\/wp\/v2\/media\/8723"}],"wp:attachment":[{"href":"https:\/\/fh-staging.vengo.cloud\/fr-ch\/wp-json\/wp\/v2\/media?parent=8722"}],"wp:term":[{"taxonomy":"product_brand","embeddable":true,"href":"https:\/\/fh-staging.vengo.cloud\/fr-ch\/wp-json\/wp\/v2\/product_brand?post=8722"},{"taxonomy":"product_cat","embeddable":true,"href":"https:\/\/fh-staging.vengo.cloud\/fr-ch\/wp-json\/wp\/v2\/product_cat?post=8722"},{"taxonomy":"product_tag","embeddable":true,"href":"https:\/\/fh-staging.vengo.cloud\/fr-ch\/wp-json\/wp\/v2\/product_tag?post=8722"},{"taxonomy":"woo-feed-brand","embeddable":true,"href":"https:\/\/fh-staging.vengo.cloud\/fr-ch\/wp-json\/wp\/v2\/woo-feed-brand?post=8722"}],"curies":[{"name":"wp","href":"https:\/\/api.w.org\/{rel}","templated":true}]}}