{"id":8665,"date":"2022-03-17T10:45:57","date_gmt":"2022-03-17T10:45:57","guid":{"rendered":"https:\/\/fh-staging.vengo.cloud\/?product=lavendel-sackli-von-merci-lavande"},"modified":"2025-11-04T14:43:46","modified_gmt":"2025-11-04T13:43:46","slug":"lavande-saeckli-de-merci-lavande","status":"publish","type":"product","link":"https:\/\/fh-staging.vengo.cloud\/fr-ch\/p\/lavendel-saeckli-von-merci-lavande","title":{"rendered":"Sachet de lavande de Merci Lavande"},"content":{"rendered":"<p style=\"text-align: left;\">Des sachets de lavande finement parfum\u00e9s, remplis de lavande s\u00e9ch\u00e9e de Provence. Disponibles en set pratique de 3, les sachets sont fabriqu\u00e9s \u00e0 la main avec amour. Il suffit de les presser doucement pour qu'ils lib\u00e8rent leur parfum frais. Chaque sac mesure environ 12 cm de haut et 6 cm de large.<\/p>","protected":false},"excerpt":{"rendered":"<p>De jolis sachets de lavande, remplis de lavande parfum\u00e9e de Provence.<\/p>","protected":false},"featured_media":8666,"template":"","meta":[],"product_brand":[],"product_cat":[51,910,1208,909,915,48],"product_tag":[284],"woo-feed-brand":[],"class_list":{"0":"post-8665","1":"product","2":"type-product","3":"status-publish","4":"has-post-thumbnail","6":"product_cat-raumduefte","7":"product_cat-geschenkideen","8":"product_cat-ueber-25-chf","9":"product_cat-weihnachten","10":"product_cat-wichteln","11":"product_cat-bad-wellness","12":"product_tag-blume-3000","14":"first","15":"instock","16":"featured","17":"taxable","18":"shipping-taxable","19":"purchasable","20":"product-type-simple"},"_links":{"self":[{"href":"https:\/\/fh-staging.vengo.cloud\/fr-ch\/wp-json\/wp\/v2\/product\/8665","targetHints":{"allow":["GET"]}}],"collection":[{"href":"https:\/\/fh-staging.vengo.cloud\/fr-ch\/wp-json\/wp\/v2\/product"}],"about":[{"href":"https:\/\/fh-staging.vengo.cloud\/fr-ch\/wp-json\/wp\/v2\/types\/product"}],"wp:featuredmedia":[{"embeddable":true,"href":"https:\/\/fh-staging.vengo.cloud\/fr-ch\/wp-json\/wp\/v2\/media\/8666"}],"wp:attachment":[{"href":"https:\/\/fh-staging.vengo.cloud\/fr-ch\/wp-json\/wp\/v2\/media?parent=8665"}],"wp:term":[{"taxonomy":"product_brand","embeddable":true,"href":"https:\/\/fh-staging.vengo.cloud\/fr-ch\/wp-json\/wp\/v2\/product_brand?post=8665"},{"taxonomy":"product_cat","embeddable":true,"href":"https:\/\/fh-staging.vengo.cloud\/fr-ch\/wp-json\/wp\/v2\/product_cat?post=8665"},{"taxonomy":"product_tag","embeddable":true,"href":"https:\/\/fh-staging.vengo.cloud\/fr-ch\/wp-json\/wp\/v2\/product_tag?post=8665"},{"taxonomy":"woo-feed-brand","embeddable":true,"href":"https:\/\/fh-staging.vengo.cloud\/fr-ch\/wp-json\/wp\/v2\/woo-feed-brand?post=8665"}],"curies":[{"name":"wp","href":"https:\/\/api.w.org\/{rel}","templated":true}]}}