{"id":8646,"date":"2022-03-17T08:47:31","date_gmt":"2022-03-17T08:47:31","guid":{"rendered":"https:\/\/fh-staging.vengo.cloud\/?product=lavendel-kissen-edelweiss-von-merci-lavande"},"modified":"2025-11-04T14:43:35","modified_gmt":"2025-11-04T13:43:35","slug":"coussin-lavande-edelweiss-de-merci-lavande","status":"publish","type":"product","link":"https:\/\/fh-staging.vengo.cloud\/fr-ch\/p\/lavendel-kissen-edelweiss-von-merci-lavande","title":{"rendered":"Coussin de lavande Edelweiss de Merci Lavande"},"content":{"rendered":"<p style=\"text-align: left;\">Des coussins de lavande finement parfum\u00e9s, remplis de lavande s\u00e9ch\u00e9e de Provence. Les coussins sont disponibles par lot de 3 et sont fabriqu\u00e9s \u00e0 la main avec amour. Chaque coussin mesure environ 10 x 10 cm.<\/p>","protected":false},"excerpt":{"rendered":"<p>Magnifiques coussins de lavande, remplis de lavande parfum\u00e9e de Provence.<\/p>","protected":false},"featured_media":8647,"template":"","meta":[],"product_brand":[],"product_cat":[51,910,1208,909,915,48],"product_tag":[284],"woo-feed-brand":[],"class_list":{"0":"post-8646","1":"product","2":"type-product","3":"status-publish","4":"has-post-thumbnail","6":"product_cat-raumduefte","7":"product_cat-geschenkideen","8":"product_cat-ueber-25-chf","9":"product_cat-weihnachten","10":"product_cat-wichteln","11":"product_cat-bad-wellness","12":"product_tag-blume-3000","14":"first","15":"instock","16":"taxable","17":"shipping-taxable","18":"purchasable","19":"product-type-simple"},"_links":{"self":[{"href":"https:\/\/fh-staging.vengo.cloud\/fr-ch\/wp-json\/wp\/v2\/product\/8646","targetHints":{"allow":["GET"]}}],"collection":[{"href":"https:\/\/fh-staging.vengo.cloud\/fr-ch\/wp-json\/wp\/v2\/product"}],"about":[{"href":"https:\/\/fh-staging.vengo.cloud\/fr-ch\/wp-json\/wp\/v2\/types\/product"}],"wp:featuredmedia":[{"embeddable":true,"href":"https:\/\/fh-staging.vengo.cloud\/fr-ch\/wp-json\/wp\/v2\/media\/8647"}],"wp:attachment":[{"href":"https:\/\/fh-staging.vengo.cloud\/fr-ch\/wp-json\/wp\/v2\/media?parent=8646"}],"wp:term":[{"taxonomy":"product_brand","embeddable":true,"href":"https:\/\/fh-staging.vengo.cloud\/fr-ch\/wp-json\/wp\/v2\/product_brand?post=8646"},{"taxonomy":"product_cat","embeddable":true,"href":"https:\/\/fh-staging.vengo.cloud\/fr-ch\/wp-json\/wp\/v2\/product_cat?post=8646"},{"taxonomy":"product_tag","embeddable":true,"href":"https:\/\/fh-staging.vengo.cloud\/fr-ch\/wp-json\/wp\/v2\/product_tag?post=8646"},{"taxonomy":"woo-feed-brand","embeddable":true,"href":"https:\/\/fh-staging.vengo.cloud\/fr-ch\/wp-json\/wp\/v2\/woo-feed-brand?post=8646"}],"curies":[{"name":"wp","href":"https:\/\/api.w.org\/{rel}","templated":true}]}}