{"id":8513,"date":"2022-02-24T11:34:32","date_gmt":"2022-02-24T10:34:32","guid":{"rendered":"https:\/\/fh-staging.vengo.cloud\/?product=special-gin-mondays-arent-so-bad"},"modified":"2025-05-12T14:05:37","modified_gmt":"2025-05-12T12:05:37","slug":"les-lundis-speciaux-gin-arent-so-bad","status":"publish","type":"product","link":"https:\/\/fh-staging.vengo.cloud\/fr-ch\/p\/special-gin-mondays-arent-so-bad","title":{"rendered":"Special Gin - Les lundis ne sont pas si mal"},"content":{"rendered":"<div style=\"text-align: left\"><strong>La collection exclusive de street art -<\/strong><\/div>\n<div style=\"text-align: left\"><strong> des eaux-de-vie et des cr\u00e9ations de distillat uniques en \u00e9dition limit\u00e9e !<\/strong><\/div>\n<ul style=\"text-align: left\">\n<li>Un must pour tout amateur de gin, tr\u00e8s fruit\u00e9<\/li>\n<li>A d\u00e9guster pur ou avec du tonic<\/li>\n<li>Distill\u00e9 et affin\u00e9 dans une petite boutique-distillerie de l'Unterland zurichois<\/li>\n<li>Production limit\u00e9e de petits lots<\/li>\n<li>Serie &#8218;Street Art collection&#8216; mit nummerierter limited Edition<\/li>\n<\/ul>\n<p style=\"text-align: left\"><strong>Contenu et vol.%<\/strong><\/p>\n<ul style=\"text-align: left\">\n<li>500 ml<\/li>\n<li>47 Vol.%<\/li>\n<\/ul>\n<p style=\"text-align: left\"><strong>Ingr\u00e9dients<\/strong><\/p>\n<div>\n<div>\n<div data-hook=\"info-section-description\">\n<ul style=\"text-align: left\">\n<li>Gen\u00e9vrier suisse<\/li>\n<li>divers botaniques \u00e0 base d'essences naturelles<\/li>\n<li>Produit suisse<\/li>\n<\/ul>\n<div style=\"text-align: left\"><strong>Producteur<\/strong><\/div>\n<div style=\"text-align: left\">\n<ul>\n<li>Producteur : Schnapsboutique H\u00f6ritr\u00f6pfli, Schultheiss, H\u00f6ri<\/li>\n<\/ul>\n<\/div>\n<div style=\"text-align: left\"><strong>Remarque \/ Protection des jeunes<\/strong><\/div>\n<div>\n<ul style=\"text-align: left\">\n<li>La loi interdit la vente de spiritueux aux mineurs<\/li>\n<\/ul>\n<p style=\"text-align: left\"><strong>\u00c9tiquette<\/strong><\/p>\n<ul>\n<li style=\"text-align: left\">Zurich, derri\u00e8re la gare centrale, 2019<\/li>\n<li style=\"text-align: left\">Les montages ne sont pas si mauvais, seul ton travail est nul<\/li>\n<\/ul>\n<\/div>\n<\/div>\n<\/div>\n<\/div>","protected":false},"excerpt":{"rendered":"<p>Cr\u00e9ation exclusive de gin d'une petite boutique-distillerie.<br \/>\nGagnante de la m\u00e9daille d'argent aux Swiss Spirits Awards 2021<\/p>","protected":false},"featured_media":8514,"template":"","meta":[],"product_brand":[],"product_cat":[115,1090,1088,42,885,52,54],"product_tag":[147,305],"woo-feed-brand":[],"class_list":{"0":"post-8513","1":"product","2":"type-product","3":"status-publish","4":"has-post-thumbnail","6":"product_cat-spirituosen","7":"product_cat-geniesser","8":"product_cat-vatertag","9":"product_cat-kueche","10":"product_cat-koestlichkeiten","11":"product_cat-geschenke","12":"product_cat-feinkost","13":"product_tag-alkohol","14":"product_tag-the-white-panther-die-schonen-dinge-des-lebens","16":"first","17":"instock","18":"taxable","19":"shipping-taxable","20":"purchasable","21":"product-type-simple"},"_links":{"self":[{"href":"https:\/\/fh-staging.vengo.cloud\/fr-ch\/wp-json\/wp\/v2\/product\/8513","targetHints":{"allow":["GET"]}}],"collection":[{"href":"https:\/\/fh-staging.vengo.cloud\/fr-ch\/wp-json\/wp\/v2\/product"}],"about":[{"href":"https:\/\/fh-staging.vengo.cloud\/fr-ch\/wp-json\/wp\/v2\/types\/product"}],"wp:featuredmedia":[{"embeddable":true,"href":"https:\/\/fh-staging.vengo.cloud\/fr-ch\/wp-json\/wp\/v2\/media\/8514"}],"wp:attachment":[{"href":"https:\/\/fh-staging.vengo.cloud\/fr-ch\/wp-json\/wp\/v2\/media?parent=8513"}],"wp:term":[{"taxonomy":"product_brand","embeddable":true,"href":"https:\/\/fh-staging.vengo.cloud\/fr-ch\/wp-json\/wp\/v2\/product_brand?post=8513"},{"taxonomy":"product_cat","embeddable":true,"href":"https:\/\/fh-staging.vengo.cloud\/fr-ch\/wp-json\/wp\/v2\/product_cat?post=8513"},{"taxonomy":"product_tag","embeddable":true,"href":"https:\/\/fh-staging.vengo.cloud\/fr-ch\/wp-json\/wp\/v2\/product_tag?post=8513"},{"taxonomy":"woo-feed-brand","embeddable":true,"href":"https:\/\/fh-staging.vengo.cloud\/fr-ch\/wp-json\/wp\/v2\/woo-feed-brand?post=8513"}],"curies":[{"name":"wp","href":"https:\/\/api.w.org\/{rel}","templated":true}]}}