{"id":8437,"date":"2022-02-04T22:00:50","date_gmt":"2022-02-04T22:00:50","guid":{"rendered":"https:\/\/fh-staging.vengo.cloud\/?product=rosenbox-in-rosa-samt-mit-15-stabilisierten-rosen-almond-cream-o-20-cm"},"modified":"2025-04-01T06:37:22","modified_gmt":"2025-04-01T04:37:22","slug":"boite-a-roses-en-velours-rose-avec-15-roses-stabilisees-almond-cream-o-20-cm","status":"publish","type":"product","link":"https:\/\/fh-staging.vengo.cloud\/fr-ch\/p\/rosenbox-in-rosa-samt-mit-15-stabilisierten-rosen-almond-cream-o-20-cm","title":{"rendered":"Bo\u00eete \u00e0 roses en velours rose, avec 15 roses stabilis\u00e9es Almond Cream \u00d8 20 cm"},"content":{"rendered":"<p class=\"p1\">Bo\u00eete \u00e0 roses en velours rose, avec 15 roses stabilis\u00e9es Almond Cream \u00d8 20 cm<\/p>\n<p>Les roses stabilis\u00e9es, \u00e9galement appel\u00e9es roses \u00e0 l'infini, sont de v\u00e9ritables et magnifiques roses conserv\u00e9es qui durent au moins 2 \u00e0 3 ans.<\/p>\n<p class=\"p2\">La bo\u00eete \u00e0 roses, \u00d8 environ 23 cm, H environ 23 cm, est classique et \u00e9l\u00e9gante dans son design, avec un magnifique tissu en velours et fera longtemps plaisir \u00e0 ta maison ou \u00e0 toute personne \u00e0 qui tu l'offres.225<\/p>\n<p class=\"p2\">En tant que merveilleuse d\u00e9coration ou cadeau, un vrai coup de c\u0153ur.<\/p>\n<p style=\"text-align: left\"><strong>Conseils d'entretien pour les roses Infinity :<\/strong><\/p>\n<p style=\"text-align: left\">Ne pas mettre dans l'eau ; ne pas placer dans un environnement humide.<\/p>\n<p style=\"text-align: left\">\u00c9viter l'emplacement avec une forte exposition au soleil.<\/p>\n<p style=\"text-align: left\">Pour l'entretien ou le nettoyage, un pinceau doux est id\u00e9al pour enlever la poussi\u00e8re avec pr\u00e9caution.<\/p>","protected":false},"excerpt":{"rendered":"<p>Bo\u00eete \u00e0 roses en velours rose, avec 15 roses stabilis\u00e9es Almond Cream \u00d8 20 cm<\/p>","protected":false},"featured_media":8438,"template":"","meta":[],"product_brand":[],"product_cat":[102,23,910,909,26,916,52,55],"product_tag":[294],"woo-feed-brand":[],"class_list":{"0":"post-8437","1":"product","2":"type-product","3":"status-publish","4":"has-post-thumbnail","6":"product_cat-infinity-rosen","7":"product_cat-home-living","8":"product_cat-geschenkideen","9":"product_cat-weihnachten","10":"product_cat-blumen-pflanzen","11":"product_cat-praesente","12":"product_cat-geschenke","13":"product_cat-blumige-geschenke","14":"product_tag-the-bloomery","16":"first","17":"instock","18":"taxable","19":"shipping-taxable","20":"purchasable","21":"product-type-simple"},"_links":{"self":[{"href":"https:\/\/fh-staging.vengo.cloud\/fr-ch\/wp-json\/wp\/v2\/product\/8437","targetHints":{"allow":["GET"]}}],"collection":[{"href":"https:\/\/fh-staging.vengo.cloud\/fr-ch\/wp-json\/wp\/v2\/product"}],"about":[{"href":"https:\/\/fh-staging.vengo.cloud\/fr-ch\/wp-json\/wp\/v2\/types\/product"}],"wp:featuredmedia":[{"embeddable":true,"href":"https:\/\/fh-staging.vengo.cloud\/fr-ch\/wp-json\/wp\/v2\/media\/8438"}],"wp:attachment":[{"href":"https:\/\/fh-staging.vengo.cloud\/fr-ch\/wp-json\/wp\/v2\/media?parent=8437"}],"wp:term":[{"taxonomy":"product_brand","embeddable":true,"href":"https:\/\/fh-staging.vengo.cloud\/fr-ch\/wp-json\/wp\/v2\/product_brand?post=8437"},{"taxonomy":"product_cat","embeddable":true,"href":"https:\/\/fh-staging.vengo.cloud\/fr-ch\/wp-json\/wp\/v2\/product_cat?post=8437"},{"taxonomy":"product_tag","embeddable":true,"href":"https:\/\/fh-staging.vengo.cloud\/fr-ch\/wp-json\/wp\/v2\/product_tag?post=8437"},{"taxonomy":"woo-feed-brand","embeddable":true,"href":"https:\/\/fh-staging.vengo.cloud\/fr-ch\/wp-json\/wp\/v2\/woo-feed-brand?post=8437"}],"curies":[{"name":"wp","href":"https:\/\/api.w.org\/{rel}","templated":true}]}}