{"id":8374,"date":"2022-02-02T09:40:49","date_gmt":"2022-02-02T09:40:49","guid":{"rendered":"https:\/\/fh-staging.vengo.cloud\/?product=trockenblumen-strauss-bund-mix-giallo-nature-mit-vase"},"modified":"2025-11-25T12:35:07","modified_gmt":"2025-11-25T11:35:07","slug":"bouquet-de-fleurs-seches-bund-mix-giallo-nature-avec-vase","status":"publish","type":"product","link":"https:\/\/fh-staging.vengo.cloud\/fr-ch\/p\/trockenblumen-strauss-bund-mix-giallo-nature-mit-vase","title":{"rendered":"Bouquet de fleurs s\u00e9ch\u00e9es Bund mix \"Giallo Nature\" avec vase"},"content":{"rendered":"<h3>Fleurs s\u00e9ch\u00e9es<br \/>\nLa nouvelle tendance en mati\u00e8re d'int\u00e9rieur<\/h3>\n<p>Cette ann\u00e9e, on voit des branches et des fleurs s\u00e9ch\u00e9es plus souvent que jamais.<br \/>\nElles ne sont pas seulement une d\u00e9coration d'automne, mais d\u00e9gagent aussi toute leur magie tout au long de l'ann\u00e9e :<br \/>\nLes fleurs en version s\u00e9ch\u00e9e sont tr\u00e8s \u00e0 la mode.<br \/>\nQu'elles soient utilis\u00e9es comme d\u00e9coration de table ou plac\u00e9es de mani\u00e8re opulente dans de grands vases, \u2500 les fleurs s\u00e9ch\u00e9es sont tout simplement magnifiques, seules ou en bouquet multicolore.<br \/>\nL'\u00e9norme avantage par rapport aux fleurs fra\u00eeches : la d\u00e9coration de fleurs s\u00e9ch\u00e9es dure, dure et dure encore.<\/p>\n<p>Le prix se r\u00e9f\u00e8re \u00e0 un bouquet, un vase inclus. (le vase peut varier)<\/p>\n<p><strong>Note bien<\/strong><br \/>\n- Retire soigneusement les fleurs s\u00e9ch\u00e9es du papier. Les branches s\u00e9ch\u00e9es sont plus fragiles que les branches encore vertes. Le bouquet est li\u00e9. Si tu souhaites que les fleurs s\u00e9ch\u00e9es soient un peu plus l\u00e2ches dans le vase, comme en partie sur l'image, d\u00e9fais le lien et personnalise les fleurs s\u00e9ch\u00e9es comme tu le souhaites.<br \/>\n- Les fleurs s\u00e9ch\u00e9es sont un produit naturel et les bouquets \/ fleurs individuelles sont compos\u00e9s individuellement selon la saison et peuvent donc varier dans le choix des fleurs, leur disposition et leur couleur.<br \/>\n- Pour la cr\u00e9ation, nous utilisons en partie du fil de fer, du bambou fendu, de la colle et d'autres moyens techniques similaires qui peuvent \u00e9galement \u00eatre visibles. Nos fleurs s\u00e9ch\u00e9es sont en partie blanchies ou color\u00e9es. La couleur utilis\u00e9e dans le bouquet d'\u00e9chantillons (photo) peut donc varier d'un bouquet \u00e0 l'autre. Il en va de m\u00eame pour le papier utilis\u00e9 pour l'emballage.<br \/>\n- Il pourrait y avoir des diff\u00e9rences entre la couleur illustr\u00e9e sur le site web et la couleur r\u00e9elle, ceci en raison de l'incidence de la lumi\u00e8re, de la luminosit\u00e9 du moniteur, du r\u00e9glage du contraste, etc.<\/p>","protected":false},"excerpt":{"rendered":"<p>Fleurs s\u00e9ch\u00e9es - la nouvelle tendance en mati\u00e8re d'int\u00e9rieur ; bouquet de fleurs s\u00e9ch\u00e9es Bund mix \"Giallo Nature \"avec vase \u00d8 env.17 cm H env.30 cm \/ vase vide sans bouquet H env.15 cm<\/p>","protected":false},"featured_media":8375,"template":"","meta":[],"product_brand":[],"product_cat":[23,26],"product_tag":[290],"woo-feed-brand":[],"class_list":{"0":"post-8374","1":"product","2":"type-product","3":"status-publish","4":"has-post-thumbnail","6":"product_cat-home-living","7":"product_cat-blumen-pflanzen","8":"product_tag-atelier-leutwyler","10":"first","11":"instock","12":"taxable","13":"shipping-taxable","14":"purchasable","15":"product-type-simple"},"_links":{"self":[{"href":"https:\/\/fh-staging.vengo.cloud\/fr-ch\/wp-json\/wp\/v2\/product\/8374","targetHints":{"allow":["GET"]}}],"collection":[{"href":"https:\/\/fh-staging.vengo.cloud\/fr-ch\/wp-json\/wp\/v2\/product"}],"about":[{"href":"https:\/\/fh-staging.vengo.cloud\/fr-ch\/wp-json\/wp\/v2\/types\/product"}],"wp:featuredmedia":[{"embeddable":true,"href":"https:\/\/fh-staging.vengo.cloud\/fr-ch\/wp-json\/wp\/v2\/media\/8375"}],"wp:attachment":[{"href":"https:\/\/fh-staging.vengo.cloud\/fr-ch\/wp-json\/wp\/v2\/media?parent=8374"}],"wp:term":[{"taxonomy":"product_brand","embeddable":true,"href":"https:\/\/fh-staging.vengo.cloud\/fr-ch\/wp-json\/wp\/v2\/product_brand?post=8374"},{"taxonomy":"product_cat","embeddable":true,"href":"https:\/\/fh-staging.vengo.cloud\/fr-ch\/wp-json\/wp\/v2\/product_cat?post=8374"},{"taxonomy":"product_tag","embeddable":true,"href":"https:\/\/fh-staging.vengo.cloud\/fr-ch\/wp-json\/wp\/v2\/product_tag?post=8374"},{"taxonomy":"woo-feed-brand","embeddable":true,"href":"https:\/\/fh-staging.vengo.cloud\/fr-ch\/wp-json\/wp\/v2\/woo-feed-brand?post=8374"}],"curies":[{"name":"wp","href":"https:\/\/api.w.org\/{rel}","templated":true}]}}