{"id":8023,"date":"2021-10-05T10:34:57","date_gmt":"2021-10-05T10:34:57","guid":{"rendered":"https:\/\/fh-staging.vengo.cloud\/?product=kleine-kugelvase-hellgrun-mit-blasen-o-13cm"},"modified":"2025-04-01T06:44:28","modified_gmt":"2025-04-01T04:44:28","slug":"petit-vase-boule-vert-clair-avec-bulles-o-13cm","status":"publish","type":"product","link":"https:\/\/fh-staging.vengo.cloud\/fr-ch\/p\/kleine-kugelvase-hellgrun-mit-blasen-o-13cm","title":{"rendered":"Petit vase boule, vert clair, avec bulles \u00d8 13cm"},"content":{"rendered":"<p>Les vases souffl\u00e9s \u00e0 la bouche de la marque DutZ sont d'une qualit\u00e9 exclusive et sont aussi beaux comme objet que remplis de fleurs originales. Chaque vase est unique et se distingue visuellement par ses bulles.<\/p>\n<p>Le verre de ce vase est extra \u00e9pais. Cela donne au produit un aspect exclusif.<br \/>\nLe vase est de bonne taille et convient au rebord de fen\u00eatre, \u00e0 la table d'appoint, \u00e0 la table de cuisine, \u00e0 la table de salon, \u00e0 la table basse, \u00e0 la salle de bain, \u00e0 la chambre, \u00e0 la cuisine, etc.<br \/>\nElle attire l'attention partout et n'a pas besoin de beaucoup de d\u00e9coration. Une belle branche - d'eucalyptus par exemple - la rend parfaite.<\/p>\n<p>Donn\u00e9es du vase Petit : \u00d8 13cm, verre \u00e9pais de 4 mm, vert tilleul avec bulles<\/p>","protected":false},"excerpt":{"rendered":"<p>Petit vase boule, vert clair, avec bulles \u00d8 13cm<\/p>","protected":false},"featured_media":8024,"template":"","meta":[],"product_brand":[],"product_cat":[27,23],"product_tag":[294],"woo-feed-brand":[],"class_list":{"0":"post-8023","1":"product","2":"type-product","3":"status-publish","4":"has-post-thumbnail","6":"product_cat-vasen-gefaesse","7":"product_cat-home-living","8":"product_tag-the-bloomery","10":"first","11":"instock","12":"taxable","13":"shipping-taxable","14":"purchasable","15":"product-type-simple"},"_links":{"self":[{"href":"https:\/\/fh-staging.vengo.cloud\/fr-ch\/wp-json\/wp\/v2\/product\/8023","targetHints":{"allow":["GET"]}}],"collection":[{"href":"https:\/\/fh-staging.vengo.cloud\/fr-ch\/wp-json\/wp\/v2\/product"}],"about":[{"href":"https:\/\/fh-staging.vengo.cloud\/fr-ch\/wp-json\/wp\/v2\/types\/product"}],"wp:featuredmedia":[{"embeddable":true,"href":"https:\/\/fh-staging.vengo.cloud\/fr-ch\/wp-json\/wp\/v2\/media\/8024"}],"wp:attachment":[{"href":"https:\/\/fh-staging.vengo.cloud\/fr-ch\/wp-json\/wp\/v2\/media?parent=8023"}],"wp:term":[{"taxonomy":"product_brand","embeddable":true,"href":"https:\/\/fh-staging.vengo.cloud\/fr-ch\/wp-json\/wp\/v2\/product_brand?post=8023"},{"taxonomy":"product_cat","embeddable":true,"href":"https:\/\/fh-staging.vengo.cloud\/fr-ch\/wp-json\/wp\/v2\/product_cat?post=8023"},{"taxonomy":"product_tag","embeddable":true,"href":"https:\/\/fh-staging.vengo.cloud\/fr-ch\/wp-json\/wp\/v2\/product_tag?post=8023"},{"taxonomy":"woo-feed-brand","embeddable":true,"href":"https:\/\/fh-staging.vengo.cloud\/fr-ch\/wp-json\/wp\/v2\/woo-feed-brand?post=8023"}],"curies":[{"name":"wp","href":"https:\/\/api.w.org\/{rel}","templated":true}]}}