{"id":8002,"date":"2021-10-05T09:58:34","date_gmt":"2021-10-05T09:58:34","guid":{"rendered":"https:\/\/fh-staging.vengo.cloud\/?product=metallspiegel-sonnenspiegel-in-gold-o-57cm"},"modified":"2025-10-21T17:03:30","modified_gmt":"2025-10-21T15:03:30","slug":"miroir-metallique-miroir-solaire-en-or-o-57cm","status":"publish","type":"product","link":"https:\/\/fh-staging.vengo.cloud\/fr-ch\/p\/metallspiegel-sonnenspiegel-in-gold-o-57cm","title":{"rendered":"Miroir m\u00e9tallique (miroir soleil) en or, \u00d8 57cm"},"content":{"rendered":"<p><strong>Miroir m\u00e9tallique (miroir soleil) en or, \u00d8 57cm<\/strong><\/p>\n<p>Beau miroir d\u00e9coratif du plus bel effet, fait de tiges m\u00e9talliques en or.<\/p>\n<p>Inspir\u00e9s des miroirs solaires bien connus, ces miroirs d\u00e9coratifs reviennent \u00e0 la mode.<\/p>\n<p>Ils s'adaptent en fait partout, que ce soit sur un mur d'images, dans la salle de bain, le salon ou le couloir. Car ils d\u00e9gagent une ambiance \u00e0 la fois noble et ludique. Pour ta maison ou comme cadeau : un must pour tout le monde.<\/p>\n<p>Donn\u00e9es du miroir : \u00d8 total 57cm, \u00d8 du miroir 12cm, dispositif de suspension \u00e0 l'arri\u00e8re disponible.<\/p>","protected":false},"excerpt":{"rendered":"<p>Miroir m\u00e9tallique (miroir soleil) en or, \u00d8 57cm<\/p>","protected":false},"featured_media":8003,"template":"","meta":[],"product_brand":[],"product_cat":[30,23,1187],"product_tag":[294],"woo-feed-brand":[],"class_list":{"0":"post-8002","1":"product","2":"type-product","3":"status-publish","4":"has-post-thumbnail","6":"product_cat-deko-accessoires","7":"product_cat-home-living","8":"product_cat-spiegel","9":"product_tag-the-bloomery","11":"first","12":"instock","13":"taxable","14":"shipping-taxable","15":"purchasable","16":"product-type-simple"},"_links":{"self":[{"href":"https:\/\/fh-staging.vengo.cloud\/fr-ch\/wp-json\/wp\/v2\/product\/8002","targetHints":{"allow":["GET"]}}],"collection":[{"href":"https:\/\/fh-staging.vengo.cloud\/fr-ch\/wp-json\/wp\/v2\/product"}],"about":[{"href":"https:\/\/fh-staging.vengo.cloud\/fr-ch\/wp-json\/wp\/v2\/types\/product"}],"wp:featuredmedia":[{"embeddable":true,"href":"https:\/\/fh-staging.vengo.cloud\/fr-ch\/wp-json\/wp\/v2\/media\/8003"}],"wp:attachment":[{"href":"https:\/\/fh-staging.vengo.cloud\/fr-ch\/wp-json\/wp\/v2\/media?parent=8002"}],"wp:term":[{"taxonomy":"product_brand","embeddable":true,"href":"https:\/\/fh-staging.vengo.cloud\/fr-ch\/wp-json\/wp\/v2\/product_brand?post=8002"},{"taxonomy":"product_cat","embeddable":true,"href":"https:\/\/fh-staging.vengo.cloud\/fr-ch\/wp-json\/wp\/v2\/product_cat?post=8002"},{"taxonomy":"product_tag","embeddable":true,"href":"https:\/\/fh-staging.vengo.cloud\/fr-ch\/wp-json\/wp\/v2\/product_tag?post=8002"},{"taxonomy":"woo-feed-brand","embeddable":true,"href":"https:\/\/fh-staging.vengo.cloud\/fr-ch\/wp-json\/wp\/v2\/woo-feed-brand?post=8002"}],"curies":[{"name":"wp","href":"https:\/\/api.w.org\/{rel}","templated":true}]}}