{"id":7993,"date":"2021-09-21T14:11:39","date_gmt":"2021-09-21T12:11:39","guid":{"rendered":"https:\/\/fh-staging.vengo.cloud\/?product=gottlieber-schatzkistli-gin"},"modified":"2025-12-02T11:31:11","modified_gmt":"2025-12-02T10:31:11","slug":"gottlieber-schatzkistli-gin","status":"publish","type":"product","link":"https:\/\/fh-staging.vengo.cloud\/fr-ch\/p\/gottlieber-schatzkistli-gin","title":{"rendered":"Bo\u00eete \u00e0 tr\u00e9sors Gottlieber \"Gin"},"content":{"rendered":"<p>Dix d\u00e9licieuses bouch\u00e9es Gottlieber du m\u00e9lange traditionnel (pralin\u00e9, mocca, gianduja) dans une bo\u00eete d\u00e9corative raffin\u00e9e Suisse et un Ur Gin London Dry d'Appenzeller Edelbrand r\u00e9unis dans notre belle bo\u00eete \u00e0 tr\u00e9sors.<\/p>\n<p>Au pied du S\u00e4ntis, Edelbrand distille le London Dry Gin dans sa petite manufacture d'Urn\u00e4sch, avec beaucoup d'amour et de travail manuel. Son go\u00fbt original et authentique nous ram\u00e8ne au d\u00e9but de l'histoire du gin. Un gin classique dans sa forme naturelle et authentique, de la plus haute qualit\u00e9. Gr\u00e2ce au processus de mac\u00e9ration et \u00e0 la quantit\u00e9 sup\u00e9rieure \u00e0 la moyenne de botaniques, la quantit\u00e9 d'huiles essentielles est tr\u00e8s \u00e9lev\u00e9e et son go\u00fbt est unique. Edelbrand l'appelle \"Ur-Gin\".<\/p>\n<p>La bo\u00eete \u00e0 tr\u00e9sors Gottlieber \"Gin\" est emball\u00e9e dans notre \u00e9l\u00e9gante bo\u00eete pliante noire et blanche en carton solide avec fermeture magn\u00e9tique (r\u00e9utilisable).<\/p>\n<p><strong>Contenu :<\/strong><br \/>\nBo\u00eete \u00e0 bijoux Suisse, tradition, 150g (vegan)<br \/>\nUrGin London Dry d'Appenzeller Edelbrand, 42% vol., 50cl<br \/>\nEl\u00e9gante bo\u00eete pliante en carton solide dans un design \u00e0 rayures noires et blanches avec fermeture magn\u00e9tique (r\u00e9utilisable)<\/p>\n<p><strong>La masse :<\/strong><br \/>\n210 x 297 x 105mm<\/p>\n<p><a href=\"https:\/\/www.gottlieber.ch\/de\/online-shop\/naehrwertinformationen\" target=\"_blank\" rel=\"noopener\">Informations nutritionnelles et conseils pour les personnes allergiques<\/a><\/p>","protected":false},"excerpt":{"rendered":"<p>La bo\u00eete \u00e0 tr\u00e9sors Gottlieber \"GIN\" dans son \u00e9l\u00e9gante bo\u00eete cadeau<\/p>","protected":false},"featured_media":7994,"template":"","meta":[],"product_brand":[],"product_cat":[54,909,916,42,115,114,885,52],"product_tag":[147,286],"woo-feed-brand":[],"class_list":{"0":"post-7993","1":"product","2":"type-product","3":"status-publish","4":"has-post-thumbnail","6":"product_cat-feinkost","7":"product_cat-weihnachten","8":"product_cat-praesente","9":"product_cat-kueche","10":"product_cat-spirituosen","11":"product_cat-schokolade-sweets","12":"product_cat-koestlichkeiten","13":"product_cat-geschenke","14":"product_tag-alkohol","15":"product_tag-gottlieber-spezialitaten-ag","17":"first","18":"instock","19":"taxable","20":"shipping-taxable","21":"purchasable","22":"product-type-simple"},"_links":{"self":[{"href":"https:\/\/fh-staging.vengo.cloud\/fr-ch\/wp-json\/wp\/v2\/product\/7993","targetHints":{"allow":["GET"]}}],"collection":[{"href":"https:\/\/fh-staging.vengo.cloud\/fr-ch\/wp-json\/wp\/v2\/product"}],"about":[{"href":"https:\/\/fh-staging.vengo.cloud\/fr-ch\/wp-json\/wp\/v2\/types\/product"}],"wp:featuredmedia":[{"embeddable":true,"href":"https:\/\/fh-staging.vengo.cloud\/fr-ch\/wp-json\/wp\/v2\/media\/7994"}],"wp:attachment":[{"href":"https:\/\/fh-staging.vengo.cloud\/fr-ch\/wp-json\/wp\/v2\/media?parent=7993"}],"wp:term":[{"taxonomy":"product_brand","embeddable":true,"href":"https:\/\/fh-staging.vengo.cloud\/fr-ch\/wp-json\/wp\/v2\/product_brand?post=7993"},{"taxonomy":"product_cat","embeddable":true,"href":"https:\/\/fh-staging.vengo.cloud\/fr-ch\/wp-json\/wp\/v2\/product_cat?post=7993"},{"taxonomy":"product_tag","embeddable":true,"href":"https:\/\/fh-staging.vengo.cloud\/fr-ch\/wp-json\/wp\/v2\/product_tag?post=7993"},{"taxonomy":"woo-feed-brand","embeddable":true,"href":"https:\/\/fh-staging.vengo.cloud\/fr-ch\/wp-json\/wp\/v2\/woo-feed-brand?post=7993"}],"curies":[{"name":"wp","href":"https:\/\/api.w.org\/{rel}","templated":true}]}}