{"id":7699,"date":"2021-06-15T11:46:24","date_gmt":"2021-06-15T09:46:24","guid":{"rendered":"https:\/\/fh-staging.vengo.cloud\/?product=giesskanne-5l-holzgriff-hell-elfenbein"},"modified":"2025-07-22T08:07:16","modified_gmt":"2025-07-22T06:07:16","slug":"arrosoir-5l-manche-bois-ivoire-clair","status":"publish","type":"product","link":"https:\/\/fh-staging.vengo.cloud\/fr-ch\/p\/giesskanne-5l-holzgriff-hell-elfenbein","title":{"rendered":"Giesskanne 5l &#8218;Holzgriff&#8216; Hell-Elfenbein"},"content":{"rendered":"<p>Cet arrosoir est un accessoire classique et intemporel pour tout jardin, terrasse ou balcon. L'arrosoir est galvanis\u00e9 \u00e0 chaud et rev\u00eatu par poudre, ce qui le prot\u00e8ge durablement contre l'accumulation de rouille.<br \/>\nLa qualit\u00e9 et la durabilit\u00e9 parlent d'elles-m\u00eames.<\/p>\n<p>- Arrosoir avec poign\u00e9e en bois<br \/>\n- Contenu 5l<br \/>\n- avec douchette en laiton et anneau en caoutchouc<br \/>\n- avec plaque en laiton<\/p>\n<p>Couleur RAL 1015<\/p>","protected":false},"excerpt":{"rendered":"<p>Couleur RAL 1015<\/p>","protected":false},"featured_media":59378,"template":"","meta":[],"product_brand":[],"product_cat":[37,34],"product_tag":[289],"woo-feed-brand":[],"class_list":{"0":"post-7699","1":"product","2":"type-product","3":"status-publish","4":"has-post-thumbnail","6":"product_cat-giesskannen","7":"product_cat-garten-balkon","8":"product_tag-blumengarten-kung-ag","10":"first","11":"instock","12":"taxable","13":"shipping-taxable","14":"purchasable","15":"product-type-simple"},"_links":{"self":[{"href":"https:\/\/fh-staging.vengo.cloud\/fr-ch\/wp-json\/wp\/v2\/product\/7699","targetHints":{"allow":["GET"]}}],"collection":[{"href":"https:\/\/fh-staging.vengo.cloud\/fr-ch\/wp-json\/wp\/v2\/product"}],"about":[{"href":"https:\/\/fh-staging.vengo.cloud\/fr-ch\/wp-json\/wp\/v2\/types\/product"}],"wp:featuredmedia":[{"embeddable":true,"href":"https:\/\/fh-staging.vengo.cloud\/fr-ch\/wp-json\/wp\/v2\/media\/59378"}],"wp:attachment":[{"href":"https:\/\/fh-staging.vengo.cloud\/fr-ch\/wp-json\/wp\/v2\/media?parent=7699"}],"wp:term":[{"taxonomy":"product_brand","embeddable":true,"href":"https:\/\/fh-staging.vengo.cloud\/fr-ch\/wp-json\/wp\/v2\/product_brand?post=7699"},{"taxonomy":"product_cat","embeddable":true,"href":"https:\/\/fh-staging.vengo.cloud\/fr-ch\/wp-json\/wp\/v2\/product_cat?post=7699"},{"taxonomy":"product_tag","embeddable":true,"href":"https:\/\/fh-staging.vengo.cloud\/fr-ch\/wp-json\/wp\/v2\/product_tag?post=7699"},{"taxonomy":"woo-feed-brand","embeddable":true,"href":"https:\/\/fh-staging.vengo.cloud\/fr-ch\/wp-json\/wp\/v2\/woo-feed-brand?post=7699"}],"curies":[{"name":"wp","href":"https:\/\/api.w.org\/{rel}","templated":true}]}}