{"id":7505,"date":"2021-02-17T09:13:56","date_gmt":"2021-02-17T09:13:56","guid":{"rendered":"https:\/\/fh-staging.vengo.cloud\/?product=wurmkomposter-elfenbein"},"modified":"2025-05-12T14:32:14","modified_gmt":"2025-05-12T12:32:14","slug":"lombricomposteur-ivoire","status":"publish","type":"product","link":"https:\/\/fh-staging.vengo.cloud\/fr-ch\/p\/wurmkomposter-elfenbein","title":{"rendered":"Lombricomposteur ivoire"},"content":{"rendered":"<div class=\"product-description activetab\">\n<p>Le lombricomposteur se compose d'un couvercle, d'un \u00e9l\u00e9ment de base avec des pieds, de deux <a href=\"https:\/\/www.urbangardeningshop.ch\/shop\/urban-gardening-2\/wurmkomposter\/wurmbett-zu-wurmkomposter-gr\u00fcn-detail\" target=\"_blank\" rel=\"noopener\">Coquilles de vers<\/a> (lit de vers) et accessoires. suppl\u00e9mentaires <a href=\"https:\/\/www.urbangardeningshop.ch\/shop\/urban-gardening-2\/wurmkomposter\/wurmbett-zu-wurmkomposter-gr\u00fcn-detail\" target=\"_blank\" rel=\"noopener\">Coquilles de vers<\/a> peuvent \u00eatre command\u00e9s.<br \/>\nNotre lombricomposteur est fait de : PP (polypropyl\u00e8ne) + bois (h\u00eatre ou fr\u00eane)<\/p>\n<p>Profite non seulement d'une bonne alimentation saine, mais aussi du plaisir de cultiver tes propres produits. Tout commence et finit \u00e0 nouveau dans l'assiette. Ce cycle d'aliments est appel\u00e9 Green Loop - boucle verte.<\/p>\n<p><strong>D\u00e9couvre le plaisir d'\u00eatre en contact avec la nature<\/strong><\/p>\n<p>La base de la philosophie Green Loop est de traiter les plantes et les mat\u00e9riaux vivants de mani\u00e8re \u00e0 ce que la partie que nous ne pouvons pas utiliser autrement puisse retourner dans le cycle naturel. Le design se concentre sur l'applicabilit\u00e9 pratique, le nettoyage facile et assure le traitement des d\u00e9chets en douceur, sans odeur ni moisissure. Il suffit de suivre quelques r\u00e8gles simples et tes nouveaux assistants, les vers de compost du lombricomposteur Urbalive, transformeront tes d\u00e9chets organiques en lombricompost et en th\u00e9 de vers.<\/p>\n<p><strong>O\u00f9 placer un lombricomposteur ? Dans l'appartement ou \u00e0 l'ext\u00e9rieur ? Quelles temp\u00e9ratures les vers de compost peuvent-ils supporter ?<\/strong><\/p>\n<p>Le compostage avec des vers de compost se d\u00e9roule toute l'ann\u00e9e. Un lombricomposteur peut \u00eatre install\u00e9 \u00e0 l'int\u00e9rieur ou \u00e0 l'ext\u00e9rieur. Il est toujours important de garantir aux vers de compost une temp\u00e9rature optimale d'environ 20 \u00b0 C et une humidit\u00e9 correcte du substrat. En hiver, le lombricomposteur ne doit pas rester dehors sans isolation, il ne doit pas geler. En \u00e9t\u00e9, le lombricomposteur ne doit pas \u00eatre expos\u00e9 directement au soleil, sinon il se dess\u00e8che. La temp\u00e9rature dans le lombricomposteur ne doit pas descendre en dessous de 5 \u00b0C et ne doit pas d\u00e9passer 25 \u00b0C.<\/p>\n<p><strong>Combien de temps faut-il pour transformer les restes dans un lit de vers en compost ?<\/strong><\/p>\n<p>Sois patient, cela prend environ 2 \u00e0 3 mois. Tu peux reconna\u00eetre le fait que tu as d\u00e9j\u00e0 un lombricomposteur actif, surtout gr\u00e2ce au th\u00e9 de vers.<\/p>\n<p><strong>Que faire du compost ou du th\u00e9 de vers que je n'utilise pas ?<\/strong><\/p>\n<p>Toute personne qui prend plaisir \u00e0 cultiver appr\u00e9cie aussi bien le compost que le th\u00e9 de vers. Si tu ne trouves personne qui utilise le compost pour la culture, r\u00e9pands le compost sur les arbres et les arbustes. Tu peux m\u00eame fertiliser des r\u00e9cipients avec du vert public. Tu peux faire de m\u00eame avec le th\u00e9 de vers.<\/p>\n<p><strong>Comment utiliser le th\u00e9 aux vers et comment le diluer ?<\/strong><\/p>\n<p>Le th\u00e9 de vers est un excellent engrais liquide pour les herbes aromatiques, les plantes d'int\u00e9rieur mais aussi pour le jardin. Le th\u00e9 aux vers est riche en nutriments et en enzymes, il aide les plantes \u00e0 pousser et les prot\u00e8ge contre les parasites. Le th\u00e9 de vers peut \u00eatre tir\u00e9 dans une bouteille en plastique ou en verre. L'id\u00e9al est de diluer le th\u00e9 avec de l'eau dans une proportion de 1 : 1. Avec ce th\u00e9 aux vers dilu\u00e9, arrose tes plantes ou vaporise les feuilles des plantes.<\/p>\n<p><strong>A quelle fr\u00e9quence faut-il nourrir les vers de compost ? Est-ce que je peux prendre des vacances plus longues ?<\/strong><\/p>\n<p>Les vacances ne sont pas un probl\u00e8me. Les vers de compost survivent sans probl\u00e8me m\u00eame \u00e0 une gr\u00e8ve de la faim de deux semaines. Sans nourriture, les vers de compost tiennent au maximum quatre semaines.<\/p>\n<\/div>\n<div class=\"product-description activetab\"><\/div>","protected":false},"excerpt":{"rendered":"<p>Gr\u00e2ce au lombricomposteur Urbalive, les d\u00e9chets alimentaires de la maison deviennent une nourriture attrayante pour tes nouveaux assistants - les vers de compost. Ces d\u00e9chets sont facilement transform\u00e9s en engrais naturel qui offre une nutrition et une protection optimales \u00e0 tes herbes, fruits et l\u00e9gumes.<br \/>\nLargeur : 50.5cm, hauteur : 60.5cm, profondeur : 38cm<\/p>","protected":false},"featured_media":7506,"template":"","meta":[],"product_brand":[],"product_cat":[39,1089,1088,34],"product_tag":[287],"woo-feed-brand":[],"class_list":{"0":"post-7505","1":"product","2":"type-product","3":"status-publish","4":"has-post-thumbnail","6":"product_cat-gartenzubehoer","7":"product_cat-hobbygaertner","8":"product_cat-vatertag","9":"product_cat-garten-balkon","10":"product_tag-urbangardeningshop-ch","12":"first","13":"instock","14":"taxable","15":"shipping-taxable","16":"purchasable","17":"product-type-simple"},"_links":{"self":[{"href":"https:\/\/fh-staging.vengo.cloud\/fr-ch\/wp-json\/wp\/v2\/product\/7505","targetHints":{"allow":["GET"]}}],"collection":[{"href":"https:\/\/fh-staging.vengo.cloud\/fr-ch\/wp-json\/wp\/v2\/product"}],"about":[{"href":"https:\/\/fh-staging.vengo.cloud\/fr-ch\/wp-json\/wp\/v2\/types\/product"}],"wp:featuredmedia":[{"embeddable":true,"href":"https:\/\/fh-staging.vengo.cloud\/fr-ch\/wp-json\/wp\/v2\/media\/7506"}],"wp:attachment":[{"href":"https:\/\/fh-staging.vengo.cloud\/fr-ch\/wp-json\/wp\/v2\/media?parent=7505"}],"wp:term":[{"taxonomy":"product_brand","embeddable":true,"href":"https:\/\/fh-staging.vengo.cloud\/fr-ch\/wp-json\/wp\/v2\/product_brand?post=7505"},{"taxonomy":"product_cat","embeddable":true,"href":"https:\/\/fh-staging.vengo.cloud\/fr-ch\/wp-json\/wp\/v2\/product_cat?post=7505"},{"taxonomy":"product_tag","embeddable":true,"href":"https:\/\/fh-staging.vengo.cloud\/fr-ch\/wp-json\/wp\/v2\/product_tag?post=7505"},{"taxonomy":"woo-feed-brand","embeddable":true,"href":"https:\/\/fh-staging.vengo.cloud\/fr-ch\/wp-json\/wp\/v2\/woo-feed-brand?post=7505"}],"curies":[{"name":"wp","href":"https:\/\/api.w.org\/{rel}","templated":true}]}}