{"id":7491,"date":"2021-02-15T22:05:29","date_gmt":"2021-02-15T22:05:29","guid":{"rendered":"https:\/\/fh-staging.vengo.cloud\/?product=multikraft-roots-1-liter"},"modified":"2025-05-12T14:32:24","modified_gmt":"2025-05-12T12:32:24","slug":"racines-multikraft-1-litre","status":"publish","type":"product","link":"https:\/\/fh-staging.vengo.cloud\/fr-ch\/p\/multikraft-roots-1-liter","title":{"rendered":"Multikraft Roots 1 litre"},"content":{"rendered":"<div class=\"product-description activetab\">\n<p><strong>Les pr\u00e9parations pour renforcer les plantes de ce type, sont d\u00e9j\u00e0 utilis\u00e9es avec succ\u00e8s depuis de nombreuses ann\u00e9es dans l'horticulture professionnelle et l'agriculture biologique. Avec Multikraft Roots, il existe pour la premi\u00e8re fois un produit tout-en-un pour le jardinier amateur.<\/strong><\/p>\n<\/div>\n<p><strong>Comment utiliser Multikraft Roots ?<\/strong><br \/>\nL'application est tr\u00e8s simple.<br \/>\n\"Racines Multikraft\" s'applique directement avec l'eau d'arrosage : placer les plantes et arroser : 10 ml de Racines Multikraft (1 bouchon) par litre d'eau d'arrosage, arroser les plantes en profondeur.<br \/>\nArroser r\u00e9guli\u00e8rement : 10 ml de Multikraft Racines (1 bouchon) pour 10 litres d'eau d'arrosage.<br \/>\n<strong><br \/>\nMultikraft Roots pour des racines saines !<\/strong><br \/>\nPour un bon et sain d\u00e9veloppement des plantes, les racines sont essentielles. Les racines fournissent de l'eau et des nutriments \u00e0 toute la plante. Un syst\u00e8me racinaire sain rend les plantes plus tol\u00e9rantes au stress et plus r\u00e9sistantes aux maladies et aux parasites.<\/p>\n<p style=\"text-align: left\">Le produit est autoris\u00e9 pour l'agriculture biologique selon la liste des intrants du FiBL !<\/p>\n<p><strong>Que sont les micro-organismes efficaces (EM) ?<\/strong><br \/>\nLes micro-organismes efficaces - \u00e9galement appel\u00e9s EM - sont une culture mixte liquide de micro-organismes utilis\u00e9s \u00e0 l'origine comme adjuvants du sol. La caract\u00e9ristique principale des EM est d'emp\u00eacher la pourriture et les produits m\u00e9taboliques toxiques qui en r\u00e9sultent et de soutenir les processus de r\u00e9g\u00e9n\u00e9ration. Il en r\u00e9sulte une grande vari\u00e9t\u00e9 d'applications : Non seulement la vie du sol et, par cons\u00e9quent, la sant\u00e9 des plantes sont favoris\u00e9es, mais les produits Multikraft peuvent \u00e9galement \u00eatre utilis\u00e9s dans le domaine de l'\u00e9levage, du compostage, du traitement des eaux.<br \/>\n<strong><br \/>\nMode d'action des micro-organismes efficaces\u00a0<\/strong><br \/>\nIl existe g\u00e9n\u00e9ralement trois types de micro-organismes :<br \/>\n- micro-organismes d\u00e9gradants\/d\u00e9g\u00e9n\u00e9ratifs\/pourrissants<br \/>\n- Micro-organismes neutres\/opportunistes<br \/>\n- Micro-organismes constructifs\/r\u00e9g\u00e9n\u00e9ratifs\/fermentatifs<br \/>\nLes micro-organismes efficaces peuvent \u00eatre regroup\u00e9s sous le type r\u00e9g\u00e9n\u00e9rateur. Ils peuvent emp\u00eacher la d\u00e9composition des substances organiques et maintenir ainsi la faune et la flore en bonne sant\u00e9. Le type d\u00e9g\u00e9n\u00e9ratif des micro-organismes se comporte exactement \u00e0 l'oppos\u00e9 du type r\u00e9g\u00e9n\u00e9ratif. Les micro-organismes neutres forment le plus grand groupe et suivent, selon le principe dit de dominance, le groupe qui pr\u00e9domine dans un syst\u00e8me. Donc, si nous cr\u00e9ons un environnement dans lequel les micro-organismes positifs sont pr\u00e9dominants, ces neutres suivent le processus de construction. L'utilisation de micro-organismes efficaces ouvre donc de toutes nouvelles dimensions dans de nombreux domaines de la vie.<\/p>\n<p><strong>Quel est l'effet des microorganismes dans le monde des plantes et du jardin ?<\/strong><br \/>\nLes micro-organismes efficaces enrichissent la vie microbienne du sol et rendent les nutriments plus assimilables par les plantes. Le sol devient plus fertile, plus a\u00e9r\u00e9 et peut mieux retenir l'eau, ce qui cr\u00e9e un environnement dans lequel les parasites ont plus de mal \u00e0 se d\u00e9velopper. Les applications EM cr\u00e9ent dans le jardin un milieu qui supprime les processus de putr\u00e9faction, notamment dans le compost. Les plantes sont renforc\u00e9es par l'utilisation de micro-organismes efficaces, la croissance des racines est stimul\u00e9e et leur syst\u00e8me de d\u00e9fense naturel est ainsi augment\u00e9. Elles peuvent ainsi mieux germer, fleurir, fructifier et m\u00fbrir de mani\u00e8re naturelle. Bien s\u00fbr, les nutriments ne doivent pas \u00eatre oubli\u00e9s. Une fertilisation \u00e9quilibr\u00e9e des plantes est tout de m\u00eame n\u00e9cessaire !<\/p>\n<p>M\u00eame dans l'oasis de bien-\u00eatre qu'est le jardin, il est possible de soutenir les cycles naturels et d'en tirer des avantages. Les fruits et l\u00e9gumes cultiv\u00e9s avec des micro-organismes efficaces sont tout simplement plus savoureux, plus beaux et leur dur\u00e9e de conservation est m\u00eame plus longue. Le fait que les produits Multikraft permettent d'\u00e9conomiser sur les co\u00fbts d'engrais et sur le travail personnel est un effet secondaire agr\u00e9able.<\/p>","protected":false},"excerpt":{"rendered":"<p>\"Multikraft Racines\" est une pr\u00e9paration de micro-organismes naturels contenant diff\u00e9rents extraits de plantes et des acides organiques. Elle se compose exclusivement d'ingr\u00e9dients naturels et est appliqu\u00e9e via l'eau d'arrosage.<\/p>","protected":false},"featured_media":7492,"template":"","meta":[],"product_brand":[],"product_cat":[39,1089,1088,34],"product_tag":[287],"woo-feed-brand":[],"class_list":{"0":"post-7491","1":"product","2":"type-product","3":"status-publish","4":"has-post-thumbnail","6":"product_cat-gartenzubehoer","7":"product_cat-hobbygaertner","8":"product_cat-vatertag","9":"product_cat-garten-balkon","10":"product_tag-urbangardeningshop-ch","12":"first","13":"instock","14":"taxable","15":"shipping-taxable","16":"purchasable","17":"product-type-simple"},"_links":{"self":[{"href":"https:\/\/fh-staging.vengo.cloud\/fr-ch\/wp-json\/wp\/v2\/product\/7491","targetHints":{"allow":["GET"]}}],"collection":[{"href":"https:\/\/fh-staging.vengo.cloud\/fr-ch\/wp-json\/wp\/v2\/product"}],"about":[{"href":"https:\/\/fh-staging.vengo.cloud\/fr-ch\/wp-json\/wp\/v2\/types\/product"}],"wp:featuredmedia":[{"embeddable":true,"href":"https:\/\/fh-staging.vengo.cloud\/fr-ch\/wp-json\/wp\/v2\/media\/7492"}],"wp:attachment":[{"href":"https:\/\/fh-staging.vengo.cloud\/fr-ch\/wp-json\/wp\/v2\/media?parent=7491"}],"wp:term":[{"taxonomy":"product_brand","embeddable":true,"href":"https:\/\/fh-staging.vengo.cloud\/fr-ch\/wp-json\/wp\/v2\/product_brand?post=7491"},{"taxonomy":"product_cat","embeddable":true,"href":"https:\/\/fh-staging.vengo.cloud\/fr-ch\/wp-json\/wp\/v2\/product_cat?post=7491"},{"taxonomy":"product_tag","embeddable":true,"href":"https:\/\/fh-staging.vengo.cloud\/fr-ch\/wp-json\/wp\/v2\/product_tag?post=7491"},{"taxonomy":"woo-feed-brand","embeddable":true,"href":"https:\/\/fh-staging.vengo.cloud\/fr-ch\/wp-json\/wp\/v2\/woo-feed-brand?post=7491"}],"curies":[{"name":"wp","href":"https:\/\/api.w.org\/{rel}","templated":true}]}}