{"id":7462,"date":"2025-01-08T13:16:34","date_gmt":"2025-01-08T12:16:34","guid":{"rendered":"https:\/\/fh-staging.vengo.cloud\/?product=legend-peperomia-luftreinigende-pflanze"},"modified":"2026-01-12T11:19:43","modified_gmt":"2026-01-12T10:19:43","slug":"legend-peperomia-plante-purificatrice-dair","status":"publish","type":"product","link":"https:\/\/fh-staging.vengo.cloud\/fr-ch\/p\/legend-peperomia-luftreinigende-pflanze","title":{"rendered":"Legend \/ Peperomia - Plante purificatrice d'air"},"content":{"rendered":"<p style=\"text-align: left;\">Les plantes font partie int\u00e9grante de notre vie. Mais savais-tu qu'il existe des plantes qui ne sont pas seulement jolies, mais aussi extr\u00eamement saines ? Les plantes Ogreen filtrent activement l'air ambiant, transforment le CO\u00b2 en oxyg\u00e8ne et cr\u00e9ent ainsi un environnement plus propre dans lequel tu peux \u00eatre plus performant et plus cr\u00e9atif.<\/p>\n<p style=\"text-align: left;\">L'Ogreen Legend est une plante d'int\u00e9rieur attrayante avec des feuilles \u00e9paisses en forme de goutte d'eau. C'est une plante d'int\u00e9rieur solide et durable qui pousse rapidement et se ramifie. Elle est appr\u00e9ci\u00e9e pour sa facilit\u00e9 d'entretien et son aspect \u00e9l\u00e9gant. L'Ogreen Legend s'int\u00e8gre bien dans le salon, mais convient aussi parfaitement au bureau ou \u00e0 la salle de classe.<\/p>\n<p style=\"text-align: left;\">Taille du pot : 12 cm<\/p>\n<p style=\"text-align: left;\">Hauteur : 20-30 cm<\/p>\n<p style=\"text-align: left;\">* Pour calculer l'effet purificateur de l'air des plantes Ogreen, nous avons utilis\u00e9 le poids requis des feuilles et le nombre de plantes dans une pi\u00e8ce de 10 m\u00e8tres carr\u00e9s (avec une hauteur de plafond de 2,5 m\u00e8tres).<\/p>","protected":false},"excerpt":{"rendered":"<p>La plante Peperomia d'Ogreen est livr\u00e9e avec un pot Artstone et de l'engrais biologique dans un seul paquet. Elle purifie l'air d'une pi\u00e8ce de 16m2.<\/p>","protected":false},"featured_media":36546,"template":"","meta":[],"product_brand":[],"product_cat":[118,23,1002,910,999,1088,909,1092,26,916],"product_tag":[301],"woo-feed-brand":[],"class_list":{"0":"post-7462","1":"product","2":"type-product","3":"status-publish","4":"has-post-thumbnail","6":"product_cat-zimmerpflanzen","7":"product_cat-home-living","8":"product_cat-fuer-ihn","9":"product_cat-geschenkideen","10":"product_cat-valentinstag","11":"product_cat-vatertag","12":"product_cat-weihnachten","13":"product_cat-wohlfuehltyp","14":"product_cat-blumen-pflanzen","15":"product_cat-praesente","16":"product_tag-blumenhaus-muller-ag","18":"first","19":"instock","20":"taxable","21":"shipping-taxable","22":"purchasable","23":"product-type-simple"},"_links":{"self":[{"href":"https:\/\/fh-staging.vengo.cloud\/fr-ch\/wp-json\/wp\/v2\/product\/7462","targetHints":{"allow":["GET"]}}],"collection":[{"href":"https:\/\/fh-staging.vengo.cloud\/fr-ch\/wp-json\/wp\/v2\/product"}],"about":[{"href":"https:\/\/fh-staging.vengo.cloud\/fr-ch\/wp-json\/wp\/v2\/types\/product"}],"wp:featuredmedia":[{"embeddable":true,"href":"https:\/\/fh-staging.vengo.cloud\/fr-ch\/wp-json\/wp\/v2\/media\/36546"}],"wp:attachment":[{"href":"https:\/\/fh-staging.vengo.cloud\/fr-ch\/wp-json\/wp\/v2\/media?parent=7462"}],"wp:term":[{"taxonomy":"product_brand","embeddable":true,"href":"https:\/\/fh-staging.vengo.cloud\/fr-ch\/wp-json\/wp\/v2\/product_brand?post=7462"},{"taxonomy":"product_cat","embeddable":true,"href":"https:\/\/fh-staging.vengo.cloud\/fr-ch\/wp-json\/wp\/v2\/product_cat?post=7462"},{"taxonomy":"product_tag","embeddable":true,"href":"https:\/\/fh-staging.vengo.cloud\/fr-ch\/wp-json\/wp\/v2\/product_tag?post=7462"},{"taxonomy":"woo-feed-brand","embeddable":true,"href":"https:\/\/fh-staging.vengo.cloud\/fr-ch\/wp-json\/wp\/v2\/woo-feed-brand?post=7462"}],"curies":[{"name":"wp","href":"https:\/\/api.w.org\/{rel}","templated":true}]}}