{"id":7457,"date":"2025-01-08T13:16:35","date_gmt":"2025-01-08T12:16:35","guid":{"rendered":"https:\/\/fh-staging.vengo.cloud\/?product=champ-clusia-luftreinigende-pflanze"},"modified":"2026-01-12T11:19:16","modified_gmt":"2026-01-12T10:19:16","slug":"champ-clusia-plante-purificatrice-dair","status":"publish","type":"product","link":"https:\/\/fh-staging.vengo.cloud\/fr-ch\/p\/champ-clusia-luftreinigende-pflanze","title":{"rendered":"Champ \/ Clusia - Plante purificatrice d'air"},"content":{"rendered":"<p>Les plantes font partie int\u00e9grante de notre vie. Mais savais-tu qu'il existe des plantes qui ne sont pas seulement jolies, mais aussi extr\u00eamement saines ? Les plantes Ogreen filtrent activement l'air ambiant, transforment le CO\u00b2 en oxyg\u00e8ne et cr\u00e9ent ainsi un environnement plus propre dans lequel tu peux \u00eatre plus performant et plus cr\u00e9atif.<\/p>\n<p>La clusia est une plante d'int\u00e9rieur facile \u00e0 entretenir, avec des feuilles vertes brillantes et robustes, et elle pousse en se ramifiant l\u00e9g\u00e8rement. La clusia d\u00e9corative s'\u00e9panouit en tant que plante solitaire dans le salon. Cette plante purifie l'air et cr\u00e9e un environnement de vie ou de travail sain.<\/p>\n<p>Taille du pot : 12 cm<\/p>\n<p>Hauteur : 20-30 cm<\/p>\n<p>* Pour calculer l'effet purificateur de l'air des plantes Ogreen, nous avons utilis\u00e9 le poids requis des feuilles et le nombre de plantes dans une pi\u00e8ce de 10 m\u00e8tres carr\u00e9s (avec une hauteur de plafond de 2,5 m\u00e8tres).<\/p>","protected":false},"excerpt":{"rendered":"<p>La plante Clusia d'Ogreen est livr\u00e9e avec un pot Artstone et de l'engrais biologique dans un seul paquet. Elle purifie l'air d'une pi\u00e8ce de 30m2.<\/p>","protected":false},"featured_media":36549,"template":"","meta":[],"product_brand":[],"product_cat":[118,23,1003,910,1020,1018,984,993,999,1088,909,1092,26,916],"product_tag":[301],"woo-feed-brand":[],"class_list":{"0":"post-7457","1":"product","2":"type-product","3":"status-publish","4":"has-post-thumbnail","6":"product_cat-zimmerpflanzen","7":"product_cat-home-living","8":"product_cat-fuer-sie","9":"product_cat-geschenkideen","10":"product_cat-ostergeschenke","11":"product_cat-ostern","12":"product_cat-silvester","13":"product_cat-silvestergeschenke","14":"product_cat-valentinstag","15":"product_cat-vatertag","16":"product_cat-weihnachten","17":"product_cat-wohlfuehltyp","18":"product_cat-blumen-pflanzen","19":"product_cat-praesente","20":"product_tag-blumenhaus-muller-ag","22":"first","23":"instock","24":"featured","25":"taxable","26":"shipping-taxable","27":"purchasable","28":"product-type-simple"},"_links":{"self":[{"href":"https:\/\/fh-staging.vengo.cloud\/fr-ch\/wp-json\/wp\/v2\/product\/7457","targetHints":{"allow":["GET"]}}],"collection":[{"href":"https:\/\/fh-staging.vengo.cloud\/fr-ch\/wp-json\/wp\/v2\/product"}],"about":[{"href":"https:\/\/fh-staging.vengo.cloud\/fr-ch\/wp-json\/wp\/v2\/types\/product"}],"wp:featuredmedia":[{"embeddable":true,"href":"https:\/\/fh-staging.vengo.cloud\/fr-ch\/wp-json\/wp\/v2\/media\/36549"}],"wp:attachment":[{"href":"https:\/\/fh-staging.vengo.cloud\/fr-ch\/wp-json\/wp\/v2\/media?parent=7457"}],"wp:term":[{"taxonomy":"product_brand","embeddable":true,"href":"https:\/\/fh-staging.vengo.cloud\/fr-ch\/wp-json\/wp\/v2\/product_brand?post=7457"},{"taxonomy":"product_cat","embeddable":true,"href":"https:\/\/fh-staging.vengo.cloud\/fr-ch\/wp-json\/wp\/v2\/product_cat?post=7457"},{"taxonomy":"product_tag","embeddable":true,"href":"https:\/\/fh-staging.vengo.cloud\/fr-ch\/wp-json\/wp\/v2\/product_tag?post=7457"},{"taxonomy":"woo-feed-brand","embeddable":true,"href":"https:\/\/fh-staging.vengo.cloud\/fr-ch\/wp-json\/wp\/v2\/woo-feed-brand?post=7457"}],"curies":[{"name":"wp","href":"https:\/\/api.w.org\/{rel}","templated":true}]}}