{"id":7301,"date":"2021-01-07T08:09:14","date_gmt":"2021-01-07T08:09:14","guid":{"rendered":"https:\/\/fh-staging.vengo.cloud\/?product=infinity-rosenbox-pfirsich-diy"},"modified":"2025-10-22T11:26:24","modified_gmt":"2025-10-22T09:26:24","slug":"boite-a-roses-infinity-peche-diy","status":"publish","type":"product","link":"https:\/\/fh-staging.vengo.cloud\/fr-ch\/p\/infinity-rosenbox-pfirsich-diy","title":{"rendered":"Bo\u00eete \u00e0 roses Infinity p\u00eache (DIY)"},"content":{"rendered":"<p style=\"text-align: left;\">Des roses intemporelles pour l'\u00e9ternit\u00e9.<br \/>\nCr\u00e9e toi-m\u00eame une bo\u00eete \u00e0 roses Infinity avec notre kit de bricolage.<\/p>\n<p style=\"text-align: left;\"><strong>Le kit DIY comprend<br \/>\n<\/strong><br \/>\n- 1 mousse \u00e0 piquer pour fleurs s\u00e8ches Oasis<br \/>\n- 1 bo\u00eete \u00e0 fleurs cr\u00e8me 15 cm<br \/>\n- 12 roses stabilis\u00e9es \u00e0 la p\u00eache<br \/>\n- 1 sac de mousse blanche ou de lichen<br \/>\n- Guide de cr\u00e9ation de la bo\u00eete \u00e0 roses<\/p>\n<p>Les roses stabilis\u00e9es, \u00e9galement appel\u00e9es roses \u00e0 l'infini, sont de v\u00e9ritables roses magnifiquement conserv\u00e9es qui durent au moins 1 \u00e0 3 ans. Les roses stabilis\u00e9es ne supportent ni l'eau ni l'humidit\u00e9. De plus, elles durent plus longtemps si elles ne sont pas plac\u00e9es dans des endroits fortement expos\u00e9s \u00e0 la lumi\u00e8re (par exemple directement au soleil derri\u00e8re une vitre). Comme elles durent longtemps, elles prennent un peu de poussi\u00e8re avec le temps. Nettoie-les avec un pinceau doux et sec en passant doucement sur les fleurs ou en soufflant simplement sur la poussi\u00e8re.<\/p>","protected":false},"excerpt":{"rendered":"<p>Bo\u00eete \u00e0 roses Infinity p\u00eache (DIY)<\/p>","protected":false},"featured_media":7302,"template":"","meta":[],"product_brand":[],"product_cat":[1196,23,910,909,102,26,29,916],"product_tag":[282],"woo-feed-brand":[],"class_list":{"0":"post-7301","1":"product","2":"type-product","3":"status-publish","4":"has-post-thumbnail","6":"product_cat-natur-deko","7":"product_cat-home-living","8":"product_cat-geschenkideen","9":"product_cat-weihnachten","10":"product_cat-infinity-rosen","11":"product_cat-blumen-pflanzen","12":"product_cat-do-it-yourself","13":"product_cat-praesente","14":"product_tag-fleurop-interflora","16":"first","17":"instock","18":"taxable","19":"shipping-taxable","20":"purchasable","21":"product-type-simple"},"_links":{"self":[{"href":"https:\/\/fh-staging.vengo.cloud\/fr-ch\/wp-json\/wp\/v2\/product\/7301","targetHints":{"allow":["GET"]}}],"collection":[{"href":"https:\/\/fh-staging.vengo.cloud\/fr-ch\/wp-json\/wp\/v2\/product"}],"about":[{"href":"https:\/\/fh-staging.vengo.cloud\/fr-ch\/wp-json\/wp\/v2\/types\/product"}],"wp:featuredmedia":[{"embeddable":true,"href":"https:\/\/fh-staging.vengo.cloud\/fr-ch\/wp-json\/wp\/v2\/media\/7302"}],"wp:attachment":[{"href":"https:\/\/fh-staging.vengo.cloud\/fr-ch\/wp-json\/wp\/v2\/media?parent=7301"}],"wp:term":[{"taxonomy":"product_brand","embeddable":true,"href":"https:\/\/fh-staging.vengo.cloud\/fr-ch\/wp-json\/wp\/v2\/product_brand?post=7301"},{"taxonomy":"product_cat","embeddable":true,"href":"https:\/\/fh-staging.vengo.cloud\/fr-ch\/wp-json\/wp\/v2\/product_cat?post=7301"},{"taxonomy":"product_tag","embeddable":true,"href":"https:\/\/fh-staging.vengo.cloud\/fr-ch\/wp-json\/wp\/v2\/product_tag?post=7301"},{"taxonomy":"woo-feed-brand","embeddable":true,"href":"https:\/\/fh-staging.vengo.cloud\/fr-ch\/wp-json\/wp\/v2\/woo-feed-brand?post=7301"}],"curies":[{"name":"wp","href":"https:\/\/api.w.org\/{rel}","templated":true}]}}