{"id":71707,"date":"2026-01-08T14:34:59","date_gmt":"2026-01-08T13:34:59","guid":{"rendered":"https:\/\/fh-staging.vengo.cloud\/de-ch\/?post_type=product&#038;p=71707"},"modified":"2026-01-09T10:09:37","modified_gmt":"2026-01-09T09:09:37","slug":"lumiere-solaire-bee-bug-light","status":"publish","type":"product","link":"https:\/\/fh-staging.vengo.cloud\/fr-ch\/p\/solarlicht-bee-bug-light","title":{"rendered":"Lumi\u00e8re solaire Bee Bug Light"},"content":{"rendered":"<p>4 LED de couleur cuivre cr\u00e9ent un effet lumineux \u00e9poustouflant la nuit. Se charge \u00e0 la lumi\u00e8re directe du soleil et s'allume automatiquement la nuit.<\/p>\n<p>Taille : 14 x 10 x 10cm<\/p>","protected":false},"excerpt":{"rendered":"<p>Taille : 11.5 x 12.5 x 12 cm<\/p>","protected":false},"featured_media":71708,"template":"","meta":[],"product_brand":[],"product_cat":[35,34,132],"product_tag":[973],"woo-feed-brand":[],"class_list":{"0":"post-71707","1":"product","2":"type-product","3":"status-publish","4":"has-post-thumbnail","6":"product_cat-gartendeko","7":"product_cat-garten-balkon","8":"product_cat-neu","9":"product_tag-samen-mauser","11":"first","12":"instock","13":"taxable","14":"shipping-taxable","15":"purchasable","16":"product-type-simple"},"_links":{"self":[{"href":"https:\/\/fh-staging.vengo.cloud\/fr-ch\/wp-json\/wp\/v2\/product\/71707","targetHints":{"allow":["GET"]}}],"collection":[{"href":"https:\/\/fh-staging.vengo.cloud\/fr-ch\/wp-json\/wp\/v2\/product"}],"about":[{"href":"https:\/\/fh-staging.vengo.cloud\/fr-ch\/wp-json\/wp\/v2\/types\/product"}],"wp:featuredmedia":[{"embeddable":true,"href":"https:\/\/fh-staging.vengo.cloud\/fr-ch\/wp-json\/wp\/v2\/media\/71708"}],"wp:attachment":[{"href":"https:\/\/fh-staging.vengo.cloud\/fr-ch\/wp-json\/wp\/v2\/media?parent=71707"}],"wp:term":[{"taxonomy":"product_brand","embeddable":true,"href":"https:\/\/fh-staging.vengo.cloud\/fr-ch\/wp-json\/wp\/v2\/product_brand?post=71707"},{"taxonomy":"product_cat","embeddable":true,"href":"https:\/\/fh-staging.vengo.cloud\/fr-ch\/wp-json\/wp\/v2\/product_cat?post=71707"},{"taxonomy":"product_tag","embeddable":true,"href":"https:\/\/fh-staging.vengo.cloud\/fr-ch\/wp-json\/wp\/v2\/product_tag?post=71707"},{"taxonomy":"woo-feed-brand","embeddable":true,"href":"https:\/\/fh-staging.vengo.cloud\/fr-ch\/wp-json\/wp\/v2\/woo-feed-brand?post=71707"}],"curies":[{"name":"wp","href":"https:\/\/api.w.org\/{rel}","templated":true}]}}