{"id":71636,"date":"2026-01-08T11:14:02","date_gmt":"2026-01-08T10:14:02","guid":{"rendered":"https:\/\/fh-staging.vengo.cloud\/de-ch\/?post_type=product&#038;p=71636"},"modified":"2026-01-09T09:05:03","modified_gmt":"2026-01-09T08:05:03","slug":"verre-a-pousses","status":"publish","type":"product","link":"https:\/\/fh-staging.vengo.cloud\/fr-ch\/p\/sprossenglass","title":{"rendered":"Verre \u00e0 croisillons"},"content":{"rendered":"<p>Le joli bocal \u00e0 pousses offre une possibilit\u00e9 simple de faire pousser tes propres pousses et germes comme les radis, les radis, les haricots mungo ou la luzerne. Ce bocal peut \u00eatre facilement nettoy\u00e9 au lave-vaisselle.<br \/>\nLes pousses germ\u00e9es sont riches en vitamines, en min\u00e9raux et en substances v\u00e9g\u00e9tales secondaires - en concentration nettement plus \u00e9lev\u00e9e que dans les plantes adultes. Elles soutiennent le syst\u00e8me immunitaire, favorisent de nombreuses fonctions corporelles et contribuent \u00e0 la sant\u00e9 g\u00e9n\u00e9rale.<\/p>\n<table class=\"tblAttribute\">\n<tbody>\n<tr>\n<td class=\"tdAttributeLabel\">Semer :<\/td>\n<td class=\"tdAttributeContent\">Faire tremper les graines dans l'eau pendant 8 \u00e0 12 heures, les rincer soigneusement et les mettre dans le bocal \u00e0 pousses.<\/td>\n<\/tr>\n<tr>\n<td class=\"tdAttributeLabel\">Soins :<\/td>\n<td class=\"tdAttributeContent\">Respecter l'hygi\u00e8ne. Rincer les graines \u00e0 l'eau ti\u00e8de au moins deux fois par jour (les l\u00e9gumineuses \u00e0 l'eau froide).<\/td>\n<\/tr>\n<tr>\n<td class=\"tdAttributeLabel\">Conseil :<\/td>\n<td class=\"tdAttributeContent\">Placer le verre \u00e0 l'envers dans un endroit lumineux mais \u00e0 l'abri du soleil.<\/td>\n<\/tr>\n<tr>\n<td class=\"tdAttributeLabel\">R\u00e9colte :<\/td>\n<td class=\"tdAttributeContent\">La dur\u00e9e de germination varie de 1 \u00e0 14 jours en fonction de la semence, de la lumi\u00e8re et des saisons.<\/td>\n<\/tr>\n<\/tbody>\n<\/table>","protected":false},"excerpt":{"rendered":"<p>Le joli pot \u00e0 pousses offre une possibilit\u00e9 simple de faire pousser tes propres pousses et germes comme les radis, les radis, les haricots mungo ou la luzerne.<\/p>","protected":false},"featured_media":71637,"template":"","meta":[],"product_brand":[],"product_cat":[44,42,132],"product_tag":[973],"woo-feed-brand":[],"class_list":{"0":"post-71636","1":"product","2":"type-product","3":"status-publish","4":"has-post-thumbnail","6":"product_cat-kuechenhelfer","7":"product_cat-kueche","8":"product_cat-neu","9":"product_tag-samen-mauser","11":"first","12":"instock","13":"taxable","14":"shipping-taxable","15":"purchasable","16":"product-type-simple"},"_links":{"self":[{"href":"https:\/\/fh-staging.vengo.cloud\/fr-ch\/wp-json\/wp\/v2\/product\/71636","targetHints":{"allow":["GET"]}}],"collection":[{"href":"https:\/\/fh-staging.vengo.cloud\/fr-ch\/wp-json\/wp\/v2\/product"}],"about":[{"href":"https:\/\/fh-staging.vengo.cloud\/fr-ch\/wp-json\/wp\/v2\/types\/product"}],"wp:featuredmedia":[{"embeddable":true,"href":"https:\/\/fh-staging.vengo.cloud\/fr-ch\/wp-json\/wp\/v2\/media\/71637"}],"wp:attachment":[{"href":"https:\/\/fh-staging.vengo.cloud\/fr-ch\/wp-json\/wp\/v2\/media?parent=71636"}],"wp:term":[{"taxonomy":"product_brand","embeddable":true,"href":"https:\/\/fh-staging.vengo.cloud\/fr-ch\/wp-json\/wp\/v2\/product_brand?post=71636"},{"taxonomy":"product_cat","embeddable":true,"href":"https:\/\/fh-staging.vengo.cloud\/fr-ch\/wp-json\/wp\/v2\/product_cat?post=71636"},{"taxonomy":"product_tag","embeddable":true,"href":"https:\/\/fh-staging.vengo.cloud\/fr-ch\/wp-json\/wp\/v2\/product_tag?post=71636"},{"taxonomy":"woo-feed-brand","embeddable":true,"href":"https:\/\/fh-staging.vengo.cloud\/fr-ch\/wp-json\/wp\/v2\/woo-feed-brand?post=71636"}],"curies":[{"name":"wp","href":"https:\/\/api.w.org\/{rel}","templated":true}]}}