{"id":71403,"date":"2025-12-26T15:07:00","date_gmt":"2025-12-26T14:07:00","guid":{"rendered":"https:\/\/fh-staging.vengo.cloud\/fr-ch\/?post_type=product&#038;p=71403"},"modified":"2025-12-29T09:49:43","modified_gmt":"2025-12-29T08:49:43","slug":"arrangement-dans-un-bol-en-verre-pour-toi","status":"publish","type":"product","link":"https:\/\/fh-staging.vengo.cloud\/fr-ch\/p\/arrangement-in-glasschale-pour-toi","title":{"rendered":"Arrangement dans une coupe en verre \u00abPour toi\u00bb"},"content":{"rendered":"<p>Magnifique coupe en verre avec deux roses stabilis\u00e9es orange et des plantes stabilis\u00e9es s\u00e9ch\u00e9es. Se conserve plusieurs ann\u00e9es sans entretien - un cadeau plein de tendresse et d'amour pour une personne qui te tient \u00e0 c\u0153ur.<\/p>\n<p>Diam\u00e8tre d'environ 23 cm.<\/p>","protected":false},"excerpt":{"rendered":"<p>Arrangement dans un bol en verre<\/p>","protected":false},"featured_media":71404,"template":"","meta":[],"product_brand":[],"product_cat":[102,23,26,52,55,132],"product_tag":[1135],"woo-feed-brand":[],"class_list":{"0":"post-71403","1":"product","2":"type-product","3":"status-publish","4":"has-post-thumbnail","6":"product_cat-infinity-rosen","7":"product_cat-home-living","8":"product_cat-blumen-pflanzen","9":"product_cat-geschenke","10":"product_cat-blumige-geschenke","11":"product_cat-neu","12":"product_tag-mon-reve-fleuri","14":"first","15":"instock","16":"taxable","17":"shipping-taxable","18":"purchasable","19":"product-type-simple"},"_links":{"self":[{"href":"https:\/\/fh-staging.vengo.cloud\/fr-ch\/wp-json\/wp\/v2\/product\/71403","targetHints":{"allow":["GET"]}}],"collection":[{"href":"https:\/\/fh-staging.vengo.cloud\/fr-ch\/wp-json\/wp\/v2\/product"}],"about":[{"href":"https:\/\/fh-staging.vengo.cloud\/fr-ch\/wp-json\/wp\/v2\/types\/product"}],"wp:featuredmedia":[{"embeddable":true,"href":"https:\/\/fh-staging.vengo.cloud\/fr-ch\/wp-json\/wp\/v2\/media\/71404"}],"wp:attachment":[{"href":"https:\/\/fh-staging.vengo.cloud\/fr-ch\/wp-json\/wp\/v2\/media?parent=71403"}],"wp:term":[{"taxonomy":"product_brand","embeddable":true,"href":"https:\/\/fh-staging.vengo.cloud\/fr-ch\/wp-json\/wp\/v2\/product_brand?post=71403"},{"taxonomy":"product_cat","embeddable":true,"href":"https:\/\/fh-staging.vengo.cloud\/fr-ch\/wp-json\/wp\/v2\/product_cat?post=71403"},{"taxonomy":"product_tag","embeddable":true,"href":"https:\/\/fh-staging.vengo.cloud\/fr-ch\/wp-json\/wp\/v2\/product_tag?post=71403"},{"taxonomy":"woo-feed-brand","embeddable":true,"href":"https:\/\/fh-staging.vengo.cloud\/fr-ch\/wp-json\/wp\/v2\/woo-feed-brand?post=71403"}],"curies":[{"name":"wp","href":"https:\/\/api.w.org\/{rel}","templated":true}]}}