{"id":7127,"date":"2020-10-26T17:27:51","date_gmt":"2020-10-26T16:27:51","guid":{"rendered":"https:\/\/fh-staging.vengo.cloud\/?product=gottlieber-schatzkistli-5-the-very-best-of-gottlieber"},"modified":"2025-12-02T11:31:07","modified_gmt":"2025-12-02T10:31:07","slug":"gottlieber-schatzkistli-5-the-very-best-of-gottlieber-2","status":"publish","type":"product","link":"https:\/\/fh-staging.vengo.cloud\/fr-ch\/p\/gottlieber-schatzkistli-5-the-very-best-of-gottlieber-2","title":{"rendered":"Gottlieber Schatzkistli 5 : \"The very best of Gottlieber\" (le meilleur de Gottlieber)"},"content":{"rendered":"<p>Les amandes au cacao les plus fines, les tartufi faits \u00e0 la main, les bricelets premium exclusifs et d'autres sp\u00e9cialit\u00e9s raffin\u00e9es de notre manufacture : notre bo\u00eete \u00e0 tr\u00e9sors \"THE VERY BEST OF GOTTLIEBER\" r\u00e9unit certains de nos produits les plus appr\u00e9ci\u00e9s et les plus s\u00e9lectionn\u00e9s.<\/p>\n<p>La bo\u00eete \u00e0 tr\u00e9sors de Gottlieber \"THE VERY BEST OF GOTTLIEBER\" est emball\u00e9e dans notre \u00e9l\u00e9gante bo\u00eete pliante noire et blanche en carton solide avec fermeture magn\u00e9tique (r\u00e9utilisable).<\/p>\n<p><strong>Contenu<\/strong><br \/>\nAmandes au cacao en sachet, 180 g<br \/>\nBouch\u00e9es d'orange Gianduja dans un sac,<br \/>\nEdition sp\u00e9ciale, 10 gaufrettes, 150 g<br \/>\nMini-bouch\u00e9es \"Noix de Coco\", environ 22 bouch\u00e9es, 85 g<br \/>\nMini-bouch\u00e9es Black Special Grand Cru, environ 22 bouch\u00e9es, 95 g<br \/>\n\"Le p\u00e9ch\u00e9 du matin\" p\u00e2te \u00e0 tartiner maison (v\u00e9g\u00e9talienne), 300 g<br \/>\nPralin\u00e9 Mono, 4 bouch\u00e9es, 60 g<br \/>\nRoyal H\u00fcppen Amaretto &amp; Irish Cream, 8 bouchons, 120 g<br \/>\nTartufi Bianchi, 6 pi\u00e8ces dans un sachet, 72 g<br \/>\nTartufi Neri, 6 pi\u00e8ces dans un sachet, 72 g<br \/>\nEl\u00e9gante bo\u00eete pliante en carton solide dans un design \u00e0 rayures noires et blanches avec fermeture magn\u00e9tique (r\u00e9utilisable)<\/p>\n<p><strong>Masse<\/strong><br \/>\n210 x 297 x 105mm<\/p>\n<p style=\"text-align: left\"><a href=\"https:\/\/www.gottlieber.ch\/de\/online-shop\/naehrwertinformationen\" target=\"_blank\" rel=\"noopener\"> Informations nutritionnelles et conseils pour les personnes allergiques<\/a><\/p>","protected":false},"excerpt":{"rendered":"<p>El\u00e9gante bo\u00eete cadeau contenant diff\u00e9rents bricelets Gottlieber et d'autres d\u00e9licieuses sp\u00e9cialit\u00e9s au chocolat.<\/p>","protected":false},"featured_media":7128,"template":"","meta":[],"product_brand":[],"product_cat":[53,42,114,885,52,54],"product_tag":[286],"woo-feed-brand":[],"class_list":{"0":"post-7127","1":"product","2":"type-product","3":"status-publish","4":"has-post-thumbnail","6":"product_cat-geschenksets","7":"product_cat-kueche","8":"product_cat-schokolade-sweets","9":"product_cat-koestlichkeiten","10":"product_cat-geschenke","11":"product_cat-feinkost","12":"product_tag-gottlieber-spezialitaten-ag","14":"first","15":"instock","16":"taxable","17":"shipping-taxable","18":"purchasable","19":"product-type-simple"},"_links":{"self":[{"href":"https:\/\/fh-staging.vengo.cloud\/fr-ch\/wp-json\/wp\/v2\/product\/7127","targetHints":{"allow":["GET"]}}],"collection":[{"href":"https:\/\/fh-staging.vengo.cloud\/fr-ch\/wp-json\/wp\/v2\/product"}],"about":[{"href":"https:\/\/fh-staging.vengo.cloud\/fr-ch\/wp-json\/wp\/v2\/types\/product"}],"wp:featuredmedia":[{"embeddable":true,"href":"https:\/\/fh-staging.vengo.cloud\/fr-ch\/wp-json\/wp\/v2\/media\/7128"}],"wp:attachment":[{"href":"https:\/\/fh-staging.vengo.cloud\/fr-ch\/wp-json\/wp\/v2\/media?parent=7127"}],"wp:term":[{"taxonomy":"product_brand","embeddable":true,"href":"https:\/\/fh-staging.vengo.cloud\/fr-ch\/wp-json\/wp\/v2\/product_brand?post=7127"},{"taxonomy":"product_cat","embeddable":true,"href":"https:\/\/fh-staging.vengo.cloud\/fr-ch\/wp-json\/wp\/v2\/product_cat?post=7127"},{"taxonomy":"product_tag","embeddable":true,"href":"https:\/\/fh-staging.vengo.cloud\/fr-ch\/wp-json\/wp\/v2\/product_tag?post=7127"},{"taxonomy":"woo-feed-brand","embeddable":true,"href":"https:\/\/fh-staging.vengo.cloud\/fr-ch\/wp-json\/wp\/v2\/woo-feed-brand?post=7127"}],"curies":[{"name":"wp","href":"https:\/\/api.w.org\/{rel}","templated":true}]}}