{"id":70698,"date":"2025-12-10T11:55:28","date_gmt":"2025-12-10T10:55:28","guid":{"rendered":"https:\/\/fh-staging.vengo.cloud\/fr-ch\/?post_type=product&#038;p=70698"},"modified":"2025-12-10T14:50:21","modified_gmt":"2025-12-10T13:50:21","slug":"arrangement-arc-en-ciel","status":"publish","type":"product","link":"https:\/\/fh-staging.vengo.cloud\/fr-ch\/p\/arrangement-regenbogen","title":{"rendered":"Arrangement arc-en-ciel"},"content":{"rendered":"<p>Cet arrangement aux couleurs de l'arc-en-ciel est compos\u00e9 de plantes s\u00e9ch\u00e9es et stabilis\u00e9es qui ne n\u00e9cessitent aucun entretien et qui durent plusieurs ann\u00e9es. Elle est pr\u00e9sent\u00e9e dans une belle coupe en verre et constitue un cadeau id\u00e9al.<br \/>\nHauteur environ 22 cm.<\/p>","protected":false},"excerpt":{"rendered":"<p>Arrangement dans un bol en verre<\/p>","protected":false},"featured_media":70699,"template":"","meta":[],"product_brand":[],"product_cat":[102,23,26,132],"product_tag":[1135],"woo-feed-brand":[],"class_list":{"0":"post-70698","1":"product","2":"type-product","3":"status-publish","4":"has-post-thumbnail","6":"product_cat-infinity-rosen","7":"product_cat-home-living","8":"product_cat-blumen-pflanzen","9":"product_cat-neu","10":"product_tag-mon-reve-fleuri","12":"first","13":"instock","14":"taxable","15":"shipping-taxable","16":"purchasable","17":"product-type-simple"},"_links":{"self":[{"href":"https:\/\/fh-staging.vengo.cloud\/fr-ch\/wp-json\/wp\/v2\/product\/70698","targetHints":{"allow":["GET"]}}],"collection":[{"href":"https:\/\/fh-staging.vengo.cloud\/fr-ch\/wp-json\/wp\/v2\/product"}],"about":[{"href":"https:\/\/fh-staging.vengo.cloud\/fr-ch\/wp-json\/wp\/v2\/types\/product"}],"wp:featuredmedia":[{"embeddable":true,"href":"https:\/\/fh-staging.vengo.cloud\/fr-ch\/wp-json\/wp\/v2\/media\/70699"}],"wp:attachment":[{"href":"https:\/\/fh-staging.vengo.cloud\/fr-ch\/wp-json\/wp\/v2\/media?parent=70698"}],"wp:term":[{"taxonomy":"product_brand","embeddable":true,"href":"https:\/\/fh-staging.vengo.cloud\/fr-ch\/wp-json\/wp\/v2\/product_brand?post=70698"},{"taxonomy":"product_cat","embeddable":true,"href":"https:\/\/fh-staging.vengo.cloud\/fr-ch\/wp-json\/wp\/v2\/product_cat?post=70698"},{"taxonomy":"product_tag","embeddable":true,"href":"https:\/\/fh-staging.vengo.cloud\/fr-ch\/wp-json\/wp\/v2\/product_tag?post=70698"},{"taxonomy":"woo-feed-brand","embeddable":true,"href":"https:\/\/fh-staging.vengo.cloud\/fr-ch\/wp-json\/wp\/v2\/woo-feed-brand?post=70698"}],"curies":[{"name":"wp","href":"https:\/\/api.w.org\/{rel}","templated":true}]}}