{"id":6939,"date":"2020-09-22T08:30:37","date_gmt":"2020-09-22T08:30:37","guid":{"rendered":"https:\/\/fh-staging.vengo.cloud\/?product=vase-ada-farbe-braun-grosse-l"},"modified":"2025-10-22T13:30:27","modified_gmt":"2025-10-22T11:30:27","slug":"vase-ada-couleur-marron-grand-l","status":"publish","type":"product","link":"https:\/\/fh-staging.vengo.cloud\/fr-ch\/p\/vase-ada-farbe-braun-grosse-l","title":{"rendered":"Vase Ada couleur marron taille (L)"},"content":{"rendered":"<p>Ce beau vase en c\u00e9ramique est tr\u00e8s esth\u00e9tique et d\u00e9corera ton int\u00e9rieur. Avec ses lignes \u00e9pur\u00e9es et ses couleurs sobres, il apporte une touche de modernit\u00e9 \u00e0 n'importe quelle ambiance.<\/p>\n<p>Que ce soit pour ta maison ou comme cadeau pour un \u00eatre cher, elle ravira tout le monde.<\/p>","protected":false},"excerpt":{"rendered":"<p>Vase moderne en c\u00e9ramique marron \u00d8 18 x 9,70 x 21,50<\/p>","protected":false},"featured_media":6940,"template":"","meta":[],"product_brand":[],"product_cat":[27,23,1197],"product_tag":[905],"woo-feed-brand":[],"class_list":{"0":"post-6939","1":"product","2":"type-product","3":"status-publish","4":"has-post-thumbnail","6":"product_cat-vasen-gefaesse","7":"product_cat-home-living","8":"product_cat-vasen","9":"product_tag-la-rose-dor","11":"first","12":"instock","13":"taxable","14":"shipping-taxable","15":"purchasable","16":"product-type-simple"},"_links":{"self":[{"href":"https:\/\/fh-staging.vengo.cloud\/fr-ch\/wp-json\/wp\/v2\/product\/6939","targetHints":{"allow":["GET"]}}],"collection":[{"href":"https:\/\/fh-staging.vengo.cloud\/fr-ch\/wp-json\/wp\/v2\/product"}],"about":[{"href":"https:\/\/fh-staging.vengo.cloud\/fr-ch\/wp-json\/wp\/v2\/types\/product"}],"wp:featuredmedia":[{"embeddable":true,"href":"https:\/\/fh-staging.vengo.cloud\/fr-ch\/wp-json\/wp\/v2\/media\/6940"}],"wp:attachment":[{"href":"https:\/\/fh-staging.vengo.cloud\/fr-ch\/wp-json\/wp\/v2\/media?parent=6939"}],"wp:term":[{"taxonomy":"product_brand","embeddable":true,"href":"https:\/\/fh-staging.vengo.cloud\/fr-ch\/wp-json\/wp\/v2\/product_brand?post=6939"},{"taxonomy":"product_cat","embeddable":true,"href":"https:\/\/fh-staging.vengo.cloud\/fr-ch\/wp-json\/wp\/v2\/product_cat?post=6939"},{"taxonomy":"product_tag","embeddable":true,"href":"https:\/\/fh-staging.vengo.cloud\/fr-ch\/wp-json\/wp\/v2\/product_tag?post=6939"},{"taxonomy":"woo-feed-brand","embeddable":true,"href":"https:\/\/fh-staging.vengo.cloud\/fr-ch\/wp-json\/wp\/v2\/woo-feed-brand?post=6939"}],"curies":[{"name":"wp","href":"https:\/\/api.w.org\/{rel}","templated":true}]}}