{"id":68247,"date":"2025-11-15T16:34:08","date_gmt":"2025-11-15T15:34:08","guid":{"rendered":"https:\/\/fh-staging.vengo.cloud\/fr-ch\/?post_type=product&#038;p=68247"},"modified":"2025-12-19T09:30:28","modified_gmt":"2025-12-19T08:30:28","slug":"bonsai-stabilise-juste-merveilleux","status":"publish","type":"product","link":"https:\/\/fh-staging.vengo.cloud\/fr-ch\/p\/stabilisierter-bonsai-juste-merveilleux","title":{"rendered":"Bonsa\u00ef stabilis\u00e9 \u00abJuste merveilleux\u00bb"},"content":{"rendered":"<p>Ce magnifique bonsa\u00ef apporte de l'harmonie \u00e0 ta maison ou \u00e0 ta zone de r\u00e9ception. Il ne n\u00e9cessite aucun entretien et dure plusieurs ann\u00e9es.<br \/>\nIl s'agit d'une pi\u00e8ce unique, fabriqu\u00e9e \u00e0 la main avec beaucoup d'amour.<\/p>","protected":false},"excerpt":{"rendered":"<p>Magnifique bonsa\u00ef stabilis\u00e9<\/p>","protected":false},"featured_media":68382,"template":"","meta":[],"product_brand":[],"product_cat":[107,23,26],"product_tag":[1135],"woo-feed-brand":[],"class_list":{"0":"post-68247","1":"product","2":"type-product","3":"status-publish","4":"has-post-thumbnail","6":"product_cat-kunstblumen","7":"product_cat-home-living","8":"product_cat-blumen-pflanzen","9":"product_tag-mon-reve-fleuri","11":"first","12":"instock","13":"taxable","14":"shipping-taxable","15":"purchasable","16":"product-type-simple"},"_links":{"self":[{"href":"https:\/\/fh-staging.vengo.cloud\/fr-ch\/wp-json\/wp\/v2\/product\/68247","targetHints":{"allow":["GET"]}}],"collection":[{"href":"https:\/\/fh-staging.vengo.cloud\/fr-ch\/wp-json\/wp\/v2\/product"}],"about":[{"href":"https:\/\/fh-staging.vengo.cloud\/fr-ch\/wp-json\/wp\/v2\/types\/product"}],"wp:featuredmedia":[{"embeddable":true,"href":"https:\/\/fh-staging.vengo.cloud\/fr-ch\/wp-json\/wp\/v2\/media\/68382"}],"wp:attachment":[{"href":"https:\/\/fh-staging.vengo.cloud\/fr-ch\/wp-json\/wp\/v2\/media?parent=68247"}],"wp:term":[{"taxonomy":"product_brand","embeddable":true,"href":"https:\/\/fh-staging.vengo.cloud\/fr-ch\/wp-json\/wp\/v2\/product_brand?post=68247"},{"taxonomy":"product_cat","embeddable":true,"href":"https:\/\/fh-staging.vengo.cloud\/fr-ch\/wp-json\/wp\/v2\/product_cat?post=68247"},{"taxonomy":"product_tag","embeddable":true,"href":"https:\/\/fh-staging.vengo.cloud\/fr-ch\/wp-json\/wp\/v2\/product_tag?post=68247"},{"taxonomy":"woo-feed-brand","embeddable":true,"href":"https:\/\/fh-staging.vengo.cloud\/fr-ch\/wp-json\/wp\/v2\/woo-feed-brand?post=68247"}],"curies":[{"name":"wp","href":"https:\/\/api.w.org\/{rel}","templated":true}]}}