{"id":67749,"date":"2025-11-11T13:40:23","date_gmt":"2025-11-11T12:40:23","guid":{"rendered":"https:\/\/fh-staging.vengo.cloud\/de-ch\/p\/stumpenkerze-weiss-o100mm-hoehe-100mm"},"modified":"2025-12-19T09:37:15","modified_gmt":"2025-12-19T08:37:15","slug":"bougie-ronde-blanche-o100mm-hauteur-100mm","status":"publish","type":"product","link":"https:\/\/fh-staging.vengo.cloud\/fr-ch\/p\/stumpenkerze-weiss-o100mm-hoehe-100mm","title":{"rendered":"Stumpenkerze &#8218;Weiss&#8216; \u00d8100mm H\u00f6he 100mm"},"content":{"rendered":"<p>Bougie ronde blanche avec trempage<br \/>\nNos bougies \u00e0 tige allient un design traditionnel \u00e0 une technologie de fabrication moderne.<br \/>\nLes bougies compress\u00e9es sont tremp\u00e9es deux fois dans une couleur, ce qui leur donne une couleur intense et uniforme et une surface noble et lisse.<br \/>\nLa couleur blanche cr\u00e9e une atmosph\u00e8re chaleureuse et festive - parfaite pour les d\u00e9corations de table \u00e9l\u00e9gantes, les \u00e9v\u00e9nements contemplatifs ou comme accessoire d'int\u00e9rieur styl\u00e9. Avec leur forme claire, leur qualit\u00e9 de combustion calme et leur dur\u00e9e de combustion fiable, les souches s'adaptent harmonieusement \u00e0 chaque ambiance, qu'elle soit moderne, traditionnelle ou d\u00e9cor\u00e9e de mani\u00e8re simple.<\/p>\n<p>Caract\u00e9ristiques :<br \/>\n- Couleur : blanc<br \/>\n- Surface : deux fois color\u00e9e par immersion<br \/>\n- Forme : Stumps classiques<br \/>\n- Comportement \u00e0 la cuisson : Calme et r\u00e9gulier<\/p>\n<p>Avec la technologie Safe Candle\u00ae.<\/p>\n<p>Cette bougie est dot\u00e9e du syst\u00e8me brevet\u00e9 Safe Candle\u00ae.<br \/>\nCe syst\u00e8me innovant assure une s\u00e9curit\u00e9 maximale :<br \/>\n- Le porte-m\u00e8che int\u00e9gr\u00e9 \u00e0 la bougie arr\u00eate l'alimentation en cire d\u00e8s que la bougie se consume - elle s'\u00e9teint d'elle-m\u00eame.<br \/>\n- Pas de cire liquide sur le plateau de la bougie une fois que celle-ci a fini de br\u00fbler - nettoyage sans r\u00e9sidus.<br \/>\n- Pas de basculement de la m\u00e8che juste avant qu'elle ne se consume compl\u00e8tement - risque d'incendie consid\u00e9rablement r\u00e9duit.<br \/>\n- Id\u00e9al donc pour les fixations de fil de fer sur les couronnes et les compositions florales.<\/p>\n<p>Hauteur 100mm<br \/>\nDur\u00e9e de combustion : 81h<br \/>\nPoids : 570gr<\/p>","protected":false},"excerpt":{"rendered":"<p>Nos bougies \u00e0 tige allient un design traditionnel \u00e0 une technologie de fabrication moderne.<\/p>","protected":false},"featured_media":67748,"template":"","meta":[],"product_brand":[],"product_cat":[103,23,1178,909,911,28],"product_tag":[289],"woo-feed-brand":[],"class_list":{"0":"post-67749","1":"product","2":"type-product","3":"status-publish","4":"has-post-thumbnail","6":"product_cat-kerzen","7":"product_cat-home-living","8":"product_cat-diy","9":"product_cat-weihnachten","10":"product_cat-accessoires","11":"product_cat-kerzen-lichter","12":"product_tag-blumengarten-kung-ag","14":"first","15":"instock","16":"taxable","17":"shipping-taxable","18":"purchasable","19":"product-type-simple"},"_links":{"self":[{"href":"https:\/\/fh-staging.vengo.cloud\/fr-ch\/wp-json\/wp\/v2\/product\/67749","targetHints":{"allow":["GET"]}}],"collection":[{"href":"https:\/\/fh-staging.vengo.cloud\/fr-ch\/wp-json\/wp\/v2\/product"}],"about":[{"href":"https:\/\/fh-staging.vengo.cloud\/fr-ch\/wp-json\/wp\/v2\/types\/product"}],"wp:featuredmedia":[{"embeddable":true,"href":"https:\/\/fh-staging.vengo.cloud\/fr-ch\/wp-json\/wp\/v2\/media\/67748"}],"wp:attachment":[{"href":"https:\/\/fh-staging.vengo.cloud\/fr-ch\/wp-json\/wp\/v2\/media?parent=67749"}],"wp:term":[{"taxonomy":"product_brand","embeddable":true,"href":"https:\/\/fh-staging.vengo.cloud\/fr-ch\/wp-json\/wp\/v2\/product_brand?post=67749"},{"taxonomy":"product_cat","embeddable":true,"href":"https:\/\/fh-staging.vengo.cloud\/fr-ch\/wp-json\/wp\/v2\/product_cat?post=67749"},{"taxonomy":"product_tag","embeddable":true,"href":"https:\/\/fh-staging.vengo.cloud\/fr-ch\/wp-json\/wp\/v2\/product_tag?post=67749"},{"taxonomy":"woo-feed-brand","embeddable":true,"href":"https:\/\/fh-staging.vengo.cloud\/fr-ch\/wp-json\/wp\/v2\/woo-feed-brand?post=67749"}],"curies":[{"name":"wp","href":"https:\/\/api.w.org\/{rel}","templated":true}]}}