{"id":67671,"date":"2025-11-11T13:38:13","date_gmt":"2025-11-11T12:38:13","guid":{"rendered":"https:\/\/fh-staging.vengo.cloud\/de-ch\/p\/kerzen-granulat-lemongrass-400gr"},"modified":"2025-12-19T08:59:36","modified_gmt":"2025-12-19T07:59:36","slug":"granules-pour-bougies-a-la-citronnelle-400gr","status":"publish","type":"product","link":"https:\/\/fh-staging.vengo.cloud\/fr-ch\/p\/kerzen-granulat-lemongrass-400gr","title":{"rendered":"Kerzen-Granulat &#8218;Lemongrass&#8216; 400gr"},"content":{"rendered":"<p>Granul\u00e9s pour bougies - Create Your Own Light<br \/>\nCr\u00e9e ta propre lumi\u00e8re de bougie<\/p>\n<p>Avec les granul\u00e9s Candle de Wenzel, tu transformes en un clin d'\u0153il n'importe quel r\u00e9cipient r\u00e9sistant \u00e0 la chaleur, comme un verre, en une bougie unique. Les granul\u00e9s de cire fine sont faciles \u00e0 remplir, \u00e0 doser individuellement et \u00e0 r\u00e9utiliser - id\u00e9al pour des id\u00e9es DIY cr\u00e9atives ou comme cadeau \u00e9l\u00e9gant.<\/p>\n<p>Chaque paquet contient 400 g de granul\u00e9s de cire blanche ainsi que quatre m\u00e8ches assorties qui peuvent \u00eatre facilement coup\u00e9es \u00e0 la longueur souhait\u00e9e.<\/p>\n<p>Application :<br \/>\n- Placer la m\u00e8che au centre d'un r\u00e9cipient r\u00e9sistant \u00e0 la chaleur.<br \/>\n- Verser les granul\u00e9s de cire dans le r\u00e9cipient.<br \/>\n- Raccourcir la m\u00e8che \u00e0 la longueur appropri\u00e9e si n\u00e9cessaire.<br \/>\n- Voil\u00e0, ta bougie DIY est pr\u00eate !<\/p>\n<p>Parfums disponibles :<br \/>\n- Neutre (sans parfum) - emballage de couleur olive<br \/>\n- Bourbon Vanilla - emballage couleur sable<br \/>\n- Lavender Fields - emballage violet<br \/>\n- Lemongrass - emballage vert<\/p>\n<p>Contenu :<br \/>\n- 400 g de granul\u00e9s de cire (blanche)<br \/>\n- 4 m\u00e8ches (environ 8 cm de long chacune, convient aux r\u00e9cipients de \u00d8 5-7 cm)<\/p>\n<p>Remarque<br \/>\nUtiliser uniquement dans des r\u00e9cipients r\u00e9sistants \u00e0 la chaleur.<\/p>\n<p>La durabilit\u00e9 :<br \/>\nEmballage certifi\u00e9 FSC\u00ae, recyclable (jeter le sac + le film s\u00e9par\u00e9ment).<\/p>","protected":false},"excerpt":{"rendered":"<p>Cr\u00e9e ta propre lumi\u00e8re de bougie<\/p>","protected":false},"featured_media":67670,"template":"","meta":[],"product_brand":[],"product_cat":[1195,23,1217,103,29,28],"product_tag":[289],"woo-feed-brand":[],"class_list":{"0":"post-67671","1":"product","2":"type-product","3":"status-publish","4":"has-post-thumbnail","6":"product_cat-dekogrundlagen","7":"product_cat-home-living","8":"product_cat-kerzen-2","9":"product_cat-kerzen","10":"product_cat-do-it-yourself","11":"product_cat-kerzen-lichter","12":"product_tag-blumengarten-kung-ag","14":"first","15":"instock","16":"taxable","17":"shipping-taxable","18":"purchasable","19":"product-type-simple"},"_links":{"self":[{"href":"https:\/\/fh-staging.vengo.cloud\/fr-ch\/wp-json\/wp\/v2\/product\/67671","targetHints":{"allow":["GET"]}}],"collection":[{"href":"https:\/\/fh-staging.vengo.cloud\/fr-ch\/wp-json\/wp\/v2\/product"}],"about":[{"href":"https:\/\/fh-staging.vengo.cloud\/fr-ch\/wp-json\/wp\/v2\/types\/product"}],"wp:featuredmedia":[{"embeddable":true,"href":"https:\/\/fh-staging.vengo.cloud\/fr-ch\/wp-json\/wp\/v2\/media\/67670"}],"wp:attachment":[{"href":"https:\/\/fh-staging.vengo.cloud\/fr-ch\/wp-json\/wp\/v2\/media?parent=67671"}],"wp:term":[{"taxonomy":"product_brand","embeddable":true,"href":"https:\/\/fh-staging.vengo.cloud\/fr-ch\/wp-json\/wp\/v2\/product_brand?post=67671"},{"taxonomy":"product_cat","embeddable":true,"href":"https:\/\/fh-staging.vengo.cloud\/fr-ch\/wp-json\/wp\/v2\/product_cat?post=67671"},{"taxonomy":"product_tag","embeddable":true,"href":"https:\/\/fh-staging.vengo.cloud\/fr-ch\/wp-json\/wp\/v2\/product_tag?post=67671"},{"taxonomy":"woo-feed-brand","embeddable":true,"href":"https:\/\/fh-staging.vengo.cloud\/fr-ch\/wp-json\/wp\/v2\/woo-feed-brand?post=67671"}],"curies":[{"name":"wp","href":"https:\/\/api.w.org\/{rel}","templated":true}]}}