{"id":67656,"date":"2025-11-11T13:37:48","date_gmt":"2025-11-11T12:37:48","guid":{"rendered":"https:\/\/fh-staging.vengo.cloud\/de-ch\/p\/kerze-rustic-altrot-o70mm-hoehe-110mm"},"modified":"2025-12-19T09:00:38","modified_gmt":"2025-12-19T08:00:38","slug":"bougie-rustic-vieux-rouge-o70mm-hauteur-110mm","status":"publish","type":"product","link":"https:\/\/fh-staging.vengo.cloud\/fr-ch\/p\/kerze-rustic-altrot-o70mm-hoehe-110mm","title":{"rendered":"Kerze Rustic &#8218;altrot&#8216; \u00d870mm H\u00f6he 110mm"},"content":{"rendered":"<p>Bougie \u2018Rustic\u2019 vieux rouge \u00d870mm<br \/>\nLe caract\u00e8re. Le charme. Atmosph\u00e8re.<\/p>\n<p>Les bougies RUSTIC en vieux rouge classique combinent une \u00e9l\u00e9gance intemporelle avec une esth\u00e9tique moderne pour la maison. Leur surface unique, grossi\u00e8rement structur\u00e9e et leur couleur mate et naturelle conf\u00e8rent \u00e0 chaque environnement une ambiance chaleureuse et authentique - id\u00e9ale pour des d\u00e9corations de table \u00e9l\u00e9gantes, des soir\u00e9es agr\u00e9ables ou comme cadeau affectueux.<\/p>\n<p>Fabriqu\u00e9es \u00e0 partir de mati\u00e8res premi\u00e8res de qualit\u00e9, les bougies RUSTIC sont synonymes de qualit\u00e9 durable et de rayonnement particulier. Chaque bougie est un point fort d\u00e9coratif avec un aspect plein de caract\u00e8re.<\/p>\n<p>Avec SAFE CANDLE\u00ae - la bougie brevet\u00e9e qui s'\u00e9teint toute seule<\/p>\n<p>Les bougies RUSTIC sont \u00e9quip\u00e9es du syst\u00e8me brevet\u00e9 Safe Candle\u00ae - un support de m\u00e8che int\u00e9gr\u00e9 qui contr\u00f4le l'alimentation en cire pendant la combustion.<br \/>\nD\u00e8s que la cire est enti\u00e8rement consomm\u00e9e, la flamme s'\u00e9teint automatiquement.<\/p>\n<p>Avantages de la technologie Safe Candle\u00ae :<br \/>\n- Auto-extinguible pour plus de s\u00e9curit\u00e9<br \/>\n- La m\u00e8che ne peut pas se renverser<br \/>\n- Pas de cire liquide sur les assiettes ou les supports<br \/>\n- Les bougeoirs restent propres et ne laissent pas de r\u00e9sidus<br \/>\n- Peut \u00eatre fix\u00e9 en toute s\u00e9curit\u00e9 dans les couronnes et les compositions florales \u00e0 l'aide d'un fil de fer.<\/p>\n<p>Le risque d'un incendie de bougie est ainsi consid\u00e9rablement r\u00e9duit - id\u00e9al pour les m\u00e9nages, la restauration ou les d\u00e9corations qui doivent \u00eatre particuli\u00e8rement s\u00fbres.<\/p>\n<p>\u00d870mm - hauteur 110mm<br \/>\nDur\u00e9e de combustion 86h<br \/>\nPoids 565gr<\/p>","protected":false},"excerpt":{"rendered":"<p>Le caract\u00e8re. Le charme. Atmosph\u00e8re.<\/p>","protected":false},"featured_media":67655,"template":"","meta":[],"product_brand":[],"product_cat":[103,23,1178,909,911,28],"product_tag":[289],"woo-feed-brand":[],"class_list":{"0":"post-67656","1":"product","2":"type-product","3":"status-publish","4":"has-post-thumbnail","6":"product_cat-kerzen","7":"product_cat-home-living","8":"product_cat-diy","9":"product_cat-weihnachten","10":"product_cat-accessoires","11":"product_cat-kerzen-lichter","12":"product_tag-blumengarten-kung-ag","14":"first","15":"instock","16":"taxable","17":"shipping-taxable","18":"purchasable","19":"product-type-simple"},"_links":{"self":[{"href":"https:\/\/fh-staging.vengo.cloud\/fr-ch\/wp-json\/wp\/v2\/product\/67656","targetHints":{"allow":["GET"]}}],"collection":[{"href":"https:\/\/fh-staging.vengo.cloud\/fr-ch\/wp-json\/wp\/v2\/product"}],"about":[{"href":"https:\/\/fh-staging.vengo.cloud\/fr-ch\/wp-json\/wp\/v2\/types\/product"}],"wp:featuredmedia":[{"embeddable":true,"href":"https:\/\/fh-staging.vengo.cloud\/fr-ch\/wp-json\/wp\/v2\/media\/67655"}],"wp:attachment":[{"href":"https:\/\/fh-staging.vengo.cloud\/fr-ch\/wp-json\/wp\/v2\/media?parent=67656"}],"wp:term":[{"taxonomy":"product_brand","embeddable":true,"href":"https:\/\/fh-staging.vengo.cloud\/fr-ch\/wp-json\/wp\/v2\/product_brand?post=67656"},{"taxonomy":"product_cat","embeddable":true,"href":"https:\/\/fh-staging.vengo.cloud\/fr-ch\/wp-json\/wp\/v2\/product_cat?post=67656"},{"taxonomy":"product_tag","embeddable":true,"href":"https:\/\/fh-staging.vengo.cloud\/fr-ch\/wp-json\/wp\/v2\/product_tag?post=67656"},{"taxonomy":"woo-feed-brand","embeddable":true,"href":"https:\/\/fh-staging.vengo.cloud\/fr-ch\/wp-json\/wp\/v2\/woo-feed-brand?post=67656"}],"curies":[{"name":"wp","href":"https:\/\/api.w.org\/{rel}","templated":true}]}}