{"id":6756,"date":"2020-08-25T08:03:23","date_gmt":"2020-08-25T08:03:23","guid":{"rendered":"https:\/\/fh-staging.vengo.cloud\/?product=trockenblumen-strauss-bund-mix-salmone-rosa-o-ca-17-cm-h-ca-30-cm"},"modified":"2025-11-26T14:04:09","modified_gmt":"2025-11-26T13:04:09","slug":"salmone-rose-bouquet-de-fleurs-seches-bund-mix-o-ca-17-cm-h-ca-30-cm","status":"publish","type":"product","link":"https:\/\/fh-staging.vengo.cloud\/fr-ch\/p\/salmone-rosa-trockenblumen-strauss-bund-mix-o-ca-17-cm-h-ca-30-cm","title":{"rendered":"\"Salmone Rosa\" - Bouquet de fleurs s\u00e9ch\u00e9es Bund mix \u00d8 env. 17 cm H env. 30 cm"},"content":{"rendered":"<h3>Fleurs s\u00e9ch\u00e9es<br \/>\nLa nouvelle tendance en mati\u00e8re d'int\u00e9rieur<\/h3>\n<p>Cette ann\u00e9e, on voit des branches et des fleurs s\u00e9ch\u00e9es plus souvent que jamais.<br \/>\nElles ne sont pas seulement une d\u00e9coration d'automne, mais d\u00e9gagent aussi toute leur magie en \u00e9t\u00e9 :<br \/>\nLes fleurs en version s\u00e9ch\u00e9e sont tr\u00e8s \u00e0 la mode.<br \/>\nQu'elles soient utilis\u00e9es comme d\u00e9coration de table ou plac\u00e9es de mani\u00e8re opulente dans de grands vases, \u2500 les fleurs s\u00e9ch\u00e9es sont tout simplement magnifiques, seules ou en bouquet multicolore.<br \/>\nL'\u00e9norme avantage par rapport aux fleurs fra\u00eeches : la d\u00e9coration de fleurs s\u00e9ch\u00e9es dure, dure et dure encore.<\/p>\n<p>Le prix se r\u00e9f\u00e8re \u00e0 la botte emball\u00e9e dans du \"papier naturel\".<\/p>\n<p><strong>Note bien<\/strong><br \/>\n- Retire soigneusement les fleurs s\u00e9ch\u00e9es du papier. Les branches s\u00e9ch\u00e9es sont plus fragiles que celles qui sont encore vertes.<br \/>\n- Les fleurs s\u00e9ch\u00e9es sont un produit naturel et les bouquets \/ fleurs individuelles sont compos\u00e9s individuellement selon la saison et peuvent donc varier dans le choix des fleurs, leur disposition et leur couleur.<br \/>\n- Pour la cr\u00e9ation, nous utilisons en partie des fleurs d\u00e9co mont\u00e9es ainsi que du fil de fer, du bambou fendu, de la colle, du raphia, de l'\u00e9lastique et d'autres moyens techniques similaires qui peuvent \u00e9galement \u00eatre visibles. Nos fleurs s\u00e9ch\u00e9es sont en partie blanchies ou color\u00e9es. La couleur utilis\u00e9e dans le bouquet d'\u00e9chantillons (photo) peut donc varier d'un bouquet \u00e0 l'autre. Il en va de m\u00eame pour le papier utilis\u00e9 pour l'emballage.<br \/>\n- Il pourrait y avoir des diff\u00e9rences entre la couleur illustr\u00e9e sur le site web et la couleur r\u00e9elle, ceci en raison de l'incidence de la lumi\u00e8re, de la luminosit\u00e9 du moniteur, du r\u00e9glage du contraste, etc.<\/p>\n<p>Si la photo montre un tuf avec plusieurs bouquets de fleurs s\u00e9ch\u00e9es ou des vases, il s'agit d'une id\u00e9e\/d'un mod\u00e8le pour une conception possible et ne fait pas partie du prix du produit.<\/p>","protected":false},"excerpt":{"rendered":"<p>Fleurs s\u00e9ch\u00e9es - la nouvelle tendance en mati\u00e8re d'int\u00e9rieur ; bouquet de fleurs s\u00e9ch\u00e9es Bund mix \"Salmone Rosa\".<\/p>","protected":false},"featured_media":6757,"template":"","meta":[],"product_brand":[],"product_cat":[117,23],"product_tag":[290],"woo-feed-brand":[],"class_list":{"0":"post-6756","1":"product","2":"type-product","3":"status-publish","4":"has-post-thumbnail","6":"product_cat-trockenblumen","7":"product_cat-home-living","8":"product_tag-atelier-leutwyler","10":"first","11":"instock","12":"taxable","13":"shipping-taxable","14":"purchasable","15":"product-type-simple"},"_links":{"self":[{"href":"https:\/\/fh-staging.vengo.cloud\/fr-ch\/wp-json\/wp\/v2\/product\/6756","targetHints":{"allow":["GET"]}}],"collection":[{"href":"https:\/\/fh-staging.vengo.cloud\/fr-ch\/wp-json\/wp\/v2\/product"}],"about":[{"href":"https:\/\/fh-staging.vengo.cloud\/fr-ch\/wp-json\/wp\/v2\/types\/product"}],"wp:featuredmedia":[{"embeddable":true,"href":"https:\/\/fh-staging.vengo.cloud\/fr-ch\/wp-json\/wp\/v2\/media\/6757"}],"wp:attachment":[{"href":"https:\/\/fh-staging.vengo.cloud\/fr-ch\/wp-json\/wp\/v2\/media?parent=6756"}],"wp:term":[{"taxonomy":"product_brand","embeddable":true,"href":"https:\/\/fh-staging.vengo.cloud\/fr-ch\/wp-json\/wp\/v2\/product_brand?post=6756"},{"taxonomy":"product_cat","embeddable":true,"href":"https:\/\/fh-staging.vengo.cloud\/fr-ch\/wp-json\/wp\/v2\/product_cat?post=6756"},{"taxonomy":"product_tag","embeddable":true,"href":"https:\/\/fh-staging.vengo.cloud\/fr-ch\/wp-json\/wp\/v2\/product_tag?post=6756"},{"taxonomy":"woo-feed-brand","embeddable":true,"href":"https:\/\/fh-staging.vengo.cloud\/fr-ch\/wp-json\/wp\/v2\/woo-feed-brand?post=6756"}],"curies":[{"name":"wp","href":"https:\/\/api.w.org\/{rel}","templated":true}]}}