{"id":67346,"date":"2025-11-06T18:19:08","date_gmt":"2025-11-06T17:19:08","guid":{"rendered":"https:\/\/fh-staging.vengo.cloud\/de-ch\/?post_type=product&#038;p=67346"},"modified":"2026-01-12T14:01:34","modified_gmt":"2026-01-12T13:01:34","slug":"bouquet-rubis-35cm","status":"publish","type":"product","link":"https:\/\/fh-staging.vengo.cloud\/fr-ch\/p\/bouquet-ruby-35cm","title":{"rendered":"Bouquet Ruby 35cm"},"content":{"rendered":"<p>Ce bouquet contient : Avoine naturelle, phalaris rose clair, lagurus bordeaux, phalaris rouge, pavot cuivr\u00e9, limonium blanc, helichrysum rose fonc\u00e9, roses spray de Lianne, fleur de balai bordeaux et b\u00e9tel rouge.<\/p>\n<p><strong>Note<br \/>\n<\/strong>Les fleurs s\u00e9ch\u00e9es sont des produits saisonniers et naturels. Chaque bouquet peut varier l\u00e9g\u00e8rement en couleur et en composition, ce qui rend chaque pi\u00e8ce unique.<\/p>\n<p>&nbsp;<\/p>\n<p>&nbsp;<\/p>\n<p>&nbsp;<\/p>\n<p>&nbsp;<\/p>","protected":false},"excerpt":{"rendered":"<p>Apporte une \u00e9l\u00e9gance audacieuse \u00e0 ta maison avec le bouquet Ruby. Ce bouquet champ\u00eatre li\u00e9 \u00e0 la main combine des tons naturels avec des tons rouges, roses et cuivr\u00e9s frappants pour un accent passionn\u00e9 et vif.<\/p>","protected":false},"featured_media":66716,"template":"","meta":[],"product_brand":[],"product_cat":[117,23,1003,999,909,911,916,52,55],"product_tag":[1168],"woo-feed-brand":[],"class_list":{"0":"post-67346","1":"product","2":"type-product","3":"status-publish","4":"has-post-thumbnail","6":"product_cat-trockenblumen","7":"product_cat-home-living","8":"product_cat-fuer-sie","9":"product_cat-valentinstag","10":"product_cat-weihnachten","11":"product_cat-accessoires","12":"product_cat-praesente","13":"product_cat-geschenke","14":"product_cat-blumige-geschenke","15":"product_tag-melia-atelier","17":"first","18":"instock","19":"taxable","20":"shipping-taxable","21":"purchasable","22":"product-type-simple"},"_links":{"self":[{"href":"https:\/\/fh-staging.vengo.cloud\/fr-ch\/wp-json\/wp\/v2\/product\/67346","targetHints":{"allow":["GET"]}}],"collection":[{"href":"https:\/\/fh-staging.vengo.cloud\/fr-ch\/wp-json\/wp\/v2\/product"}],"about":[{"href":"https:\/\/fh-staging.vengo.cloud\/fr-ch\/wp-json\/wp\/v2\/types\/product"}],"wp:featuredmedia":[{"embeddable":true,"href":"https:\/\/fh-staging.vengo.cloud\/fr-ch\/wp-json\/wp\/v2\/media\/66716"}],"wp:attachment":[{"href":"https:\/\/fh-staging.vengo.cloud\/fr-ch\/wp-json\/wp\/v2\/media?parent=67346"}],"wp:term":[{"taxonomy":"product_brand","embeddable":true,"href":"https:\/\/fh-staging.vengo.cloud\/fr-ch\/wp-json\/wp\/v2\/product_brand?post=67346"},{"taxonomy":"product_cat","embeddable":true,"href":"https:\/\/fh-staging.vengo.cloud\/fr-ch\/wp-json\/wp\/v2\/product_cat?post=67346"},{"taxonomy":"product_tag","embeddable":true,"href":"https:\/\/fh-staging.vengo.cloud\/fr-ch\/wp-json\/wp\/v2\/product_tag?post=67346"},{"taxonomy":"woo-feed-brand","embeddable":true,"href":"https:\/\/fh-staging.vengo.cloud\/fr-ch\/wp-json\/wp\/v2\/woo-feed-brand?post=67346"}],"curies":[{"name":"wp","href":"https:\/\/api.w.org\/{rel}","templated":true}]}}