{"id":6715,"date":"2020-05-29T07:27:56","date_gmt":"2020-05-29T07:27:56","guid":{"rendered":"https:\/\/fh-staging.vengo.cloud\/?product=sisal-herz-rosa-11x13cm-8stk"},"modified":"2025-10-22T11:21:06","modified_gmt":"2025-10-22T09:21:06","slug":"sisal-coeur-rose-11x13cm-8pc","status":"publish","type":"product","link":"https:\/\/fh-staging.vengo.cloud\/fr-ch\/p\/sisal-herz-rosa-11x13cm-8stk","title":{"rendered":"C\u0153ur en sisal rose 11x13cm 8pcs."},"content":{"rendered":"<p style=\"text-align: left\">Le c\u0153ur repr\u00e9sente l'amour et l'amiti\u00e9. C'est pourquoi les c\u0153urs en sisal sont de petits messagers d'amour qui apportent une touche chaleureuse et affectueuse \u00e0 toute d\u00e9coration.<\/p>","protected":false},"excerpt":{"rendered":"<p>C\u0153ur en sisal rose 11x13cm 8pcs.<\/p>","protected":false},"featured_media":6716,"template":"","meta":[],"product_brand":[],"product_cat":[29,23,1000,797,1024,1196,999],"product_tag":[282],"woo-feed-brand":[],"class_list":{"0":"post-6715","1":"product","2":"type-product","3":"status-publish","4":"has-post-thumbnail","6":"product_cat-do-it-yourself","7":"product_cat-home-living","8":"product_cat-valentinstagsdeko","9":"product_cat-muttertag","10":"product_cat-muttertagsdeko","11":"product_cat-natur-deko","12":"product_cat-valentinstag","13":"product_tag-fleurop-interflora","15":"first","16":"instock","17":"taxable","18":"shipping-taxable","19":"purchasable","20":"product-type-simple"},"_links":{"self":[{"href":"https:\/\/fh-staging.vengo.cloud\/fr-ch\/wp-json\/wp\/v2\/product\/6715","targetHints":{"allow":["GET"]}}],"collection":[{"href":"https:\/\/fh-staging.vengo.cloud\/fr-ch\/wp-json\/wp\/v2\/product"}],"about":[{"href":"https:\/\/fh-staging.vengo.cloud\/fr-ch\/wp-json\/wp\/v2\/types\/product"}],"wp:featuredmedia":[{"embeddable":true,"href":"https:\/\/fh-staging.vengo.cloud\/fr-ch\/wp-json\/wp\/v2\/media\/6716"}],"wp:attachment":[{"href":"https:\/\/fh-staging.vengo.cloud\/fr-ch\/wp-json\/wp\/v2\/media?parent=6715"}],"wp:term":[{"taxonomy":"product_brand","embeddable":true,"href":"https:\/\/fh-staging.vengo.cloud\/fr-ch\/wp-json\/wp\/v2\/product_brand?post=6715"},{"taxonomy":"product_cat","embeddable":true,"href":"https:\/\/fh-staging.vengo.cloud\/fr-ch\/wp-json\/wp\/v2\/product_cat?post=6715"},{"taxonomy":"product_tag","embeddable":true,"href":"https:\/\/fh-staging.vengo.cloud\/fr-ch\/wp-json\/wp\/v2\/product_tag?post=6715"},{"taxonomy":"woo-feed-brand","embeddable":true,"href":"https:\/\/fh-staging.vengo.cloud\/fr-ch\/wp-json\/wp\/v2\/woo-feed-brand?post=6715"}],"curies":[{"name":"wp","href":"https:\/\/api.w.org\/{rel}","templated":true}]}}