{"id":66780,"date":"2025-10-27T22:11:23","date_gmt":"2025-10-27T21:11:23","guid":{"rendered":"https:\/\/fh-staging.vengo.cloud\/de-ch\/?post_type=product&#038;p=66780"},"modified":"2025-12-19T09:05:11","modified_gmt":"2025-12-19T08:05:11","slug":"bougeoir-blanc-orange","status":"publish","type":"product","link":"https:\/\/fh-staging.vengo.cloud\/fr-ch\/p\/kerzenstaender-weiss-orange","title":{"rendered":"Chandelier, blanc-orange"},"content":{"rendered":"<p><strong>Mat\u00e9riel :<\/strong>\u00a0Jesmonite<\/p>\n<p><strong>Fait \u00e0 la main :<\/strong> Chaque pi\u00e8ce est unique<\/p>\n<p><strong>La masse :<\/strong> environ 80mm (l) x 60mm (h), pour des bougies d'environ 25mm de \u00d8<\/p>\n<p><strong>Conseil d'entretien : <\/strong>Tous les produits sont hydrofuges, mais pas \u00e9tanches. Pour le nettoyer, essuie-le l\u00e9g\u00e8rement avec un chiffon humide, ne le frotte pas.<\/p>\n<p><strong>Bon \u00e0 savoir <\/strong>Comme chaque produit est fabriqu\u00e9 \u00e0 la main, les couleurs et les motifs peuvent varier l\u00e9g\u00e8rement. En raison de la nature du mat\u00e9riau, quelques bulles d'air sont in\u00e9vitables.<\/p>","protected":false},"excerpt":{"rendered":"<p>Ce bougeoir en jesmonite apporte de l'\u00e9l\u00e9gance et du style \u00e0 ta maison. Avec les diff\u00e9rentes couleurs et motifs disponibles, il attirera l'attention dans n'importe quelle pi\u00e8ce. Le chandelier est fabriqu\u00e9 \u00e0 la main, ce qui fait de chaque pi\u00e8ce une pi\u00e8ce unique. Il est parfait pour la table \u00e0 manger, le salon ou comme point fort particulier dans ta d\u00e9coration.<\/p>","protected":false},"featured_media":66781,"template":"","meta":[],"product_brand":[],"product_cat":[104,23,28],"product_tag":[333],"woo-feed-brand":[],"class_list":{"0":"post-66780","1":"product","2":"type-product","3":"status-publish","4":"has-post-thumbnail","6":"product_cat-kerzenhalter","7":"product_cat-home-living","8":"product_cat-kerzen-lichter","9":"product_tag-kiwi-deko","11":"first","12":"instock","13":"taxable","14":"shipping-taxable","15":"purchasable","16":"product-type-simple"},"_links":{"self":[{"href":"https:\/\/fh-staging.vengo.cloud\/fr-ch\/wp-json\/wp\/v2\/product\/66780","targetHints":{"allow":["GET"]}}],"collection":[{"href":"https:\/\/fh-staging.vengo.cloud\/fr-ch\/wp-json\/wp\/v2\/product"}],"about":[{"href":"https:\/\/fh-staging.vengo.cloud\/fr-ch\/wp-json\/wp\/v2\/types\/product"}],"wp:featuredmedia":[{"embeddable":true,"href":"https:\/\/fh-staging.vengo.cloud\/fr-ch\/wp-json\/wp\/v2\/media\/66781"}],"wp:attachment":[{"href":"https:\/\/fh-staging.vengo.cloud\/fr-ch\/wp-json\/wp\/v2\/media?parent=66780"}],"wp:term":[{"taxonomy":"product_brand","embeddable":true,"href":"https:\/\/fh-staging.vengo.cloud\/fr-ch\/wp-json\/wp\/v2\/product_brand?post=66780"},{"taxonomy":"product_cat","embeddable":true,"href":"https:\/\/fh-staging.vengo.cloud\/fr-ch\/wp-json\/wp\/v2\/product_cat?post=66780"},{"taxonomy":"product_tag","embeddable":true,"href":"https:\/\/fh-staging.vengo.cloud\/fr-ch\/wp-json\/wp\/v2\/product_tag?post=66780"},{"taxonomy":"woo-feed-brand","embeddable":true,"href":"https:\/\/fh-staging.vengo.cloud\/fr-ch\/wp-json\/wp\/v2\/woo-feed-brand?post=66780"}],"curies":[{"name":"wp","href":"https:\/\/api.w.org\/{rel}","templated":true}]}}