{"id":66568,"date":"2025-10-22T06:16:11","date_gmt":"2025-10-22T04:16:11","guid":{"rendered":"https:\/\/fh-staging.vengo.cloud\/de-ch\/?post_type=product&#038;p=66568"},"modified":"2025-12-19T09:28:55","modified_gmt":"2025-12-19T08:28:55","slug":"dentelle-light-mint-36mm-x-15m","status":"publish","type":"product","link":"https:\/\/fh-staging.vengo.cloud\/fr-ch\/p\/spitze-light-mint-36mm-x-15m","title":{"rendered":"Dentelle light mint 36mm x 15m"},"content":{"rendered":"<p><strong>Une l\u00e9g\u00e8ret\u00e9 fra\u00eeche pour tes cr\u00e9ations - dentelle en Light Mint<\/strong><\/p>\n<p>Fais souffler un vent de fra\u00eecheur sur tes projets DIY avec notre dentelle d\u00e9corative d'une d\u00e9licate couleur light mint. La bordure en dentelle de 36 mm de large et de 15 m\u00e8tres de long s\u00e9duit par sa structure fine et donne \u00e0 tes travaux de couture et de bricolage une touche moderne et ludique.<\/p>\n<p>\u2728 <strong>D\u00e9tails du produit :<\/strong><\/p>\n<ul>\n<li>Couleur : Light Mint - doux, rafra\u00eechissant et \u00e9l\u00e9gant<\/li>\n<li>Dimensions : 36 mm de large, 15 m de long - id\u00e9al pour des d\u00e9corations g\u00e9n\u00e9reuses<\/li>\n<li>Mati\u00e8re : polyamide 100% - l\u00e9ger, ind\u00e9formable et durable<\/li>\n<\/ul>","protected":false},"excerpt":{"rendered":"<p>Dentelle de couleur light mint en polyamide 100% 36mm x 15m<\/p>","protected":false},"featured_media":66567,"template":"","meta":[],"product_brand":[],"product_cat":[29,23,1193],"product_tag":[983],"woo-feed-brand":[],"class_list":{"0":"post-66568","1":"product","2":"type-product","3":"status-publish","4":"has-post-thumbnail","6":"product_cat-do-it-yourself","7":"product_cat-home-living","8":"product_cat-baender-tueten","9":"product_tag-selection-by-fleurophome","11":"first","12":"instock","13":"taxable","14":"shipping-taxable","15":"purchasable","16":"product-type-simple"},"_links":{"self":[{"href":"https:\/\/fh-staging.vengo.cloud\/fr-ch\/wp-json\/wp\/v2\/product\/66568","targetHints":{"allow":["GET"]}}],"collection":[{"href":"https:\/\/fh-staging.vengo.cloud\/fr-ch\/wp-json\/wp\/v2\/product"}],"about":[{"href":"https:\/\/fh-staging.vengo.cloud\/fr-ch\/wp-json\/wp\/v2\/types\/product"}],"wp:featuredmedia":[{"embeddable":true,"href":"https:\/\/fh-staging.vengo.cloud\/fr-ch\/wp-json\/wp\/v2\/media\/66567"}],"wp:attachment":[{"href":"https:\/\/fh-staging.vengo.cloud\/fr-ch\/wp-json\/wp\/v2\/media?parent=66568"}],"wp:term":[{"taxonomy":"product_brand","embeddable":true,"href":"https:\/\/fh-staging.vengo.cloud\/fr-ch\/wp-json\/wp\/v2\/product_brand?post=66568"},{"taxonomy":"product_cat","embeddable":true,"href":"https:\/\/fh-staging.vengo.cloud\/fr-ch\/wp-json\/wp\/v2\/product_cat?post=66568"},{"taxonomy":"product_tag","embeddable":true,"href":"https:\/\/fh-staging.vengo.cloud\/fr-ch\/wp-json\/wp\/v2\/product_tag?post=66568"},{"taxonomy":"woo-feed-brand","embeddable":true,"href":"https:\/\/fh-staging.vengo.cloud\/fr-ch\/wp-json\/wp\/v2\/woo-feed-brand?post=66568"}],"curies":[{"name":"wp","href":"https:\/\/api.w.org\/{rel}","templated":true}]}}