{"id":65757,"date":"2025-10-14T08:33:07","date_gmt":"2025-10-14T06:33:07","guid":{"rendered":"https:\/\/fh-staging.vengo.cloud\/?post_type=product&#038;p=65757"},"modified":"2026-01-05T10:57:54","modified_gmt":"2026-01-05T09:57:54","slug":"avelines-pralines-de-maestrani","status":"publish","type":"product","link":"https:\/\/fh-staging.vengo.cloud\/fr-ch\/p\/avelines-pralines-von-maestrani","title":{"rendered":"Avelines Pralin\u00e9s de Maestrani"},"content":{"rendered":"<p><strong>Avelines Pralin\u00e9s de Maestrani<\/strong><\/p>\n<p>Cette \u00e9l\u00e9gante bo\u00eete contient 12 pralin\u00e9s Avelines (120g) au chocolat au lait fondant aux noisettes Gianduja. La composition raffin\u00e9e ne contient que les meilleurs ingr\u00e9dients d'origine soigneusement s\u00e9lectionn\u00e9e : des f\u00e8ves de cacao, du lait entier suisse, des noisettes d\u00e9licatement grill\u00e9es, des amandes et de la v\u00e9ritable vanille Bourbon moulue.<\/p>\n<p>Offre le go\u00fbt irr\u00e9sistible et le fourrage fondant de nos nouveaux pralin\u00e9s Avelines. Un pur d\u00e9lice que tu n'oublieras pas.<\/p>","protected":false},"excerpt":{"rendered":"<p>Une bo\u00eete d'irr\u00e9sistibles pralin\u00e9s Avelines 120g - 12 pralin\u00e9s au chocolat au lait fondant gianduja-noisette.<\/p>","protected":false},"featured_media":65759,"template":"","meta":[],"product_brand":[],"product_cat":[114,1090,1001,1019,1018,984,993,1207,999,1088,909,915,42,885,52,54],"product_tag":[282],"woo-feed-brand":[],"class_list":{"0":"post-65757","1":"product","2":"type-product","3":"status-publish","4":"has-post-thumbnail","6":"product_cat-schokolade-sweets","7":"product_cat-geniesser","8":"product_cat-leckereien","9":"product_cat-osterbrunch","10":"product_cat-ostern","11":"product_cat-silvester","12":"product_cat-silvestergeschenke","13":"product_cat-unter-25-chf","14":"product_cat-valentinstag","15":"product_cat-vatertag","16":"product_cat-weihnachten","17":"product_cat-wichteln","18":"product_cat-kueche","19":"product_cat-koestlichkeiten","20":"product_cat-geschenke","21":"product_cat-feinkost","22":"product_tag-fleurop-interflora","24":"first","25":"instock","26":"taxable","27":"shipping-taxable","28":"purchasable","29":"product-type-simple"},"_links":{"self":[{"href":"https:\/\/fh-staging.vengo.cloud\/fr-ch\/wp-json\/wp\/v2\/product\/65757","targetHints":{"allow":["GET"]}}],"collection":[{"href":"https:\/\/fh-staging.vengo.cloud\/fr-ch\/wp-json\/wp\/v2\/product"}],"about":[{"href":"https:\/\/fh-staging.vengo.cloud\/fr-ch\/wp-json\/wp\/v2\/types\/product"}],"wp:featuredmedia":[{"embeddable":true,"href":"https:\/\/fh-staging.vengo.cloud\/fr-ch\/wp-json\/wp\/v2\/media\/65759"}],"wp:attachment":[{"href":"https:\/\/fh-staging.vengo.cloud\/fr-ch\/wp-json\/wp\/v2\/media?parent=65757"}],"wp:term":[{"taxonomy":"product_brand","embeddable":true,"href":"https:\/\/fh-staging.vengo.cloud\/fr-ch\/wp-json\/wp\/v2\/product_brand?post=65757"},{"taxonomy":"product_cat","embeddable":true,"href":"https:\/\/fh-staging.vengo.cloud\/fr-ch\/wp-json\/wp\/v2\/product_cat?post=65757"},{"taxonomy":"product_tag","embeddable":true,"href":"https:\/\/fh-staging.vengo.cloud\/fr-ch\/wp-json\/wp\/v2\/product_tag?post=65757"},{"taxonomy":"woo-feed-brand","embeddable":true,"href":"https:\/\/fh-staging.vengo.cloud\/fr-ch\/wp-json\/wp\/v2\/woo-feed-brand?post=65757"}],"curies":[{"name":"wp","href":"https:\/\/api.w.org\/{rel}","templated":true}]}}