{"id":65636,"date":"2025-10-13T22:06:55","date_gmt":"2025-10-13T20:06:55","guid":{"rendered":"https:\/\/fh-staging.vengo.cloud\/de-ch\/p\/agraffen-roemerhaften-10-x-25mm-50-stk"},"modified":"2025-12-19T09:25:44","modified_gmt":"2025-12-19T08:25:44","slug":"agrafes-romaine-10-x-25mm-50-pcs","status":"publish","type":"product","link":"https:\/\/fh-staging.vengo.cloud\/fr-ch\/p\/agraffen-roemerhaften-10-x-25mm-50-stk","title":{"rendered":"Agraffen &#8218;R\u00f6merhaften&#8216; 10 x 25mm 50 Stk"},"content":{"rendered":"<p>But d'utilisation :<br \/>\nPinces m\u00e9talliques pratiques pour fixer de la mousse, des branches de sapin, de la masse \u00e0 piquer ou d'autres mat\u00e9riaux sur les couronnes, les arrangements et les supports floraux. Id\u00e9al pour les fleurs de l'Avent et les fleurs de deuil.<\/p>\n<p>Caract\u00e9ristiques du produit + avantages :<br \/>\n- Taille : 10 \u00d7 25 mm<br \/>\n- Mat\u00e9riel : fil galvanis\u00e9<br \/>\n- robuste et r\u00e9utilisable<br \/>\n- maintient les mat\u00e9riaux en place en toute s\u00e9curit\u00e9<br \/>\n- facilite un travail propre et rapide dans l'art floral<\/p>","protected":false},"excerpt":{"rendered":"<p>Pinces m\u00e9talliques pratiques pour fixer la mousse, les branches de sapin, la masse \u00e0 piquer ou d'autres mat\u00e9riaux sur les couronnes, les arrangements et les supports floraux<\/p>","protected":false},"featured_media":65692,"template":"","meta":[],"product_brand":[],"product_cat":[29,23,1178,1194,909,911],"product_tag":[289],"woo-feed-brand":[],"class_list":{"0":"post-65636","1":"product","2":"type-product","3":"status-publish","4":"has-post-thumbnail","6":"product_cat-do-it-yourself","7":"product_cat-home-living","8":"product_cat-diy","9":"product_cat-diy-helfer","10":"product_cat-weihnachten","11":"product_cat-accessoires","12":"product_tag-blumengarten-kung-ag","14":"first","15":"instock","16":"taxable","17":"shipping-taxable","18":"purchasable","19":"product-type-simple"},"_links":{"self":[{"href":"https:\/\/fh-staging.vengo.cloud\/fr-ch\/wp-json\/wp\/v2\/product\/65636","targetHints":{"allow":["GET"]}}],"collection":[{"href":"https:\/\/fh-staging.vengo.cloud\/fr-ch\/wp-json\/wp\/v2\/product"}],"about":[{"href":"https:\/\/fh-staging.vengo.cloud\/fr-ch\/wp-json\/wp\/v2\/types\/product"}],"wp:featuredmedia":[{"embeddable":true,"href":"https:\/\/fh-staging.vengo.cloud\/fr-ch\/wp-json\/wp\/v2\/media\/65692"}],"wp:attachment":[{"href":"https:\/\/fh-staging.vengo.cloud\/fr-ch\/wp-json\/wp\/v2\/media?parent=65636"}],"wp:term":[{"taxonomy":"product_brand","embeddable":true,"href":"https:\/\/fh-staging.vengo.cloud\/fr-ch\/wp-json\/wp\/v2\/product_brand?post=65636"},{"taxonomy":"product_cat","embeddable":true,"href":"https:\/\/fh-staging.vengo.cloud\/fr-ch\/wp-json\/wp\/v2\/product_cat?post=65636"},{"taxonomy":"product_tag","embeddable":true,"href":"https:\/\/fh-staging.vengo.cloud\/fr-ch\/wp-json\/wp\/v2\/product_tag?post=65636"},{"taxonomy":"woo-feed-brand","embeddable":true,"href":"https:\/\/fh-staging.vengo.cloud\/fr-ch\/wp-json\/wp\/v2\/woo-feed-brand?post=65636"}],"curies":[{"name":"wp","href":"https:\/\/api.w.org\/{rel}","templated":true}]}}