{"id":65631,"date":"2025-10-13T22:06:53","date_gmt":"2025-10-13T20:06:53","guid":{"rendered":"https:\/\/fh-staging.vengo.cloud\/de-ch\/p\/myrtendraht-silber-0-3mm-10x-rollen"},"modified":"2025-10-22T10:46:15","modified_gmt":"2025-10-22T08:46:15","slug":"fil-de-myrte-argent-0-3mm-10x-rouleaux","status":"publish","type":"product","link":"https:\/\/fh-staging.vengo.cloud\/fr-ch\/p\/myrtendraht-silber-0-3mm-10x-rollen","title":{"rendered":"Myrtendraht &#8218;Silber&#8216; 0.3mm 10x Rollen"},"content":{"rendered":"<p>But d'utilisation :<br \/>\nFil d'attache d\u00e9coratif pour cr\u00e9er, fixer et lier des couronnes, des arrangements et des pi\u00e8ces florales. Particuli\u00e8rement adapt\u00e9 aux occasions festives comme No\u00ebl, les mariages ou les compositions \u00e9l\u00e9gantes.<\/p>\n<p>Caract\u00e9ristiques du produit + avantages :<br \/>\n\u00e9paisseur : 0,3 mm<br \/>\ncouleur : argent<br \/>\nsur rouleau, environ 100 g<br \/>\nflexible et stable<br \/>\nconf\u00e8re aux pi\u00e8ces \u00e0 usiner un brillant noble<br \/>\nId\u00e9al pour lier, d\u00e9corer et faire preuve de cr\u00e9ativit\u00e9<\/p>","protected":false},"excerpt":{"rendered":"<p>Id\u00e9al pour lier, d\u00e9corer et faire preuve de cr\u00e9ativit\u00e9<\/p>","protected":false},"featured_media":65687,"template":"","meta":[],"product_brand":[],"product_cat":[29,23,1178,1194,909,911],"product_tag":[289],"woo-feed-brand":[],"class_list":{"0":"post-65631","1":"product","2":"type-product","3":"status-publish","4":"has-post-thumbnail","6":"product_cat-do-it-yourself","7":"product_cat-home-living","8":"product_cat-diy","9":"product_cat-diy-helfer","10":"product_cat-weihnachten","11":"product_cat-accessoires","12":"product_tag-blumengarten-kung-ag","14":"first","15":"instock","16":"taxable","17":"shipping-taxable","18":"purchasable","19":"product-type-simple"},"_links":{"self":[{"href":"https:\/\/fh-staging.vengo.cloud\/fr-ch\/wp-json\/wp\/v2\/product\/65631","targetHints":{"allow":["GET"]}}],"collection":[{"href":"https:\/\/fh-staging.vengo.cloud\/fr-ch\/wp-json\/wp\/v2\/product"}],"about":[{"href":"https:\/\/fh-staging.vengo.cloud\/fr-ch\/wp-json\/wp\/v2\/types\/product"}],"wp:featuredmedia":[{"embeddable":true,"href":"https:\/\/fh-staging.vengo.cloud\/fr-ch\/wp-json\/wp\/v2\/media\/65687"}],"wp:attachment":[{"href":"https:\/\/fh-staging.vengo.cloud\/fr-ch\/wp-json\/wp\/v2\/media?parent=65631"}],"wp:term":[{"taxonomy":"product_brand","embeddable":true,"href":"https:\/\/fh-staging.vengo.cloud\/fr-ch\/wp-json\/wp\/v2\/product_brand?post=65631"},{"taxonomy":"product_cat","embeddable":true,"href":"https:\/\/fh-staging.vengo.cloud\/fr-ch\/wp-json\/wp\/v2\/product_cat?post=65631"},{"taxonomy":"product_tag","embeddable":true,"href":"https:\/\/fh-staging.vengo.cloud\/fr-ch\/wp-json\/wp\/v2\/product_tag?post=65631"},{"taxonomy":"woo-feed-brand","embeddable":true,"href":"https:\/\/fh-staging.vengo.cloud\/fr-ch\/wp-json\/wp\/v2\/woo-feed-brand?post=65631"}],"curies":[{"name":"wp","href":"https:\/\/api.w.org\/{rel}","templated":true}]}}