{"id":65627,"date":"2025-10-13T22:06:51","date_gmt":"2025-10-13T20:06:51","guid":{"rendered":"https:\/\/fh-staging.vengo.cloud\/de-ch\/p\/wickeldraht-lackiert-0-50mm-x-50m-100gr-auf-holzstab-rosa"},"modified":"2025-12-19T09:24:50","modified_gmt":"2025-12-19T08:24:50","slug":"fil-denroulement-laque-0-50mm-x-50m-100gr-sur-tige-en-bois-rose","status":"publish","type":"product","link":"https:\/\/fh-staging.vengo.cloud\/fr-ch\/p\/wickeldraht-lackiert-0-50mm-x-50m-100gr-auf-holzstab-rosa","title":{"rendered":"Wickeldraht &#8218;lackiert&#8216; 0.50mm x 50m 100gr auf Holzstab rosa"},"content":{"rendered":"<p>Fil Decolack sur tige en bois - 0,50 mm \u00d7 50 m (100 g)<\/p>\n<p>Ce fil d'emballage laqu\u00e9 de haute qualit\u00e9 est enroul\u00e9 sur une solide tige en bois et est id\u00e9al pour les travaux floraux et les d\u00e9corations de toutes sortes.<\/p>\n<p>Gr\u00e2ce \u00e0 son diam\u00e8tre fin de 0,50 mm, le fil se forme et se fixe facilement sans se casser. Le vernis color\u00e9 donne au fil un \u00e9clat d\u00e9coratif tout en le prot\u00e9geant de la corrosion.<\/p>\n<p>Parfait pour :<br \/>\n- Couronnes de l'Avent et de porte<br \/>\n- Arrangements floraux<br \/>\n- Projets de bricolage et DIY<br \/>\n- D\u00e9corations de cadeaux<\/p>\n<p>Caract\u00e9ristiques :<br \/>\n- Diam\u00e8tre : 0,50 mm<br \/>\n- Longueur : 50 m<br \/>\n- Poids : environ 100 g<br \/>\n- Enroul\u00e9 sur une tige en bois<br \/>\n- Disponible en diff\u00e9rentes couleurs<br \/>\n- Surface laqu\u00e9e - antirouille et d\u00e9corative<\/p>","protected":false},"excerpt":{"rendered":"<p>id\u00e9al pour les travaux floraux et les d\u00e9corations de toutes sortes.<\/p>","protected":false},"featured_media":65698,"template":"","meta":[],"product_brand":[],"product_cat":[29,23,1178,1194,909,911],"product_tag":[289],"woo-feed-brand":[],"class_list":{"0":"post-65627","1":"product","2":"type-product","3":"status-publish","4":"has-post-thumbnail","6":"product_cat-do-it-yourself","7":"product_cat-home-living","8":"product_cat-diy","9":"product_cat-diy-helfer","10":"product_cat-weihnachten","11":"product_cat-accessoires","12":"product_tag-blumengarten-kung-ag","14":"first","15":"instock","16":"taxable","17":"shipping-taxable","18":"purchasable","19":"product-type-simple"},"_links":{"self":[{"href":"https:\/\/fh-staging.vengo.cloud\/fr-ch\/wp-json\/wp\/v2\/product\/65627","targetHints":{"allow":["GET"]}}],"collection":[{"href":"https:\/\/fh-staging.vengo.cloud\/fr-ch\/wp-json\/wp\/v2\/product"}],"about":[{"href":"https:\/\/fh-staging.vengo.cloud\/fr-ch\/wp-json\/wp\/v2\/types\/product"}],"wp:featuredmedia":[{"embeddable":true,"href":"https:\/\/fh-staging.vengo.cloud\/fr-ch\/wp-json\/wp\/v2\/media\/65698"}],"wp:attachment":[{"href":"https:\/\/fh-staging.vengo.cloud\/fr-ch\/wp-json\/wp\/v2\/media?parent=65627"}],"wp:term":[{"taxonomy":"product_brand","embeddable":true,"href":"https:\/\/fh-staging.vengo.cloud\/fr-ch\/wp-json\/wp\/v2\/product_brand?post=65627"},{"taxonomy":"product_cat","embeddable":true,"href":"https:\/\/fh-staging.vengo.cloud\/fr-ch\/wp-json\/wp\/v2\/product_cat?post=65627"},{"taxonomy":"product_tag","embeddable":true,"href":"https:\/\/fh-staging.vengo.cloud\/fr-ch\/wp-json\/wp\/v2\/product_tag?post=65627"},{"taxonomy":"woo-feed-brand","embeddable":true,"href":"https:\/\/fh-staging.vengo.cloud\/fr-ch\/wp-json\/wp\/v2\/woo-feed-brand?post=65627"}],"curies":[{"name":"wp","href":"https:\/\/api.w.org\/{rel}","templated":true}]}}