{"id":65626,"date":"2025-10-13T22:06:51","date_gmt":"2025-10-13T20:06:51","guid":{"rendered":"https:\/\/fh-staging.vengo.cloud\/de-ch\/p\/bouillondraht-2mm-2m-silber"},"modified":"2025-12-19T09:24:56","modified_gmt":"2025-12-19T08:24:56","slug":"fil-de-bouillonne-2mm-2m-argente","status":"publish","type":"product","link":"https:\/\/fh-staging.vengo.cloud\/fr-ch\/p\/bouillondraht-2mm-2m-silber","title":{"rendered":"Fil \u00e0 bouillir 2mm - 2m argent"},"content":{"rendered":"<p>Fil Bouillon 2 mm \u00d7 2 m - dor\u00e9 ou argent\u00e9<\/p>\n<p>But d'utilisation :<br \/>\nFil de fer d\u00e9coratif pour une conception cr\u00e9ative dans l'art floral, la d\u00e9coration et les travaux manuels. Id\u00e9al pour d\u00e9corer des compositions florales, des couronnes, des bouquets ou des emballages cadeaux.<\/p>\n<p>Caract\u00e9ristiques du produit + avantages :<br \/>\n- Diam\u00e8tre : 2 mm<br \/>\n- Longueur : 2 m<br \/>\n- Couleurs : or ou argent<br \/>\n- brillant d\u00e9coratif, ind\u00e9formable mais flexible<br \/>\n- facile \u00e0 plier et utilisable plusieurs fois<br \/>\n- donne une touche \u00e9l\u00e9gante aux pi\u00e8ces \u00e0 usiner<\/p>","protected":false},"excerpt":{"rendered":"<p>Id\u00e9al pour d\u00e9corer des compositions florales, des couronnes, des bouquets ou des emballages cadeaux.<\/p>","protected":false},"featured_media":65697,"template":"","meta":[],"product_brand":[],"product_cat":[29,23,1178,1194,909,911],"product_tag":[289],"woo-feed-brand":[],"class_list":{"0":"post-65626","1":"product","2":"type-product","3":"status-publish","4":"has-post-thumbnail","6":"product_cat-do-it-yourself","7":"product_cat-home-living","8":"product_cat-diy","9":"product_cat-diy-helfer","10":"product_cat-weihnachten","11":"product_cat-accessoires","12":"product_tag-blumengarten-kung-ag","14":"first","15":"instock","16":"taxable","17":"shipping-taxable","18":"purchasable","19":"product-type-simple"},"_links":{"self":[{"href":"https:\/\/fh-staging.vengo.cloud\/fr-ch\/wp-json\/wp\/v2\/product\/65626","targetHints":{"allow":["GET"]}}],"collection":[{"href":"https:\/\/fh-staging.vengo.cloud\/fr-ch\/wp-json\/wp\/v2\/product"}],"about":[{"href":"https:\/\/fh-staging.vengo.cloud\/fr-ch\/wp-json\/wp\/v2\/types\/product"}],"wp:featuredmedia":[{"embeddable":true,"href":"https:\/\/fh-staging.vengo.cloud\/fr-ch\/wp-json\/wp\/v2\/media\/65697"}],"wp:attachment":[{"href":"https:\/\/fh-staging.vengo.cloud\/fr-ch\/wp-json\/wp\/v2\/media?parent=65626"}],"wp:term":[{"taxonomy":"product_brand","embeddable":true,"href":"https:\/\/fh-staging.vengo.cloud\/fr-ch\/wp-json\/wp\/v2\/product_brand?post=65626"},{"taxonomy":"product_cat","embeddable":true,"href":"https:\/\/fh-staging.vengo.cloud\/fr-ch\/wp-json\/wp\/v2\/product_cat?post=65626"},{"taxonomy":"product_tag","embeddable":true,"href":"https:\/\/fh-staging.vengo.cloud\/fr-ch\/wp-json\/wp\/v2\/product_tag?post=65626"},{"taxonomy":"woo-feed-brand","embeddable":true,"href":"https:\/\/fh-staging.vengo.cloud\/fr-ch\/wp-json\/wp\/v2\/woo-feed-brand?post=65626"}],"curies":[{"name":"wp","href":"https:\/\/api.w.org\/{rel}","templated":true}]}}