{"id":65602,"date":"2025-10-13T22:06:40","date_gmt":"2025-10-13T20:06:40","guid":{"rendered":"https:\/\/fh-staging.vengo.cloud\/de-ch\/p\/steckdraht-blaugeglueht-2kg-1-2-x-300-mm"},"modified":"2025-12-19T09:20:18","modified_gmt":"2025-12-19T08:20:18","slug":"fil-de-fer-bleui-2kg-1-2-x-300-mm","status":"publish","type":"product","link":"https:\/\/fh-staging.vengo.cloud\/fr-ch\/p\/steckdraht-blaugeglueht-2kg-1-2-x-300-mm","title":{"rendered":"Steckdraht &#8218;blaugegl\u00fcht&#8216; 2kg 1.2 x 300 mm"},"content":{"rendered":"<p>Fil de connexion recuit bleu, 2 pointes<\/p>\n<p>But d'utilisation :<br \/>\nFil de fer robuste pour fixer, stabiliser et relier en art floral, en particulier pour les arrangements, les couronnes et les compositions avec des mat\u00e9riaux lourds.<\/p>\n<p>Caract\u00e9ristiques du produit + avantages :<br \/>\n- recuit bleu pour une r\u00e9sistance et une \u00e9lasticit\u00e9 accrues<br \/>\n- pointu des deux c\u00f4t\u00e9s (2 pointes) pour une insertion facile<br \/>\n- Surface noire-bleut\u00e9e, discr\u00e8te dans la pi\u00e8ce \u00e0 usiner<br \/>\n- polyvalent pour la fleuristerie, la d\u00e9coration et l'artisanat<br \/>\n- grande stabilit\u00e9 et r\u00e9utilisable<\/p>","protected":false},"excerpt":{"rendered":"<p>Fil de fer robuste pour fixer, stabiliser et relier en art floral, en particulier pour les arrangements, les couronnes et les compositions avec des mat\u00e9riaux lourds.<\/p>","protected":false},"featured_media":65670,"template":"","meta":[],"product_brand":[],"product_cat":[29,23,1178,1194,909,911],"product_tag":[289],"woo-feed-brand":[],"class_list":{"0":"post-65602","1":"product","2":"type-product","3":"status-publish","4":"has-post-thumbnail","6":"product_cat-do-it-yourself","7":"product_cat-home-living","8":"product_cat-diy","9":"product_cat-diy-helfer","10":"product_cat-weihnachten","11":"product_cat-accessoires","12":"product_tag-blumengarten-kung-ag","14":"first","15":"instock","16":"taxable","17":"shipping-taxable","18":"purchasable","19":"product-type-simple"},"_links":{"self":[{"href":"https:\/\/fh-staging.vengo.cloud\/fr-ch\/wp-json\/wp\/v2\/product\/65602","targetHints":{"allow":["GET"]}}],"collection":[{"href":"https:\/\/fh-staging.vengo.cloud\/fr-ch\/wp-json\/wp\/v2\/product"}],"about":[{"href":"https:\/\/fh-staging.vengo.cloud\/fr-ch\/wp-json\/wp\/v2\/types\/product"}],"wp:featuredmedia":[{"embeddable":true,"href":"https:\/\/fh-staging.vengo.cloud\/fr-ch\/wp-json\/wp\/v2\/media\/65670"}],"wp:attachment":[{"href":"https:\/\/fh-staging.vengo.cloud\/fr-ch\/wp-json\/wp\/v2\/media?parent=65602"}],"wp:term":[{"taxonomy":"product_brand","embeddable":true,"href":"https:\/\/fh-staging.vengo.cloud\/fr-ch\/wp-json\/wp\/v2\/product_brand?post=65602"},{"taxonomy":"product_cat","embeddable":true,"href":"https:\/\/fh-staging.vengo.cloud\/fr-ch\/wp-json\/wp\/v2\/product_cat?post=65602"},{"taxonomy":"product_tag","embeddable":true,"href":"https:\/\/fh-staging.vengo.cloud\/fr-ch\/wp-json\/wp\/v2\/product_tag?post=65602"},{"taxonomy":"woo-feed-brand","embeddable":true,"href":"https:\/\/fh-staging.vengo.cloud\/fr-ch\/wp-json\/wp\/v2\/woo-feed-brand?post=65602"}],"curies":[{"name":"wp","href":"https:\/\/api.w.org\/{rel}","templated":true}]}}